{"id":1625,"date":"2020-08-19T17:06:29","date_gmt":"2020-08-19T10:06:29","guid":{"rendered":"http:\/\/sci.edu.vn\/?page_id=1625"},"modified":"2024-12-19T01:31:38","modified_gmt":"2024-12-18T18:31:38","slug":"laba","status":"publish","type":"page","link":"https:\/\/sci.edu.vn\/home\/don-vi\/laba\/","title":{"rendered":"Ph\u00f2ng th\u1eed nghi\u1ec7m \u0110\u00e1nh gi\u00e1 ho\u1ea1t t\u00ednh sinh h\u1ecdc (LABA)"},"content":{"rendered":"\n<div class=\"wp-block-group alignwide has-global-padding is-layout-constrained wp-block-group-is-layout-constrained\">\n<div class=\"wp-block-group alignwide has-global-padding is-layout-constrained wp-block-group-is-layout-constrained\">\n<div class=\"wp-block-group alignwide is-content-justification-center is-layout-flex wp-container-core-group-is-layout-b02886af wp-block-group-is-layout-flex\">\n<figure data-wp-context=\"{&quot;imageId&quot;:&quot;6a06fee79e98d&quot;}\" data-wp-interactive=\"core\/image\" data-wp-key=\"6a06fee79e98d\" class=\"wp-block-image aligncenter size-full is-resized wp-lightbox-container\"><img loading=\"lazy\" decoding=\"async\" width=\"11179\" height=\"11812\" data-wp-class--hide=\"state.isContentHidden\" data-wp-class--show=\"state.isContentVisible\" data-wp-init=\"callbacks.setButtonStyles\" data-wp-on--click=\"actions.showLightbox\" data-wp-on--load=\"callbacks.setButtonStyles\" data-wp-on-window--resize=\"callbacks.setButtonStyles\" src=\"https:\/\/sci.edu.vn\/home\/wp-content\/uploads\/2020\/08\/laba.png\" alt=\"\" class=\"wp-image-1363\" style=\"width:256px\" srcset=\"https:\/\/sci.edu.vn\/home\/wp-content\/uploads\/2020\/08\/laba.png 11179w, https:\/\/sci.edu.vn\/home\/wp-content\/uploads\/2020\/08\/laba-284x300.png 284w, https:\/\/sci.edu.vn\/home\/wp-content\/uploads\/2020\/08\/laba-969x1024.png 969w, https:\/\/sci.edu.vn\/home\/wp-content\/uploads\/2020\/08\/laba-768x811.png 768w, https:\/\/sci.edu.vn\/home\/wp-content\/uploads\/2020\/08\/laba-1454x1536.png 1454w, https:\/\/sci.edu.vn\/home\/wp-content\/uploads\/2020\/08\/laba-1938x2048.png 1938w\" sizes=\"auto, (max-width: 11179px) 100vw, 11179px\" \/><button\n\t\t\tclass=\"lightbox-trigger\"\n\t\t\ttype=\"button\"\n\t\t\taria-haspopup=\"dialog\"\n\t\t\taria-label=\"Enlarge\"\n\t\t\tdata-wp-init=\"callbacks.initTriggerButton\"\n\t\t\tdata-wp-on--click=\"actions.showLightbox\"\n\t\t\tdata-wp-style--right=\"state.imageButtonRight\"\n\t\t\tdata-wp-style--top=\"state.imageButtonTop\"\n\t\t>\n\t\t\t<svg xmlns=\"http:\/\/www.w3.org\/2000\/svg\" width=\"12\" height=\"12\" fill=\"none\" viewBox=\"0 0 12 12\">\n\t\t\t\t<path fill=\"#fff\" d=\"M2 0a2 2 0 0 0-2 2v2h1.5V2a.5.5 0 0 1 .5-.5h2V0H2Zm2 10.5H2a.5.5 0 0 1-.5-.5V8H0v2a2 2 0 0 0 2 2h2v-1.5ZM8 12v-1.5h2a.5.5 0 0 0 .5-.5V8H12v2a2 2 0 0 1-2 2H8Zm2-12a2 2 0 0 1 2 2v2h-1.5V2a.5.5 0 0 0-.5-.5H8V0h2Z\" \/>\n\t\t\t<\/svg>\n\t\t<\/button><\/figure>\n\n\n\n<div class=\"wp-block-group alignwide is-vertical is-layout-flex wp-container-core-group-is-layout-fe9cc265 wp-block-group-is-layout-flex\">\n<h2 class=\"wp-block-heading\">Ph\u00f2ng th\u1eed nghi\u1ec7m \u0110\u00e1nh gi\u00e1 ho\u1ea1t t\u00ednh sinh h\u1ecdc<\/h2>\n\n\n\n<h2 class=\"wp-block-heading alignwide has-text-align-center\">Laboratory for Assessment of Biological Activity (LABA)<\/h2>\n<\/div>\n<\/div>\n\n\n\n<hr class=\"wp-block-separator has-alpha-channel-opacity\" style=\"margin-top:var(--wp--preset--spacing--50);margin-bottom:var(--wp--preset--spacing--50)\"\/>\n\n\n\n<div class=\"wp-block-group alignwide is-content-justification-center is-layout-flex wp-container-core-group-is-layout-b02886af wp-block-group-is-layout-flex\">\n<p class=\"has-luminous-vivid-amber-background-color has-background wp-container-content-be6322b1\" style=\"border-radius:1rem\">Brochure d\u1ecbch v\u1ee5 \u0111\u00e1nh gi\u00e1 ho\u1ea1t t\u00ednh sinh h\u1ecdc l\u00ean t\u1ebf b\u00e0o ng\u01b0\u1eddi v\u00e0 \u0111\u1ed9ng v\u1eadt<\/p>\n\n\n\n<div class=\"wp-block-buttons is-layout-flex wp-block-buttons-is-layout-flex\">\n<div class=\"wp-block-button\"><a class=\"wp-block-button__link has-midnight-gradient-background has-background wp-element-button\" href=\"https:\/\/sci.edu.vn\/home\/wp-content\/uploads\/2020\/08\/Sang-loc-hoat-tinh-sinh-hoc.pdf\"> <strong>T\u1ea2I NGAY <\/strong><\/a><\/div>\n<\/div>\n<\/div>\n<\/div>\n<\/div>\n","protected":false},"excerpt":{"rendered":"<p>Ph\u00f2ng th\u1eed nghi\u1ec7m \u0110\u00e1nh gi\u00e1 ho\u1ea1t t\u00ednh sinh h\u1ecdc Laboratory for Assessment of Biological Activity (LABA) Brochure d\u1ecbch v\u1ee5 \u0111\u00e1nh gi\u00e1 ho\u1ea1t t\u00ednh sinh h\u1ecdc l\u00ean t\u1ebf b\u00e0o ng\u01b0\u1eddi v\u00e0 \u0111\u1ed9ng v\u1eadt<\/p>\n","protected":false},"author":291,"featured_media":0,"parent":4199,"menu_order":0,"comment_status":"closed","ping_status":"closed","template":"full-width","meta":{"advanced_seo_description":"","jetpack_seo_html_title":"","jetpack_seo_noindex":false,"footnotes":""},"class_list":["post-1625","page","type-page","status-publish","hentry"],"jetpack_sharing_enabled":true,"_links":{"self":[{"href":"https:\/\/sci.edu.vn\/home\/wp-json\/wp\/v2\/pages\/1625","targetHints":{"allow":["GET"]}}],"collection":[{"href":"https:\/\/sci.edu.vn\/home\/wp-json\/wp\/v2\/pages"}],"about":[{"href":"https:\/\/sci.edu.vn\/home\/wp-json\/wp\/v2\/types\/page"}],"author":[{"embeddable":true,"href":"https:\/\/sci.edu.vn\/home\/wp-json\/wp\/v2\/users\/291"}],"replies":[{"embeddable":true,"href":"https:\/\/sci.edu.vn\/home\/wp-json\/wp\/v2\/comments?post=1625"}],"version-history":[{"count":13,"href":"https:\/\/sci.edu.vn\/home\/wp-json\/wp\/v2\/pages\/1625\/revisions"}],"predecessor-version":[{"id":4801,"href":"https:\/\/sci.edu.vn\/home\/wp-json\/wp\/v2\/pages\/1625\/revisions\/4801"}],"up":[{"embeddable":true,"href":"https:\/\/sci.edu.vn\/home\/wp-json\/wp\/v2\/pages\/4199"}],"wp:attachment":[{"href":"https:\/\/sci.edu.vn\/home\/wp-json\/wp\/v2\/media?parent=1625"}],"curies":[{"name":"wp","href":"https:\/\/api.w.org\/{rel}","templated":true}]}}