{"id":1627,"date":"2020-08-19T17:06:58","date_gmt":"2020-08-19T10:06:58","guid":{"rendered":"http:\/\/sci.edu.vn\/?page_id=1627"},"modified":"2024-12-19T01:32:29","modified_gmt":"2024-12-18T18:32:29","slug":"lacu","status":"publish","type":"page","link":"https:\/\/sci.edu.vn\/home\/don-vi\/lacu\/","title":{"rendered":"Ph\u00f2ng th\u00ed nghi\u1ec7m Ch\u0103m s\u00f3c v\u00e0 S\u1eed d\u1ee5ng \u0111\u1ed9ng v\u1eadt (LACU)"},"content":{"rendered":"\n<div class=\"wp-block-group alignwide has-global-padding is-layout-constrained wp-block-group-is-layout-constrained\">\n<div class=\"wp-block-group alignwide has-global-padding is-layout-constrained wp-block-group-is-layout-constrained\">\n<div class=\"wp-block-group alignwide is-content-justification-center is-layout-flex wp-container-core-group-is-layout-b02886af wp-block-group-is-layout-flex\">\n<figure data-wp-context=\"{&quot;imageId&quot;:&quot;69f4662661418&quot;}\" data-wp-interactive=\"core\/image\" data-wp-key=\"69f4662661418\" class=\"wp-block-image size-large is-resized wp-lightbox-container\"><img loading=\"lazy\" decoding=\"async\" width=\"1024\" height=\"1020\" data-wp-class--hide=\"state.isContentHidden\" data-wp-class--show=\"state.isContentVisible\" data-wp-init=\"callbacks.setButtonStyles\" data-wp-on--click=\"actions.showLightbox\" data-wp-on--load=\"callbacks.setButtonStyles\" data-wp-on-window--resize=\"callbacks.setButtonStyles\" src=\"https:\/\/sci.edu.vn\/home\/wp-content\/uploads\/2020\/08\/Artboard-1-2-1024x1020.png\" alt=\"\" class=\"wp-image-1370\" style=\"width:256px\" srcset=\"https:\/\/sci.edu.vn\/home\/wp-content\/uploads\/2020\/08\/Artboard-1-2-1024x1020.png 1024w, https:\/\/sci.edu.vn\/home\/wp-content\/uploads\/2020\/08\/Artboard-1-2-300x300.png 300w, https:\/\/sci.edu.vn\/home\/wp-content\/uploads\/2020\/08\/Artboard-1-2-150x150.png 150w, https:\/\/sci.edu.vn\/home\/wp-content\/uploads\/2020\/08\/Artboard-1-2-768x765.png 768w, https:\/\/sci.edu.vn\/home\/wp-content\/uploads\/2020\/08\/Artboard-1-2-1536x1530.png 1536w, https:\/\/sci.edu.vn\/home\/wp-content\/uploads\/2020\/08\/Artboard-1-2.png 1978w\" sizes=\"auto, (max-width: 1024px) 100vw, 1024px\" \/><button\n\t\t\tclass=\"lightbox-trigger\"\n\t\t\ttype=\"button\"\n\t\t\taria-haspopup=\"dialog\"\n\t\t\taria-label=\"Enlarge\"\n\t\t\tdata-wp-init=\"callbacks.initTriggerButton\"\n\t\t\tdata-wp-on--click=\"actions.showLightbox\"\n\t\t\tdata-wp-style--right=\"state.imageButtonRight\"\n\t\t\tdata-wp-style--top=\"state.imageButtonTop\"\n\t\t>\n\t\t\t<svg xmlns=\"http:\/\/www.w3.org\/2000\/svg\" width=\"12\" height=\"12\" fill=\"none\" viewBox=\"0 0 12 12\">\n\t\t\t\t<path fill=\"#fff\" d=\"M2 0a2 2 0 0 0-2 2v2h1.5V2a.5.5 0 0 1 .5-.5h2V0H2Zm2 10.5H2a.5.5 0 0 1-.5-.5V8H0v2a2 2 0 0 0 2 2h2v-1.5ZM8 12v-1.5h2a.5.5 0 0 0 .5-.5V8H12v2a2 2 0 0 1-2 2H8Zm2-12a2 2 0 0 1 2 2v2h-1.5V2a.5.5 0 0 0-.5-.5H8V0h2Z\" \/>\n\t\t\t<\/svg>\n\t\t<\/button><\/figure>\n\n\n\n<div class=\"wp-block-group is-vertical is-layout-flex wp-container-core-group-is-layout-fe9cc265 wp-block-group-is-layout-flex\">\n<h2 class=\"wp-block-heading\">Ph\u00f2ng th\u00ed nghi\u1ec7m Ch\u0103m s\u00f3c v\u00e0 S\u1eed d\u1ee5ng \u0111\u1ed9ng v\u1eadt<\/h2>\n\n\n\n<h2 class=\"wp-block-heading is-style-text-subtitle is-style-text-subtitle--1\">Laboratory for Animal Care and Use (LACU)<\/h2>\n<\/div>\n<\/div>\n\n\n\n<hr class=\"wp-block-separator has-alpha-channel-opacity\" style=\"margin-top:var(--wp--preset--spacing--50);margin-bottom:var(--wp--preset--spacing--50)\"\/>\n\n\n\n<div class=\"wp-block-columns alignwide is-layout-flex wp-container-core-columns-is-layout-28f84493 wp-block-columns-is-layout-flex\">\n<div class=\"wp-block-column has-background is-layout-flow wp-block-column-is-layout-flow\" style=\"border-radius:1rem;background-color:#f25e300f;padding-top:var(--wp--preset--spacing--30);padding-right:var(--wp--preset--spacing--30);padding-bottom:var(--wp--preset--spacing--30);padding-left:var(--wp--preset--spacing--30)\">\n<div class=\"wp-block-group has-global-padding is-layout-constrained wp-block-group-is-layout-constrained\">\n<h2 class=\"wp-block-heading has-text-align-center\">T\u1ea7m nh\u00ecn &amp; s\u1ee9 m\u1ea1ng<\/h2>\n\n\n\n<p>Ph\u00f2ng th\u00ed nghi\u1ec7m Ch\u0103m s\u00f3c v\u00e0 S\u1eed d\u1ee5ng \u0111\u1ed9ng v\u1eadt \u2013 Vi\u1ec7n T\u1ebf b\u00e0o g\u1ed1c \u0111\u1ecbnh h\u01b0\u1edbng tr\u1edf th\u00e0nh ph\u00f2ng th\u00ed nghi\u1ec7m chuy\u00ean s\u00e2u v\u1ec1 \u0111\u1ed9ng v\u1eadt, c\u00f3 quy m\u00f4 ho\u00e0n ch\u1ec9nh v\u00e0 ph\u1ee5c v\u1ee5 cho c\u00e1c nghi\u00ean c\u1ee9u c\u1eadn l\u00e2m s\u00e0ng tr\u00ean \u0111\u1ed9ng v\u1eadt.<\/p>\n\n\n\n<p>PTN Ch\u0103m s\u00f3c v\u00e0 s\u1eed d\u1ee5ng \u0111\u1ed9ng v\u1eadt c\u00f3 s\u1ee9 m\u1ea1ng l\u00e0 trung t\u00e2m l\u01b0u tr\u1eef gi\u1ed1ng v\u00e0 cung \u1ee9ng c\u00e1c \u0111\u1ed9ng v\u1eadt th\u00ed nghi\u1ec7m c\u00f3 gi\u00e1 tr\u1ecb khoa h\u1ecdc cao; l\u00e0 n\u01a1i th\u1ef1c hi\u1ec7n c\u00e1c nghi\u00ean c\u1ee9u khoa h\u1ecdc \u0111\u1ec9nh cao tr\u00ean \u0111\u1ed9ng v\u1eadt, ph\u1ee5c v\u1ee5 c\u00e1c nghi\u00ean c\u1ee9u c\u1eadn l\u00e2m s\u00e0ng \u0111\u01b0\u1ee3c tri\u1ec3n khai trong v\u00e0 ngo\u00e0i Vi\u1ec7n.<\/p>\n<\/div>\n<\/div>\n\n\n\n<div class=\"wp-block-column has-background is-layout-flow wp-block-column-is-layout-flow\" style=\"border-radius:1rem;background-color:#00a9ff0f;padding-top:var(--wp--preset--spacing--30);padding-right:var(--wp--preset--spacing--30);padding-bottom:var(--wp--preset--spacing--30);padding-left:var(--wp--preset--spacing--30)\">\n<div class=\"wp-block-group has-global-padding is-layout-constrained wp-block-group-is-layout-constrained\">\n<h2 class=\"wp-block-heading has-text-align-center\">M\u1ee5c ti\u00eau<\/h2>\n\n\n\n<p>X\u00e2y d\u1ef1ng v\u00e0 v\u1eadn h\u00e0nh ph\u00f2ng th\u00ed nghi\u1ec7m \u0111\u1ea1t c\u00e1c y\u00eau c\u1ea7u cho th\u1eed nghi\u1ec7m c\u1eadn l\u00e2m s\u00e0ng X\u00e2y d\u1ef1ng v\u00e0 duy tr\u00ec ngu\u1ed3n gi\u1ed1ng \u0111\u1ed9ng v\u1eadt \u0111\u1ea1t ti\u00eau chu\u1ea9n cho th\u00ed nghi\u1ec7m X\u00e2y d\u1ef1ng h\u1ed9i \u0111\u1ed3ng \u0111\u1ea1o \u0111\u1ee9c y sinh v\u00e0 b\u1ed9 h\u01b0\u1edbng d\u1eabn thao t\u00e1c \u0111\u1ed9ng v\u1eadt l\u00e0m l\u00e0m ti\u00eau chu\u1ea9n h\u01b0\u1edbng d\u1eabn v\u00e0 x\u00e9t duy\u1ec7t c\u00e1c \u0111\u1ec1 t\u00e0i tr\u00ean \u0111\u1ed9ng v\u1eadt Cung \u1ee9ng \u0111\u1ed9ng v\u1eadt \u0111\u1ea1t ti\u00eau chu\u1ea9n cao v\u00e0 th\u1ef1c hi\u1ec7n d\u1ecbch v\u1ee5 chuy\u00ean s\u00e2u tr\u00ean \u0111\u1ed9ng v\u1eadt.<\/p>\n<\/div>\n<\/div>\n<\/div>\n\n\n\n<figure data-wp-context=\"{&quot;imageId&quot;:&quot;69f46626657e1&quot;}\" data-wp-interactive=\"core\/image\" data-wp-key=\"69f46626657e1\" class=\"wp-block-image size-large has-custom-border is-style-default wp-lightbox-container\"><img loading=\"lazy\" decoding=\"async\" width=\"1024\" height=\"576\" data-wp-class--hide=\"state.isContentHidden\" data-wp-class--show=\"state.isContentVisible\" data-wp-init=\"callbacks.setButtonStyles\" data-wp-on--click=\"actions.showLightbox\" data-wp-on--load=\"callbacks.setButtonStyles\" data-wp-on-window--resize=\"callbacks.setButtonStyles\" src=\"https:\/\/sci.edu.vn\/home\/wp-content\/uploads\/2021\/12\/Artboard-5-1024x576.png\" alt=\"\" class=\"wp-image-2052\" style=\"border-radius:1rem\" srcset=\"https:\/\/sci.edu.vn\/home\/wp-content\/uploads\/2021\/12\/Artboard-5-1024x576.png 1024w, https:\/\/sci.edu.vn\/home\/wp-content\/uploads\/2021\/12\/Artboard-5-300x169.png 300w, https:\/\/sci.edu.vn\/home\/wp-content\/uploads\/2021\/12\/Artboard-5-768x432.png 768w, https:\/\/sci.edu.vn\/home\/wp-content\/uploads\/2021\/12\/Artboard-5-1536x864.png 1536w, https:\/\/sci.edu.vn\/home\/wp-content\/uploads\/2021\/12\/Artboard-5-2048x1151.png 2048w, https:\/\/sci.edu.vn\/home\/wp-content\/uploads\/2021\/12\/Artboard-5-480x270.png 480w\" sizes=\"auto, (max-width: 1024px) 100vw, 1024px\" \/><button\n\t\t\tclass=\"lightbox-trigger\"\n\t\t\ttype=\"button\"\n\t\t\taria-haspopup=\"dialog\"\n\t\t\taria-label=\"Enlarge\"\n\t\t\tdata-wp-init=\"callbacks.initTriggerButton\"\n\t\t\tdata-wp-on--click=\"actions.showLightbox\"\n\t\t\tdata-wp-style--right=\"state.imageButtonRight\"\n\t\t\tdata-wp-style--top=\"state.imageButtonTop\"\n\t\t>\n\t\t\t<svg xmlns=\"http:\/\/www.w3.org\/2000\/svg\" width=\"12\" height=\"12\" fill=\"none\" viewBox=\"0 0 12 12\">\n\t\t\t\t<path fill=\"#fff\" d=\"M2 0a2 2 0 0 0-2 2v2h1.5V2a.5.5 0 0 1 .5-.5h2V0H2Zm2 10.5H2a.5.5 0 0 1-.5-.5V8H0v2a2 2 0 0 0 2 2h2v-1.5ZM8 12v-1.5h2a.5.5 0 0 0 .5-.5V8H12v2a2 2 0 0 1-2 2H8Zm2-12a2 2 0 0 1 2 2v2h-1.5V2a.5.5 0 0 0-.5-.5H8V0h2Z\" \/>\n\t\t\t<\/svg>\n\t\t<\/button><\/figure>\n\n\n\n<p>Trong n\u0103m 2021, c\u00f3 tr\u00ean 19 \u0111\u01a1n v\u1ecb li\u00ean h\u1ec7 c\u00f4ng t\u00e1c v\u00e0 mua gi\u1ed1ng \u0111\u1ed9ng v\u1eadt tr\u00ean kh\u1eafp c\u1ea3 n\u01b0\u1edbc. Trong \u0111\u00f3 c\u00f3 c\u00e1c \u0111\u1ed1i t\u00e1c quan tr\u1ecdng nh\u01b0: Vi\u1ec7n V\u1ec7 sinh an to\u00e0n th\u1ef1c ph\u1ea9m (H\u00e0 N\u1ed9i), C\u00f4ng ty Nanogen, C\u00f4ng ty Th\u1eed nghi\u1ec7m v\u00e0 ph\u00e2n t\u00edch C\u00f4ng ngh\u1ec7 Cao. Ngo\u00e0i ra c\u00f2n c\u00f3 nhi\u1ec1u c\u00f4ng ty v\u00e0 \u0111\u01a1n v\u1ecb kh\u00e1c nh\u01b0: \u0110\u1ea1i h\u1ecdc C\u00f4ng ngh\u1ec7 th\u1ef1c ph\u1ea9m, Vi\u1ec7n Sinh h\u1ecdc nhi\u1ec7t \u0111\u1edbi, C\u00f4ng ty BCE, C\u00f4ng ty LifeScience, C\u00e1c Lab c\u1ee7a \u0110H Khoa h\u1ecdc T\u1ef1 nhi\u00ean (GMIF, CBB, SCL\u2026)\u2026<\/p>\n<\/div>\n<\/div>\n","protected":false},"excerpt":{"rendered":"<p>Ph\u00f2ng th\u00ed nghi\u1ec7m Ch\u0103m s\u00f3c v\u00e0 S\u1eed d\u1ee5ng \u0111\u1ed9ng v\u1eadt Laboratory for Animal Care and Use (LACU) T\u1ea7m nh\u00ecn &amp; s\u1ee9 m\u1ea1ng Ph\u00f2ng th\u00ed nghi\u1ec7m Ch\u0103m s\u00f3c v\u00e0 S\u1eed d\u1ee5ng \u0111\u1ed9ng v\u1eadt \u2013 Vi\u1ec7n T\u1ebf b\u00e0o g\u1ed1c \u0111\u1ecbnh h\u01b0\u1edbng tr\u1edf th\u00e0nh ph\u00f2ng th\u00ed nghi\u1ec7m chuy\u00ean s\u00e2u v\u1ec1 \u0111\u1ed9ng v\u1eadt, c\u00f3 quy m\u00f4 ho\u00e0n ch\u1ec9nh v\u00e0 [&hellip;]<\/p>\n","protected":false},"author":291,"featured_media":0,"parent":4199,"menu_order":0,"comment_status":"closed","ping_status":"closed","template":"full-width","meta":{"advanced_seo_description":"","jetpack_seo_html_title":"","jetpack_seo_noindex":false,"footnotes":""},"class_list":["post-1627","page","type-page","status-publish","hentry"],"jetpack_sharing_enabled":true,"_links":{"self":[{"href":"https:\/\/sci.edu.vn\/home\/wp-json\/wp\/v2\/pages\/1627","targetHints":{"allow":["GET"]}}],"collection":[{"href":"https:\/\/sci.edu.vn\/home\/wp-json\/wp\/v2\/pages"}],"about":[{"href":"https:\/\/sci.edu.vn\/home\/wp-json\/wp\/v2\/types\/page"}],"author":[{"embeddable":true,"href":"https:\/\/sci.edu.vn\/home\/wp-json\/wp\/v2\/users\/291"}],"replies":[{"embeddable":true,"href":"https:\/\/sci.edu.vn\/home\/wp-json\/wp\/v2\/comments?post=1627"}],"version-history":[{"count":12,"href":"https:\/\/sci.edu.vn\/home\/wp-json\/wp\/v2\/pages\/1627\/revisions"}],"predecessor-version":[{"id":4803,"href":"https:\/\/sci.edu.vn\/home\/wp-json\/wp\/v2\/pages\/1627\/revisions\/4803"}],"up":[{"embeddable":true,"href":"https:\/\/sci.edu.vn\/home\/wp-json\/wp\/v2\/pages\/4199"}],"wp:attachment":[{"href":"https:\/\/sci.edu.vn\/home\/wp-json\/wp\/v2\/media?parent=1627"}],"curies":[{"name":"wp","href":"https:\/\/api.w.org\/{rel}","templated":true}]}}