{"id":187,"date":"2016-02-09T15:05:17","date_gmt":"2016-02-09T15:05:17","guid":{"rendered":"http:\/\/new.vientebaogoc.edu.vn\/?page_id=187"},"modified":"2024-11-21T16:36:39","modified_gmt":"2024-11-21T09:36:39","slug":"ve-chung-toi","status":"publish","type":"page","link":"https:\/\/sci.edu.vn\/home\/ve-chung-toi\/","title":{"rendered":"V\u1ec1 ch\u00fang t\u00f4i"},"content":{"rendered":"\n<div class=\"wp-block-group has-global-padding is-layout-constrained wp-block-group-is-layout-constrained\">\n<div class=\"wp-block-group has-global-padding is-layout-constrained wp-block-group-is-layout-constrained\">\n<div class=\"wp-block-buttons is-vertical is-content-justification-center is-layout-flex wp-container-core-buttons-is-layout-ce155fab wp-block-buttons-is-layout-flex\">\n<div class=\"wp-block-button has-custom-width wp-block-button__width-100 is-style-fill\"><a class=\"wp-block-button__link wp-element-button\" href=\"https:\/\/sci.edu.vn\/home\/ve-chung-toi\/chung-toi-la-ai\/\">Ch\u00fang t\u00f4i l\u00e0 ai?<\/a><\/div>\n\n\n\n<div class=\"wp-block-button has-custom-width wp-block-button__width-100\"><a class=\"wp-block-button__link wp-element-button\" href=\"https:\/\/sci.edu.vn\/home\/ve-chung-toi\/thong-diep-cua-vien-truong\/\">Th\u00f4ng \u0111i\u1ec7p c\u1ee7a Vi\u1ec7n tr\u01b0\u1edfng<\/a><\/div>\n\n\n\n<div class=\"wp-block-button has-custom-width wp-block-button__width-100\"><a class=\"wp-block-button__link wp-element-button\" href=\"https:\/\/sci.edu.vn\/home\/ve-chung-toi\/muc-tieu-su-mang\/\">M\u1ee5c ti\u00eau &amp; S\u1ee9 m\u1ea1ng<\/a><\/div>\n\n\n\n<div class=\"wp-block-button has-custom-width wp-block-button__width-100\"><a class=\"wp-block-button__link wp-element-button\" href=\"https:\/\/sci.edu.vn\/home\/ve-chung-toi\/goc-truyen-thong\/\">G\u00f3c truy\u1ec1n th\u1ed1ng<\/a><\/div>\n\n\n\n<div class=\"wp-block-button has-custom-width wp-block-button__width-100\"><a class=\"wp-block-button__link wp-element-button\" href=\"https:\/\/sci.edu.vn\/home\/ve-chung-toi\/cac-hoi-dong\/\">C\u00e1c h\u1ed9i \u0111\u1ed3ng<\/a><\/div>\n\n\n\n<div class=\"wp-block-button has-custom-width wp-block-button__width-100\"><a class=\"wp-block-button__link wp-element-button\" href=\"https:\/\/sci.edu.vn\/home\/ve-chung-toi\/phong-ban-truc-thuoc\/\">Ph\u00f2ng ban tr\u1ef1c thu\u1ed9c<\/a><\/div>\n\n\n\n<div class=\"wp-block-button has-custom-width wp-block-button__width-100\"><a class=\"wp-block-button__link wp-element-button\" href=\"https:\/\/sci.edu.vn\/home\/ve-chung-toi\/doi-ngu\/\">\u0110\u1ed9i ng\u0169<\/a><\/div>\n\n\n\n<div class=\"wp-block-button has-custom-width wp-block-button__width-100\"><a class=\"wp-block-button__link wp-element-button\" href=\"https:\/\/sci.edu.vn\/home\/ve-chung-toi\/alumni\/\">Alumni<\/a><\/div>\n\n\n\n<div class=\"wp-block-button has-custom-width wp-block-button__width-100\"><a class=\"wp-block-button__link wp-element-button\" href=\"https:\/\/sci.edu.vn\/home\/ve-chung-toi\/faq\/\">FAQ<\/a><\/div>\n\n\n\n<div class=\"wp-block-button has-custom-width wp-block-button__width-100\"><a class=\"wp-block-button__link wp-element-button\" href=\"https:\/\/sci.edu.vn\/home\/ve-chung-toi\/work-with-us\/\">Work with Us<\/a><\/div>\n\n\n\n<div class=\"wp-block-button has-custom-width wp-block-button__width-100\"><a class=\"wp-block-button__link wp-element-button\" href=\"https:\/\/sci.edu.vn\/home\/ve-chung-toi\/lien-he\/\">Li\u00ean h\u1ec7<\/a><\/div>\n<\/div>\n<\/div>\n<\/div>\n","protected":false},"excerpt":{"rendered":"","protected":false},"author":1,"featured_media":0,"parent":0,"menu_order":0,"comment_status":"closed","ping_status":"closed","template":"full-width","meta":{"advanced_seo_description":"","jetpack_seo_html_title":"","jetpack_seo_noindex":false,"footnotes":""},"class_list":["post-187","page","type-page","status-publish","hentry"],"jetpack_sharing_enabled":true,"_links":{"self":[{"href":"https:\/\/sci.edu.vn\/home\/wp-json\/wp\/v2\/pages\/187","targetHints":{"allow":["GET"]}}],"collection":[{"href":"https:\/\/sci.edu.vn\/home\/wp-json\/wp\/v2\/pages"}],"about":[{"href":"https:\/\/sci.edu.vn\/home\/wp-json\/wp\/v2\/types\/page"}],"author":[{"embeddable":true,"href":"https:\/\/sci.edu.vn\/home\/wp-json\/wp\/v2\/users\/1"}],"replies":[{"embeddable":true,"href":"https:\/\/sci.edu.vn\/home\/wp-json\/wp\/v2\/comments?post=187"}],"version-history":[{"count":10,"href":"https:\/\/sci.edu.vn\/home\/wp-json\/wp\/v2\/pages\/187\/revisions"}],"predecessor-version":[{"id":4363,"href":"https:\/\/sci.edu.vn\/home\/wp-json\/wp\/v2\/pages\/187\/revisions\/4363"}],"wp:attachment":[{"href":"https:\/\/sci.edu.vn\/home\/wp-json\/wp\/v2\/media?parent=187"}],"curies":[{"name":"wp","href":"https:\/\/api.w.org\/{rel}","templated":true}]}}