{"id":2084,"date":"2021-12-24T09:47:42","date_gmt":"2021-12-24T02:47:42","guid":{"rendered":"http:\/\/sci.edu.vn\/?page_id=2084"},"modified":"2024-12-19T01:31:18","modified_gmt":"2024-12-18T18:31:18","slug":"css","status":"publish","type":"page","link":"https:\/\/sci.edu.vn\/home\/don-vi\/css\/","title":{"rendered":"Trung t\u00e2m D\u1ecbch v\u1ee5 Khoa h\u1ecdc v\u00e0 K\u0129 thu\u1eadt (CSS)"},"content":{"rendered":"\n<div class=\"wp-block-group alignwide has-global-padding is-layout-constrained wp-block-group-is-layout-constrained\">\n<div class=\"wp-block-group alignwide has-global-padding is-layout-constrained wp-block-group-is-layout-constrained\">\n<div class=\"wp-block-group alignwide is-content-justification-center is-layout-flex wp-container-core-group-is-layout-b02886af wp-block-group-is-layout-flex\">\n<figure data-wp-context=\"{&quot;imageId&quot;:&quot;69f053605f4e4&quot;}\" data-wp-interactive=\"core\/image\" data-wp-key=\"69f053605f4e4\" class=\"wp-block-image size-large is-resized wp-lightbox-container\"><img loading=\"lazy\" decoding=\"async\" width=\"996\" height=\"1024\" data-wp-class--hide=\"state.isContentHidden\" data-wp-class--show=\"state.isContentVisible\" data-wp-init=\"callbacks.setButtonStyles\" data-wp-on--click=\"actions.showLightbox\" data-wp-on--load=\"callbacks.setButtonStyles\" data-wp-on-window--resize=\"callbacks.setButtonStyles\" src=\"https:\/\/sci.edu.vn\/home\/wp-content\/uploads\/2021\/12\/CSS-996x1024.png\" alt=\"Logo c\u1ee7a Trung t\u00e2m D\u1ecbch v\u1ee5 Khoa h\u1ecdc v\u00e0 K\u0129 thu\u1eadt (CSS)\" class=\"wp-image-2058\" style=\"width:256px\" srcset=\"https:\/\/sci.edu.vn\/home\/wp-content\/uploads\/2021\/12\/CSS-996x1024.png 996w, https:\/\/sci.edu.vn\/home\/wp-content\/uploads\/2021\/12\/CSS-292x300.png 292w, https:\/\/sci.edu.vn\/home\/wp-content\/uploads\/2021\/12\/CSS-768x790.png 768w, https:\/\/sci.edu.vn\/home\/wp-content\/uploads\/2021\/12\/CSS-1493x1536.png 1493w, https:\/\/sci.edu.vn\/home\/wp-content\/uploads\/2021\/12\/CSS-1991x2048.png 1991w\" sizes=\"auto, (max-width: 996px) 100vw, 996px\" \/><button\n\t\t\tclass=\"lightbox-trigger\"\n\t\t\ttype=\"button\"\n\t\t\taria-haspopup=\"dialog\"\n\t\t\taria-label=\"Enlarge\"\n\t\t\tdata-wp-init=\"callbacks.initTriggerButton\"\n\t\t\tdata-wp-on--click=\"actions.showLightbox\"\n\t\t\tdata-wp-style--right=\"state.imageButtonRight\"\n\t\t\tdata-wp-style--top=\"state.imageButtonTop\"\n\t\t>\n\t\t\t<svg xmlns=\"http:\/\/www.w3.org\/2000\/svg\" width=\"12\" height=\"12\" fill=\"none\" viewBox=\"0 0 12 12\">\n\t\t\t\t<path fill=\"#fff\" d=\"M2 0a2 2 0 0 0-2 2v2h1.5V2a.5.5 0 0 1 .5-.5h2V0H2Zm2 10.5H2a.5.5 0 0 1-.5-.5V8H0v2a2 2 0 0 0 2 2h2v-1.5ZM8 12v-1.5h2a.5.5 0 0 0 .5-.5V8H12v2a2 2 0 0 1-2 2H8Zm2-12a2 2 0 0 1 2 2v2h-1.5V2a.5.5 0 0 0-.5-.5H8V0h2Z\" \/>\n\t\t\t<\/svg>\n\t\t<\/button><\/figure>\n\n\n\n<div class=\"wp-block-group has-global-padding is-layout-constrained wp-block-group-is-layout-constrained\">\n<h2 class=\"wp-block-heading\">Trung t\u00e2m D\u1ecbch v\u1ee5 Khoa h\u1ecdc v\u00e0 K\u0129 thu\u1eadt<\/h2>\n\n\n\n<h2 class=\"wp-block-heading is-style-text-subtitle is-style-text-subtitle--1\">Center for Scientific Services (CSS)<\/h2>\n<\/div>\n<\/div>\n\n\n\n<hr class=\"wp-block-separator has-alpha-channel-opacity\" style=\"margin-top:var(--wp--preset--spacing--50);margin-bottom:var(--wp--preset--spacing--50)\"\/>\n\n\n\n<p>T\u1ebf b\u00e0o g\u1ed1c l\u00e0 m\u1ed9t trong nh\u1eefng t\u1eeb kh\u00f3a \u0111ang \u0111\u01b0\u1ee3c t\u00ecm ki\u1ebfm nhi\u1ec1u v\u00ec vai tr\u00f2 c\u1ee7a ch\u00fang trong \u0111i\u1ec1u tr\u1ecb b\u1ec7nh v\u00e0 th\u1ea9m m\u1ef9 ng\u00e0y c\u00e0ng \u0111\u01b0\u1ee3c nhi\u1ec1u ng\u01b0\u1eddi quan t\u00e2m v\u00e0 bi\u1ebft \u0111\u1ebfn nh\u01b0 m\u1ed9t nh\u00e2n t\u1ed1 ph\u1ee5c h\u1ed3i t\u1ed5n th\u01b0\u01a1ng v\u00e0 t\u00e1i t\u1ea1o m\u00f4. Do v\u1eady, nhu c\u1ea7u s\u1eed d\u1ee5ng t\u1ebf b\u00e0o g\u1ed1c c\u0169ng ng\u00e0y c\u00e0ng t\u0103ng cao v\u00e0 vi\u1ec7c \u0111\u00e1nh gi\u00e1 ki\u1ec3m chu\u1ea9n ch\u1ea5t l\u01b0\u1ee3ng t\u1ebf b\u00e0o tr\u01b0\u1edbc khi s\u1eed d\u1ee5ng l\u00e0 v\u00f4 c\u00f9ng quan tr\u1ecdng. Tuy nhi\u00ean, c\u00e1c c\u01a1 s\u1edf s\u1eed d\u1ee5ng t\u1ebf b\u00e0o v\u1eabn c\u00f2n g\u1eb7p nhi\u1ec1u h\u1ea1n ch\u1ebf trong vi\u1ec7c \u0111\u00e1nh gi\u00e1 n\u00e0y.<\/p>\n\n\n\n<p>Ngo\u00e0i ra, c\u00e1c th\u1eed nghi\u1ec7m tr\u00ean t\u1ebf b\u00e0o v\u00e0 \u0111\u1ed9ng v\u1eadt l\u00e0 m\u1ed9t trong nh\u1eefng \u0111\u00e1nh gi\u00e1 thi\u1ebft y\u1ebfu \u0111\u1ec3 ho\u00e0n thi\u1ec7n c\u00f4ng tr\u00ecnh nghi\u00ean c\u1ee9u \u0111\u00e1nh gi\u00e1 ch\u1ea5t l\u01b0\u1ee3ng v\u00e0 hi\u1ec7u qu\u1ea3 c\u1ee7a s\u1ea3n ph\u1ea9m th\u1eed nghi\u1ec7m.<\/p>\n\n\n\n<p>\u0110\u1ec3 \u0111\u00e1p \u1ee9ng t\u1ea5t c\u1ea3 c\u00e1c nhu c\u1ea7u tr\u00ean, Trung t\u00e2m D\u1ecbch v\u1ee5 Khoa h\u1ecdc v\u00e0 K\u0129 thu\u1eadt (Center for Scientific Services -CSS) c\u1ee7a Vi\u1ec7n T\u1ebf b\u00e0o g\u1ed1c cung c\u1ea5p c\u00e1c d\u1ecbch v\u1ee5 m\u1ed9t c\u00e1ch nhanh ch\u00f3ng, hi\u1ec7u qu\u1ea3, ch\u00ednh x\u00e1c v\u00e0 \u0111\u1ea1t theo ti\u00eau chu\u1ea9n qu\u1ed1c t\u1ebf. V\u1edbi \u0111\u1ed9i ng\u0169 nghi\u00ean c\u1ee9u vi\u00ean, k\u0129 thu\u1eadt vi\u00ean c\u00f3 nhi\u1ec1u n\u0103m kinh nghi\u1ec7m v\u00e0 h\u1ec7 th\u1ed1ng trang thi\u1ebft b\u1ecb \u0111a d\u1ea1ng, hi\u1ec7n \u0111\u1ea1i th\u1ef1c hi\u1ec7n \u0111\u01b0\u1ee3c nhi\u1ec1u k\u0129 thu\u1eadt cao, Trung t\u00e2m \u0111em l\u1ea1i c\u00e1c d\u1ecbch v\u1ee5 ch\u1ea5t l\u01b0\u1ee3ng, k\u1ebft qu\u1ea3 ch\u00ednh x\u00e1c, kh\u00e1ch quan th\u1ec3 hi\u1ec7n \u0111\u00fang ch\u1ea5t l\u01b0\u1ee3ng c\u1ee7a s\u1ea3n ph\u1ea9m.<\/p>\n\n\n\n<h2 class=\"wp-block-heading\">C\u00e1c d\u1ecbch v\u1ee5 c\u1ee7a ch\u00fang t\u00f4i<\/h2>\n\n\n\n<div class=\"wp-block-columns is-layout-flex wp-container-core-columns-is-layout-28f84493 wp-block-columns-is-layout-flex\">\n<div class=\"wp-block-column is-layout-flow wp-block-column-is-layout-flow\" style=\"flex-basis:50%\">\n<h3 class=\"wp-block-heading\">D\u1ecbch v\u1ee5 k\u0129 thu\u1eadt<\/h3>\n\n\n\n<ul class=\"wp-block-list\">\n<li>D\u1ecbch v\u1ee5 \u0111\u00e1nh gi\u00e1, ki\u1ec3m chu\u1ea9n t\u1ebf b\u00e0o g\u1ed1c trung m\u00f4<\/li>\n\n\n\n<li>D\u1ecbch v\u1ee5 \u0111\u00e1nh gi\u00e1 t\u1ebf b\u00e0o g\u1ed1c t\u1ea1o m\u00e1u<\/li>\n\n\n\n<li>D\u1ecbch v\u1ee5 \u0111\u00e1nh gi\u00e1 ch\u1ea5t l\u01b0\u1ee3ng s\u1ea3n ph\u1ea9m: ch\u1ec9 ti\u00eau l\u00fd h\u00f3a, vi sinh,\u2026<\/li>\n\n\n\n<li>D\u1ecbch v\u1ee5 \u0111\u00e1nh gi\u00e1 ch\u1ea5t l\u01b0\u1ee3ng tinh tr\u00f9ng<\/li>\n\n\n\n<li>D\u1ecbch v\u1ee5 ch\u1ee5p \u1ea3nh t\u1ebf b\u00e0o<\/li>\n<\/ul>\n<\/div>\n\n\n\n<div class=\"wp-block-column is-layout-flow wp-block-column-is-layout-flow\" style=\"flex-basis:50%\">\n<h3 class=\"wp-block-heading\">D\u1ecbch v\u1ee5 khoa h\u1ecdc<\/h3>\n\n\n\n<ul class=\"wp-block-list\">\n<li>D\u1ecbch v\u1ee5 \u0111\u00e1nh gi\u00e1 \u0111\u1ed9c t\u00ednh\/ ho\u1ea1t t\u00ednh c\u1ee7a c\u00e1c ch\u1ea5t c\u00f3 ho\u1ea1t t\u00ednh sinh h\u1ecdc l\u00ean t\u1ebf b\u00e0o<\/li>\n\n\n\n<li>D\u1ecbch v\u1ee5 s\u1eed d\u1ee5ng c\u00e1c k\u0129 thu\u1eadt sinh h\u1ecdc ph\u00e2n t\u1eed<\/li>\n\n\n\n<li>D\u1ecbch v\u1ee5 t\u1ea1o m\u00f4 h\u00ecnh \u0111\u1ed9ng v\u1eadt th\u00ed nghi\u1ec7m v\u00e0 th\u1eed nghi\u1ec7m c\u00e1c t\u00e1c \u0111\u1ed9ng l\u00ean \u0111\u1ed9ng v\u1eadt nu\u00f4i\/m\u00f4 h\u00ecnh th\u00ed nghi\u1ec7m<\/li>\n<\/ul>\n<\/div>\n<\/div>\n\n\n\n<div class=\"wp-block-columns are-vertically-aligned-center is-layout-flex wp-container-core-columns-is-layout-28f84493 wp-block-columns-is-layout-flex\">\n<div class=\"wp-block-column is-vertically-aligned-center is-layout-flow wp-block-column-is-layout-flow\" style=\"flex-basis:50%\">\n<figure data-wp-context=\"{&quot;imageId&quot;:&quot;69f0536063096&quot;}\" data-wp-interactive=\"core\/image\" data-wp-key=\"69f0536063096\" class=\"wp-block-image aligncenter size-full wp-lightbox-container\"><img loading=\"lazy\" decoding=\"async\" width=\"685\" height=\"684\" data-wp-class--hide=\"state.isContentHidden\" data-wp-class--show=\"state.isContentVisible\" data-wp-init=\"callbacks.setButtonStyles\" data-wp-on--click=\"actions.showLightbox\" data-wp-on--load=\"callbacks.setButtonStyles\" data-wp-on-window--resize=\"callbacks.setButtonStyles\" src=\"https:\/\/sci.edu.vn\/home\/wp-content\/uploads\/2020\/08\/anh-chup-te-bao.png\" alt=\"\" class=\"wp-image-1523\" style=\"object-fit:cover\" srcset=\"https:\/\/sci.edu.vn\/home\/wp-content\/uploads\/2020\/08\/anh-chup-te-bao.png 685w, https:\/\/sci.edu.vn\/home\/wp-content\/uploads\/2020\/08\/anh-chup-te-bao-300x300.png 300w, https:\/\/sci.edu.vn\/home\/wp-content\/uploads\/2020\/08\/anh-chup-te-bao-150x150.png 150w\" sizes=\"auto, (max-width: 685px) 100vw, 685px\" \/><button\n\t\t\tclass=\"lightbox-trigger\"\n\t\t\ttype=\"button\"\n\t\t\taria-haspopup=\"dialog\"\n\t\t\taria-label=\"Enlarge\"\n\t\t\tdata-wp-init=\"callbacks.initTriggerButton\"\n\t\t\tdata-wp-on--click=\"actions.showLightbox\"\n\t\t\tdata-wp-style--right=\"state.imageButtonRight\"\n\t\t\tdata-wp-style--top=\"state.imageButtonTop\"\n\t\t>\n\t\t\t<svg xmlns=\"http:\/\/www.w3.org\/2000\/svg\" width=\"12\" height=\"12\" fill=\"none\" viewBox=\"0 0 12 12\">\n\t\t\t\t<path fill=\"#fff\" d=\"M2 0a2 2 0 0 0-2 2v2h1.5V2a.5.5 0 0 1 .5-.5h2V0H2Zm2 10.5H2a.5.5 0 0 1-.5-.5V8H0v2a2 2 0 0 0 2 2h2v-1.5ZM8 12v-1.5h2a.5.5 0 0 0 .5-.5V8H12v2a2 2 0 0 1-2 2H8Zm2-12a2 2 0 0 1 2 2v2h-1.5V2a.5.5 0 0 0-.5-.5H8V0h2Z\" \/>\n\t\t\t<\/svg>\n\t\t<\/button><\/figure>\n<\/div>\n\n\n\n<div class=\"wp-block-column is-vertically-aligned-center is-layout-flow wp-block-column-is-layout-flow\" style=\"flex-basis:50%\">\n<figure data-wp-context=\"{&quot;imageId&quot;:&quot;69f0536063be6&quot;}\" data-wp-interactive=\"core\/image\" data-wp-key=\"69f0536063be6\" class=\"wp-block-image aligncenter size-large wp-lightbox-container\"><img loading=\"lazy\" decoding=\"async\" width=\"1024\" height=\"893\" data-wp-class--hide=\"state.isContentHidden\" data-wp-class--show=\"state.isContentVisible\" data-wp-init=\"callbacks.setButtonStyles\" data-wp-on--click=\"actions.showLightbox\" data-wp-on--load=\"callbacks.setButtonStyles\" data-wp-on-window--resize=\"callbacks.setButtonStyles\" src=\"https:\/\/sci.edu.vn\/home\/wp-content\/uploads\/2021\/12\/image-5-1024x893.png\" alt=\"\" class=\"wp-image-2092\" style=\"object-fit:cover\" srcset=\"https:\/\/sci.edu.vn\/home\/wp-content\/uploads\/2021\/12\/image-5-1024x893.png 1024w, https:\/\/sci.edu.vn\/home\/wp-content\/uploads\/2021\/12\/image-5-300x262.png 300w, https:\/\/sci.edu.vn\/home\/wp-content\/uploads\/2021\/12\/image-5-768x669.png 768w, https:\/\/sci.edu.vn\/home\/wp-content\/uploads\/2021\/12\/image-5.png 1255w\" sizes=\"auto, (max-width: 1024px) 100vw, 1024px\" \/><button\n\t\t\tclass=\"lightbox-trigger\"\n\t\t\ttype=\"button\"\n\t\t\taria-haspopup=\"dialog\"\n\t\t\taria-label=\"Enlarge\"\n\t\t\tdata-wp-init=\"callbacks.initTriggerButton\"\n\t\t\tdata-wp-on--click=\"actions.showLightbox\"\n\t\t\tdata-wp-style--right=\"state.imageButtonRight\"\n\t\t\tdata-wp-style--top=\"state.imageButtonTop\"\n\t\t>\n\t\t\t<svg xmlns=\"http:\/\/www.w3.org\/2000\/svg\" width=\"12\" height=\"12\" fill=\"none\" viewBox=\"0 0 12 12\">\n\t\t\t\t<path fill=\"#fff\" d=\"M2 0a2 2 0 0 0-2 2v2h1.5V2a.5.5 0 0 1 .5-.5h2V0H2Zm2 10.5H2a.5.5 0 0 1-.5-.5V8H0v2a2 2 0 0 0 2 2h2v-1.5ZM8 12v-1.5h2a.5.5 0 0 0 .5-.5V8H12v2a2 2 0 0 1-2 2H8Zm2-12a2 2 0 0 1 2 2v2h-1.5V2a.5.5 0 0 0-.5-.5H8V0h2Z\" \/>\n\t\t\t<\/svg>\n\t\t<\/button><\/figure>\n<\/div>\n<\/div>\n\n\n\n<figure data-wp-context=\"{&quot;imageId&quot;:&quot;69f0536064e64&quot;}\" data-wp-interactive=\"core\/image\" data-wp-key=\"69f0536064e64\" class=\"wp-block-image size-full wp-lightbox-container\"><img loading=\"lazy\" decoding=\"async\" width=\"940\" height=\"788\" data-wp-class--hide=\"state.isContentHidden\" data-wp-class--show=\"state.isContentVisible\" data-wp-init=\"callbacks.setButtonStyles\" data-wp-on--click=\"actions.showLightbox\" data-wp-on--load=\"callbacks.setButtonStyles\" data-wp-on-window--resize=\"callbacks.setButtonStyles\" src=\"https:\/\/sci.edu.vn\/home\/wp-content\/uploads\/2023\/03\/css.png\" alt=\"\" class=\"wp-image-2511\"\/><button\n\t\t\tclass=\"lightbox-trigger\"\n\t\t\ttype=\"button\"\n\t\t\taria-haspopup=\"dialog\"\n\t\t\taria-label=\"Enlarge\"\n\t\t\tdata-wp-init=\"callbacks.initTriggerButton\"\n\t\t\tdata-wp-on--click=\"actions.showLightbox\"\n\t\t\tdata-wp-style--right=\"state.imageButtonRight\"\n\t\t\tdata-wp-style--top=\"state.imageButtonTop\"\n\t\t>\n\t\t\t<svg xmlns=\"http:\/\/www.w3.org\/2000\/svg\" width=\"12\" height=\"12\" fill=\"none\" viewBox=\"0 0 12 12\">\n\t\t\t\t<path fill=\"#fff\" d=\"M2 0a2 2 0 0 0-2 2v2h1.5V2a.5.5 0 0 1 .5-.5h2V0H2Zm2 10.5H2a.5.5 0 0 1-.5-.5V8H0v2a2 2 0 0 0 2 2h2v-1.5ZM8 12v-1.5h2a.5.5 0 0 0 .5-.5V8H12v2a2 2 0 0 1-2 2H8Zm2-12a2 2 0 0 1 2 2v2h-1.5V2a.5.5 0 0 0-.5-.5H8V0h2Z\" \/>\n\t\t\t<\/svg>\n\t\t<\/button><\/figure>\n<\/div>\n<\/div>\n","protected":false},"excerpt":{"rendered":"<p>Trung t\u00e2m D\u1ecbch v\u1ee5 Khoa h\u1ecdc v\u00e0 K\u0129 thu\u1eadt Center for Scientific Services (CSS) T\u1ebf b\u00e0o g\u1ed1c l\u00e0 m\u1ed9t trong nh\u1eefng t\u1eeb kh\u00f3a \u0111ang \u0111\u01b0\u1ee3c t\u00ecm ki\u1ebfm nhi\u1ec1u v\u00ec vai tr\u00f2 c\u1ee7a ch\u00fang trong \u0111i\u1ec1u tr\u1ecb b\u1ec7nh v\u00e0 th\u1ea9m m\u1ef9 ng\u00e0y c\u00e0ng \u0111\u01b0\u1ee3c nhi\u1ec1u ng\u01b0\u1eddi quan t\u00e2m v\u00e0 bi\u1ebft \u0111\u1ebfn nh\u01b0 m\u1ed9t nh\u00e2n t\u1ed1 ph\u1ee5c [&hellip;]<\/p>\n","protected":false},"author":291,"featured_media":0,"parent":4199,"menu_order":0,"comment_status":"closed","ping_status":"closed","template":"full-width","meta":{"advanced_seo_description":"","jetpack_seo_html_title":"","jetpack_seo_noindex":false,"footnotes":""},"class_list":["post-2084","page","type-page","status-publish","hentry"],"jetpack_sharing_enabled":true,"_links":{"self":[{"href":"https:\/\/sci.edu.vn\/home\/wp-json\/wp\/v2\/pages\/2084","targetHints":{"allow":["GET"]}}],"collection":[{"href":"https:\/\/sci.edu.vn\/home\/wp-json\/wp\/v2\/pages"}],"about":[{"href":"https:\/\/sci.edu.vn\/home\/wp-json\/wp\/v2\/types\/page"}],"author":[{"embeddable":true,"href":"https:\/\/sci.edu.vn\/home\/wp-json\/wp\/v2\/users\/291"}],"replies":[{"embeddable":true,"href":"https:\/\/sci.edu.vn\/home\/wp-json\/wp\/v2\/comments?post=2084"}],"version-history":[{"count":12,"href":"https:\/\/sci.edu.vn\/home\/wp-json\/wp\/v2\/pages\/2084\/revisions"}],"predecessor-version":[{"id":4800,"href":"https:\/\/sci.edu.vn\/home\/wp-json\/wp\/v2\/pages\/2084\/revisions\/4800"}],"up":[{"embeddable":true,"href":"https:\/\/sci.edu.vn\/home\/wp-json\/wp\/v2\/pages\/4199"}],"wp:attachment":[{"href":"https:\/\/sci.edu.vn\/home\/wp-json\/wp\/v2\/media?parent=2084"}],"curies":[{"name":"wp","href":"https:\/\/api.w.org\/{rel}","templated":true}]}}