{"id":2086,"date":"2021-12-24T09:51:17","date_gmt":"2021-12-24T02:51:17","guid":{"rendered":"http:\/\/sci.edu.vn\/?page_id=2086"},"modified":"2024-12-19T01:32:14","modified_gmt":"2024-12-18T18:32:14","slug":"sci-cb","status":"publish","type":"page","link":"https:\/\/sci.edu.vn\/home\/don-vi\/sci-cb\/","title":{"rendered":"Ng\u00e2n h\u00e0ng t\u1ebf b\u00e0o &#8211; Vi\u1ec7n T\u1ebf b\u00e0o g\u1ed1c (SCI-CB)"},"content":{"rendered":"\n<div class=\"wp-block-group alignwide has-global-padding is-layout-constrained wp-block-group-is-layout-constrained\">\n<div class=\"wp-block-group alignwide has-global-padding is-layout-constrained wp-block-group-is-layout-constrained\">\n<div class=\"wp-block-group alignwide is-content-justification-center is-nowrap is-layout-flex wp-container-core-group-is-layout-23441af8 wp-block-group-is-layout-flex\">\n<figure data-wp-context=\"{&quot;imageId&quot;:&quot;6a07870d8cbc6&quot;}\" data-wp-interactive=\"core\/image\" data-wp-key=\"6a07870d8cbc6\" class=\"wp-block-image size-large is-resized wp-lightbox-container\"><img loading=\"lazy\" decoding=\"async\" width=\"1024\" height=\"665\" data-wp-class--hide=\"state.isContentHidden\" data-wp-class--show=\"state.isContentVisible\" data-wp-init=\"callbacks.setButtonStyles\" data-wp-on--click=\"actions.showLightbox\" data-wp-on--load=\"callbacks.setButtonStyles\" data-wp-on-window--resize=\"callbacks.setButtonStyles\" src=\"https:\/\/sci.edu.vn\/home\/wp-content\/uploads\/2021\/05\/sci-cb-1024x665.png\" alt=\"\" class=\"wp-image-1945\" style=\"width:256px\" srcset=\"https:\/\/sci.edu.vn\/home\/wp-content\/uploads\/2021\/05\/sci-cb-1024x665.png 1024w, https:\/\/sci.edu.vn\/home\/wp-content\/uploads\/2021\/05\/sci-cb-300x195.png 300w, https:\/\/sci.edu.vn\/home\/wp-content\/uploads\/2021\/05\/sci-cb-768x498.png 768w, https:\/\/sci.edu.vn\/home\/wp-content\/uploads\/2021\/05\/sci-cb-1536x997.png 1536w, https:\/\/sci.edu.vn\/home\/wp-content\/uploads\/2021\/05\/sci-cb-2048x1329.png 2048w\" sizes=\"auto, (max-width: 1024px) 100vw, 1024px\" \/><button\n\t\t\tclass=\"lightbox-trigger\"\n\t\t\ttype=\"button\"\n\t\t\taria-haspopup=\"dialog\"\n\t\t\taria-label=\"Enlarge\"\n\t\t\tdata-wp-init=\"callbacks.initTriggerButton\"\n\t\t\tdata-wp-on--click=\"actions.showLightbox\"\n\t\t\tdata-wp-style--right=\"state.imageButtonRight\"\n\t\t\tdata-wp-style--top=\"state.imageButtonTop\"\n\t\t>\n\t\t\t<svg xmlns=\"http:\/\/www.w3.org\/2000\/svg\" width=\"12\" height=\"12\" fill=\"none\" viewBox=\"0 0 12 12\">\n\t\t\t\t<path fill=\"#fff\" d=\"M2 0a2 2 0 0 0-2 2v2h1.5V2a.5.5 0 0 1 .5-.5h2V0H2Zm2 10.5H2a.5.5 0 0 1-.5-.5V8H0v2a2 2 0 0 0 2 2h2v-1.5ZM8 12v-1.5h2a.5.5 0 0 0 .5-.5V8H12v2a2 2 0 0 1-2 2H8Zm2-12a2 2 0 0 1 2 2v2h-1.5V2a.5.5 0 0 0-.5-.5H8V0h2Z\" \/>\n\t\t\t<\/svg>\n\t\t<\/button><\/figure>\n\n\n\n<div class=\"wp-block-group has-global-padding is-layout-constrained wp-block-group-is-layout-constrained\">\n<h2 class=\"wp-block-heading\">Ng\u00e2n h\u00e0ng t\u1ebf b\u00e0o &#8211; Vi\u1ec7n T\u1ebf b\u00e0o g\u1ed1c<\/h2>\n\n\n\n<h2 class=\"wp-block-heading is-style-text-subtitle is-style-text-subtitle--1\">VNUHCM-US Stem Cell Institute &#8211; Cellbank (SCI-CB)<\/h2>\n<\/div>\n<\/div>\n\n\n\n<hr class=\"wp-block-separator has-alpha-channel-opacity\"\/>\n\n\n\n<h2 class=\"wp-block-heading\">M\u1ee5c ti\u00eau<\/h2>\n\n\n\n<ul class=\"wp-block-list\">\n<li>X\u00e2y d\u1ef1ng ngu\u1ed3n t\u1ebf b\u00e0o \u0111\u00e3 \u0111\u01b0\u1ee3c chu\u1ea9n h\u00f3a cho c\u00e1c nghi\u00ean c\u1ee9u c\u1ee7a \u0111\u01a1n v\u1ecb<\/li>\n\n\n\n<li>Chia s\u1ebb ngu\u1ed3n t\u1ebf b\u00e0o v\u1edbi c\u00e1c \u0111\u01a1n v\u1ecb, t\u1ed5 ch\u1ee9c v\u00e0 c\u00e1 nh\u00e2n c\u00f3 nhu c\u1ea7u \u0111\u1ec3 th\u00fac \u0111\u1ea9y h\u1ee3p t\u00e1c v\u00e0 s\u1ef1 ph\u00e1t tri\u1ec3n c\u1ee7a khoa h\u1ecdc nghi\u00ean c\u1ee9u y sinh<\/li>\n\n\n\n<li>K\u00eau g\u1ecdi s\u1ef1 \u0111\u00f3ng g\u00f3p ngu\u1ed3n t\u1ebf b\u00e0o t\u1eeb c\u1ed9ng \u0111\u1ed3ng, b\u1ec7nh vi\u1ec7n, \u0111\u01a1n v\u1ecb nghi\u00ean c\u1ee9u kh\u00e1c trong c\u1ea3 n\u01b0\u1edbc \u0111\u1ec3 l\u00e0m phong ph\u00fa ngu\u1ed3n m\u1eabu c\u1ee7a SCI Cellbank<\/li>\n<\/ul>\n\n\n\n<h2 class=\"wp-block-heading\">T\u1ea7m nh\u00ecn v\u00e0 S\u1ee9 m\u1ea1ng<\/h2>\n\n\n\n<ul class=\"wp-block-list\">\n<li>S\u1ee9 m\u1ea1ng l\u00e0 trung t\u00e2m l\u01b0u tr\u1eef \u0111\u1ea3m b\u1ea3o ngu\u1ed3n m\u1eabu \u0111\u1ea1t ch\u1ea5t l\u01b0\u1ee3ng t\u1ed1t nh\u1ea5t cho Vi\u1ec7n T\u1ebf b\u00e0o g\u1ed1c l\u00e0 m\u1ee5c ti\u00eau ch\u00ednh c\u1ee7a SCI Cellbank.<\/li>\n\n\n\n<li>SCI Cellbank \u0111\u1ecbnh h\u01b0\u1edbng tr\u1edf th\u00e0nh ng\u00e2n h\u00e0ng t\u1ebf b\u00e0o l\u1edbn c\u00f3 kh\u1ea3 n\u0103ng cung c\u1ea5p c\u00e1c m\u00f4 v\u00e0 t\u1ebf b\u00e0o c\u1ea7n thi\u1ebft cho c\u00e1c nghi\u00ean c\u1ee9u c\u1ee7a Vi\u1ec7n T\u1ebf b\u00e0o g\u1ed1c n\u00f3i ri\u00eang v\u00e0 c\u1ea3 n\u01b0\u1edbc.<\/li>\n\n\n\n<li>T\u1ea7m nh\u00ecn \u0111\u1ebfn 2023, SCI Cellbank c\u00f3 kh\u1ea3 n\u0103ng l\u01b0u gi\u1eef h\u00e0ng tr\u0103m m\u1eabu bao g\u1ed3m m\u00f4, t\u1ebf b\u00e0o, gene. Trong \u0111\u00f3, n\u0103m \u0111\u1ea7u ti\u00ean s\u1ebd t\u1eadp trung ph\u00e2n lo\u1ea1i, \u0111\u00e1nh gi\u00e1 v\u00e0 bi\u1ebfn \u0111\u1ed5i c\u00e1c m\u1eabu c\u00f3 s\u1eb5n \u0111\u1ea1t 200 m\u1eabu.<\/li>\n<\/ul>\n<\/div>\n<\/div>\n","protected":false},"excerpt":{"rendered":"<p>Ng\u00e2n h\u00e0ng t\u1ebf b\u00e0o &#8211; Vi\u1ec7n T\u1ebf b\u00e0o g\u1ed1c VNUHCM-US Stem Cell Institute &#8211; Cellbank (SCI-CB) M\u1ee5c ti\u00eau T\u1ea7m nh\u00ecn v\u00e0 S\u1ee9 m\u1ea1ng<\/p>\n","protected":false},"author":291,"featured_media":0,"parent":4199,"menu_order":0,"comment_status":"closed","ping_status":"closed","template":"full-width","meta":{"advanced_seo_description":"","jetpack_seo_html_title":"","jetpack_seo_noindex":false,"footnotes":""},"class_list":["post-2086","page","type-page","status-publish","hentry"],"jetpack_sharing_enabled":true,"_links":{"self":[{"href":"https:\/\/sci.edu.vn\/home\/wp-json\/wp\/v2\/pages\/2086","targetHints":{"allow":["GET"]}}],"collection":[{"href":"https:\/\/sci.edu.vn\/home\/wp-json\/wp\/v2\/pages"}],"about":[{"href":"https:\/\/sci.edu.vn\/home\/wp-json\/wp\/v2\/types\/page"}],"author":[{"embeddable":true,"href":"https:\/\/sci.edu.vn\/home\/wp-json\/wp\/v2\/users\/291"}],"replies":[{"embeddable":true,"href":"https:\/\/sci.edu.vn\/home\/wp-json\/wp\/v2\/comments?post=2086"}],"version-history":[{"count":8,"href":"https:\/\/sci.edu.vn\/home\/wp-json\/wp\/v2\/pages\/2086\/revisions"}],"predecessor-version":[{"id":4802,"href":"https:\/\/sci.edu.vn\/home\/wp-json\/wp\/v2\/pages\/2086\/revisions\/4802"}],"up":[{"embeddable":true,"href":"https:\/\/sci.edu.vn\/home\/wp-json\/wp\/v2\/pages\/4199"}],"wp:attachment":[{"href":"https:\/\/sci.edu.vn\/home\/wp-json\/wp\/v2\/media?parent=2086"}],"curies":[{"name":"wp","href":"https:\/\/api.w.org\/{rel}","templated":true}]}}