{"id":2591,"date":"2023-03-27T08:43:06","date_gmt":"2023-03-27T01:43:06","guid":{"rendered":"https:\/\/sci.edu.vn\/?page_id=2591"},"modified":"2024-11-26T18:56:04","modified_gmt":"2024-11-26T11:56:04","slug":"cb","status":"publish","type":"page","link":"https:\/\/sci.edu.vn\/home\/nghien-cuu\/cac-nhom-nghien-cuu\/cb\/","title":{"rendered":"Nh\u00f3m Sinh h\u1ecdc Ung th\u01b0 (Cancer Biology &#8211; CB)"},"content":{"rendered":"\n<div class=\"wp-block-group has-global-padding is-layout-constrained wp-block-group-is-layout-constrained\">\n<div class=\"wp-block-group alignwide has-global-padding is-layout-constrained wp-block-group-is-layout-constrained\">\n<h2 class=\"wp-block-heading has-text-align-center\">Nh\u00f3m Sinh h\u1ecdc ung th\u01b0 <\/h2>\n\n\n\n<h2 class=\"wp-block-heading has-text-align-center is-style-text-subtitle is-style-text-subtitle--1\">Cancer Biology (CB)<\/h2>\n\n\n\n<hr class=\"wp-block-separator has-alpha-channel-opacity\" style=\"margin-top:var(--wp--preset--spacing--50);margin-bottom:var(--wp--preset--spacing--50)\"\/>\n\n\n\n<h2 class=\"wp-block-heading\">Tr\u01b0\u1edfng nh\u00f3m<\/h2>\n\n\n\n<div class=\"wp-block-group is-layout-flex wp-block-group-is-layout-flex\">\n<figure data-wp-context=\"{&quot;imageId&quot;:&quot;69fc9c2fd1eb9&quot;}\" data-wp-interactive=\"core\/image\" data-wp-key=\"69fc9c2fd1eb9\" class=\"wp-block-image size-full is-resized is-style-rounded wp-lightbox-container\"><img loading=\"lazy\" decoding=\"async\" width=\"512\" height=\"512\" data-wp-class--hide=\"state.isContentHidden\" data-wp-class--show=\"state.isContentVisible\" data-wp-init=\"callbacks.setButtonStyles\" data-wp-on--click=\"actions.showLightbox\" data-wp-on--load=\"callbacks.setButtonStyles\" data-wp-on-window--resize=\"callbacks.setButtonStyles\" src=\"https:\/\/sci.edu.vn\/home\/wp-content\/uploads\/2020\/03\/Nguy\u1ec5n-Tr\u01b0\u1eddng-Sinh-e1583912555178.png\" alt=\"\" class=\"wp-image-849\" style=\"width:256px\" srcset=\"https:\/\/sci.edu.vn\/home\/wp-content\/uploads\/2020\/03\/Nguy\u1ec5n-Tr\u01b0\u1eddng-Sinh-e1583912555178.png 512w, https:\/\/sci.edu.vn\/home\/wp-content\/uploads\/2020\/03\/Nguy\u1ec5n-Tr\u01b0\u1eddng-Sinh-e1583912555178-300x300.png 300w, https:\/\/sci.edu.vn\/home\/wp-content\/uploads\/2020\/03\/Nguy\u1ec5n-Tr\u01b0\u1eddng-Sinh-e1583912555178-150x150.png 150w\" sizes=\"auto, (max-width: 512px) 100vw, 512px\" \/><button\n\t\t\tclass=\"lightbox-trigger\"\n\t\t\ttype=\"button\"\n\t\t\taria-haspopup=\"dialog\"\n\t\t\taria-label=\"Enlarge\"\n\t\t\tdata-wp-init=\"callbacks.initTriggerButton\"\n\t\t\tdata-wp-on--click=\"actions.showLightbox\"\n\t\t\tdata-wp-style--right=\"state.imageButtonRight\"\n\t\t\tdata-wp-style--top=\"state.imageButtonTop\"\n\t\t>\n\t\t\t<svg xmlns=\"http:\/\/www.w3.org\/2000\/svg\" width=\"12\" height=\"12\" fill=\"none\" viewBox=\"0 0 12 12\">\n\t\t\t\t<path fill=\"#fff\" d=\"M2 0a2 2 0 0 0-2 2v2h1.5V2a.5.5 0 0 1 .5-.5h2V0H2Zm2 10.5H2a.5.5 0 0 1-.5-.5V8H0v2a2 2 0 0 0 2 2h2v-1.5ZM8 12v-1.5h2a.5.5 0 0 0 .5-.5V8H12v2a2 2 0 0 1-2 2H8Zm2-12a2 2 0 0 1 2 2v2h-1.5V2a.5.5 0 0 0-.5-.5H8V0h2Z\" \/>\n\t\t\t<\/svg>\n\t\t<\/button><\/figure>\n\n\n\n<p class=\"is-style-default\">TS. Nguy\u1ec5n Tr\u01b0\u1eddng Sinh<\/p>\n<\/div>\n\n\n\n<h2 class=\"wp-block-heading\">T\u1ea7m nh\u00ecn<\/h2>\n\n\n\n<p>Nh\u00f3m Nghi\u00ean c\u1ee9u Sinh h\u1ecdc Ung th\u01b0 l\u00e0 m\u1ed9t nh\u00f3m nghi\u00ean c\u1ee9u \u0111a ng\u00e0nh \u0111\u1eb7t m\u1ee5c ti\u00eau ch\u00ednh l\u00e0 nghi\u00ean c\u1ee9u v\u00e0 hi\u1ec3u r\u00f5 v\u1ec1 s\u1ef1 ph\u00e1t tri\u1ec3n v\u00e0 c\u01a1 ch\u1ebf c\u1ee7a ung th\u01b0. V\u1edbi s\u1ef1 t\u1eadp trung v\u00e0o c\u00e1c h\u01b0\u1edbng<\/p>\n\n\n\n<ol class=\"wp-block-list\">\n<li>t\u00edn hi\u1ec7u t\u1ebf b\u00e0o ung th\u01b0,<\/li>\n\n\n\n<li>s\u00e0ng l\u1ecdc h\u1ee3p ch\u1ea5t t\u1ef1 nhi\u00ean tr\u00ean c\u00e1c d\u00f2ng t\u1ebf b\u00e0o ung th\u01b0,<\/li>\n\n\n\n<li>vai tr\u00f2 c\u1ee7a autophagy \u1edf t\u1ebf b\u00e0o ung th\u01b0,<\/li>\n\n\n\n<li>c\u0169ng nh\u01b0 nghi\u00ean c\u1ee9u c\u01a1 ch\u1ebf v\u00e0 vai tr\u00f2 c\u1ee7a kh\u00e1ng thu\u1ed1c trong ung th\u01b0,<\/li>\n\n\n\n<li>v\u00e0 cu\u1ed1i c\u00f9ng l\u00e0 mi\u1ec5n d\u1ecbch ung th\u01b0. Nh\u00f3m nghi\u00ean c\u1ee9u c\u00f3 t\u1ea7m nh\u00ecn v\u00e0o vi\u1ec7c \u0111\u00f3ng g\u00f3p v\u00e0o s\u1ef1 ti\u1ebfn b\u1ed9 c\u1ee7a vi\u1ec7c ch\u1ea9n \u0111o\u00e1n, \u0111i\u1ec1u tr\u1ecb v\u00e0 t\u1ea7m so\u00e1t ung th\u01b0.<\/li>\n<\/ol>\n\n\n\n<h2 class=\"wp-block-heading\">S\u1ee9 m\u1ec7nh<\/h2>\n\n\n\n<p>Nh\u00f3m nghi\u00ean c\u1ee9u Sinh h\u1ecdc Ung th\u01b0 s\u1eed d\u1ee5ng c\u00e1c ph\u01b0\u01a1ng ph\u00e1p ti\u00ean ti\u1ebfn v\u00e0 c\u00f4ng ngh\u1ec7 ti\u00ean ti\u1ebfn nh\u1eb1m ph\u00e2n t\u00edch v\u00e0 hi\u1ec3u s\u00e2u v\u1ec1 c\u00e1c t\u00edn hi\u1ec7u t\u1ebf b\u00e0o ung th\u01b0. \u0110\u1eb7c bi\u1ec7t, ch\u00fang t\u00f4i \u0111\u1eb7t s\u1ef1 t\u1eadp trung v\u00e0o s\u00e0ng l\u1ecdc h\u1ee3p ch\u1ea5t t\u1ef1 nhi\u00ean c\u00f3 kh\u1ea3 n\u0103ng ch\u1ed1ng l\u1ea1i s\u1ef1 ph\u00e1t tri\u1ec3n c\u1ee7a t\u1ebf b\u00e0o ung th\u01b0, nh\u1eb1m t\u00ecm ra c\u00e1c ph\u01b0\u01a1ng ph\u00e1p m\u1edbi trong vi\u1ec7c ng\u0103n ch\u1eb7n v\u00e0 \u0111i\u1ec1u tr\u1ecb ung th\u01b0.<\/p>\n\n\n\n<p>Ngo\u00e0i ra, ch\u00fang t\u00f4i c\u0169ng quan t\u00e2m \u0111\u1ebfn vai tr\u00f2 c\u1ee7a autophagy trong t\u1ebf b\u00e0o ung th\u01b0. Autophagy l\u00e0 qu\u00e1 tr\u00ecnh t\u1ef1 th\u1ef1c c\u00e1c th\u00e0nh ph\u1ea7n t\u1ebf b\u00e0o \u0111\u1ec3 duy tr\u00ec s\u1ef1 c\u00e2n b\u1eb1ng v\u00e0 ch\u1ee9c n\u0103ng t\u1ebf b\u00e0o. S\u1ef1 t\u01b0\u01a1ng t\u00e1c gi\u1eefa autophagy v\u00e0 t\u1ebf b\u00e0o ung th\u01b0 l\u00e0 m\u1ed9t l\u0129nh v\u1ef1c \u0111\u1ea7y tri\u1ec3n v\u1ecdng trong nghi\u00ean c\u1ee9u ung th\u01b0 hi\u1ec7n nay, v\u00e0 nh\u00f3m nghi\u00ean c\u1ee9u Sinh h\u1ecdc Ung th\u01b0 s\u1ebd ti\u1ebfp t\u1ee5c kh\u00e1m ph\u00e1 v\u00e0 \u0111\u00e1nh gi\u00e1 c\u00e1ch autophagy \u1ea3nh h\u01b0\u1edfng \u0111\u1ebfn s\u1ef1 ph\u00e1t tri\u1ec3n v\u00e0 ph\u1ea3n \u1ee9ng c\u1ee7a t\u1ebf b\u00e0o ung th\u01b0.<\/p>\n\n\n\n<p>M\u1ed9t m\u1ee5c ti\u00eau quan tr\u1ecdng kh\u00e1c c\u1ee7a ch\u00fang t\u00f4i l\u00e0 t\u1eadp trung v\u00e0o nghi\u00ean c\u1ee9u s\u1ef1 ph\u00e1t tri\u1ec3n c\u1ee7a kh\u00e1ng thu\u1ed1c, s\u1ef1 t\u01b0\u01a1ng t\u00e1c gi\u1eefa t\u1ebf b\u00e0o ung th\u01b0 v\u00e0 thu\u1ed1c, v\u00e0 t\u00ecm ki\u1ebfm c\u00e1c c\u00e1ch ti\u1ebfp c\u1eadn m\u1edbi \u0111\u1ec3 \u0111\u00e1nh b\u1ea1i kh\u00e1ng thu\u1ed1c ung th\u01b0. M\u1ee5c ti\u00eau c\u1ee7a ch\u00fang t\u00f4i l\u00e0 ph\u00e1t tri\u1ec3n c\u00e1c ph\u01b0\u01a1ng ph\u00e1p \u0111i\u1ec1u tr\u1ecb c\u00e1 nh\u00e2n h\u00f3a, \u0111\u1ed3ng th\u1eddi nghi\u00ean c\u1ee9u v\u00e0 ph\u00e1t tri\u1ec3n c\u00e1c thu\u1ed1c m\u1edbi v\u00e0 c\u00e1c ph\u01b0\u01a1ng ph\u00e1p k\u1ef9 thu\u1eadt ti\u00ean ti\u1ebfn nh\u1eb1m v\u01b0\u1ee3t qua s\u1ef1 kh\u00e1ng thu\u1ed1c trong ung th\u01b0.<\/p>\n\n\n\n<p>Ch\u00fang t\u00f4i c\u0169ng \u0111\u1eb7c bi\u1ec7t quan t\u00e2m \u0111\u1ebfn vai tr\u00f2 c\u1ee7a h\u1ec7 th\u1ed1ng mi\u1ec5n d\u1ecbch trong ung th\u01b0. Nh\u00f3m nghi\u00ean c\u1ee9u c\u1ee7a ch\u00fang t\u00f4i t\u1eadp trung v\u00e0o vi\u1ec7c hi\u1ec3u r\u00f5 c\u01a1 ch\u1ebf v\u00e0 t\u00e1c \u0111\u1ed9ng c\u1ee7a mi\u1ec5n d\u1ecbch ung th\u01b0, nh\u1eb1m t\u00ecm ki\u1ebfm c\u00e1c ph\u01b0\u01a1ng ph\u00e1p t\u0103ng c\u01b0\u1eddng mi\u1ec5n d\u1ecbch v\u00e0 c\u1ea3i thi\u1ec7n kh\u1ea3 n\u0103ng ti\u00eau di\u1ec7t t\u1ebf b\u00e0o ung th\u01b0. Ch\u00fang t\u00f4i nghi\u00ean c\u1ee9u v\u1ec1 t\u01b0\u01a1ng t\u00e1c gi\u1eefa h\u1ec7 th\u1ed1ng mi\u1ec5n d\u1ecbch v\u00e0 t\u1ebf b\u00e0o ung th\u01b0, kh\u00e1m ph\u00e1 c\u00e1c c\u01a1 ch\u1ebf ch\u1ed1ng l\u1ea1i t\u1ebf b\u00e0o ung th\u01b0 v\u00e0 ph\u00e1t tri\u1ec3n c\u00e1c ph\u01b0\u01a1ng ph\u00e1p k\u00edch th\u00edch mi\u1ec5n d\u1ecbch \u0111\u1ec3 \u0111\u00e1nh b\u1ea1i ung th\u01b0.<\/p>\n\n\n\n<p>Nh\u00f3m nghi\u00ean c\u1ee9u Sinh h\u1ecdc Ung th\u01b0 l\u00e0 m\u1ed9t m\u00f4i tr\u01b0\u1eddng n\u0103ng \u0111\u1ed9ng v\u00e0 \u0111a ng\u00e0nh, n\u01a1i c\u00e1c nh\u00e0 nghi\u00ean c\u1ee9u c\u00f3 th\u1ec3 chia s\u1ebb \u00fd t\u01b0\u1edfng, trao \u0111\u1ed5i th\u00f4ng tin v\u00e0 h\u1ee3p t\u00e1c \u0111\u1ec3 \u0111\u1ea1t \u0111\u01b0\u1ee3c c\u00e1c m\u1ee5c ti\u00eau nghi\u00ean c\u1ee9u chung. V\u1edbi s\u1ef1 k\u1ebft h\u1ee3p \u0111a ng\u00e0nh \u1edf c\u00e1c l\u0129nh v\u1ef1c nh\u01b0 sinh h\u1ecdc ph\u00e2n t\u1eed, sinh h\u1ecdc t\u1ebf b\u00e0o, d\u01b0\u1ee3c l\u00fd h\u1ecdc v\u00e0 y h\u1ecdc, ch\u00fang t\u00f4i ti\u1ebfp c\u1eadn \u0111a chi\u1ec1u v\u00e0 phong ph\u00fa trong vi\u1ec7c nghi\u00ean c\u1ee9u ung th\u01b0.<\/p>\n\n\n\n<p>V\u1edbi s\u1ef1 cam k\u1ebft v\u00e0 \u0111am m\u00ea v\u1ec1 nghi\u00ean c\u1ee9u ung th\u01b0, nh\u00f3m nghi\u00ean c\u1ee9u Sinh h\u1ecdc Ung th\u01b0 \u0111ang \u0111\u00f3ng g\u00f3p quan tr\u1ecdng v\u00e0o vi\u1ec7c hi\u1ec3u r\u00f5 h\u01a1n v\u1ec1 t\u1ebf b\u00e0o ung th\u01b0, kh\u00e1m ph\u00e1 c\u00e1c ti\u1ec1m n\u0103ng \u0111i\u1ec1u tr\u1ecb v\u00e0 ph\u00e1t tri\u1ec3n c\u00e1c ph\u01b0\u01a1ng ph\u00e1p m\u1edbi \u0111\u1ec3 \u0111\u1ed1i ph\u00f3 v\u1edbi c\u0103n b\u1ec7nh g\u00e2y t\u1eed vong n\u00e0y. Nh\u00f3m hy v\u1ecdng r\u1eb1ng nghi\u00ean c\u1ee9u c\u1ee7a nh\u00f3m s\u1ebd \u0111\u00f3ng g\u00f3p v\u00e0o s\u1ef1 ti\u1ebfn b\u1ed9 trong ch\u1ea9n \u0111o\u00e1n, \u0111i\u1ec1u tr\u1ecb v\u00e0 t\u1ea7m so\u00e1t ung th\u01b0, v\u00e0 mang l\u1ea1i hy v\u1ecdng v\u00e0 c\u01a1 h\u1ed9i cho nh\u1eefng b\u1ec7nh nh\u00e2n ung th\u01b0 v\u00e0 gia \u0111\u00ecnh c\u1ee7a h\u1ecd.<\/p>\n<\/div>\n<\/div>\n","protected":false},"excerpt":{"rendered":"<p>Nh\u00f3m Sinh h\u1ecdc ung th\u01b0 Cancer Biology (CB) Tr\u01b0\u1edfng nh\u00f3m TS. Nguy\u1ec5n Tr\u01b0\u1eddng Sinh T\u1ea7m nh\u00ecn Nh\u00f3m Nghi\u00ean c\u1ee9u Sinh h\u1ecdc Ung th\u01b0 l\u00e0 m\u1ed9t nh\u00f3m nghi\u00ean c\u1ee9u \u0111a ng\u00e0nh \u0111\u1eb7t m\u1ee5c ti\u00eau ch\u00ednh l\u00e0 nghi\u00ean c\u1ee9u v\u00e0 hi\u1ec3u r\u00f5 v\u1ec1 s\u1ef1 ph\u00e1t tri\u1ec3n v\u00e0 c\u01a1 ch\u1ebf c\u1ee7a ung th\u01b0. V\u1edbi s\u1ef1 t\u1eadp trung v\u00e0o [&hellip;]<\/p>\n","protected":false},"author":291,"featured_media":0,"parent":715,"menu_order":0,"comment_status":"closed","ping_status":"closed","template":"full-width","meta":{"advanced_seo_description":"","jetpack_seo_html_title":"","jetpack_seo_noindex":false,"footnotes":""},"class_list":["post-2591","page","type-page","status-publish","hentry"],"jetpack_sharing_enabled":true,"_links":{"self":[{"href":"https:\/\/sci.edu.vn\/home\/wp-json\/wp\/v2\/pages\/2591","targetHints":{"allow":["GET"]}}],"collection":[{"href":"https:\/\/sci.edu.vn\/home\/wp-json\/wp\/v2\/pages"}],"about":[{"href":"https:\/\/sci.edu.vn\/home\/wp-json\/wp\/v2\/types\/page"}],"author":[{"embeddable":true,"href":"https:\/\/sci.edu.vn\/home\/wp-json\/wp\/v2\/users\/291"}],"replies":[{"embeddable":true,"href":"https:\/\/sci.edu.vn\/home\/wp-json\/wp\/v2\/comments?post=2591"}],"version-history":[{"count":15,"href":"https:\/\/sci.edu.vn\/home\/wp-json\/wp\/v2\/pages\/2591\/revisions"}],"predecessor-version":[{"id":4763,"href":"https:\/\/sci.edu.vn\/home\/wp-json\/wp\/v2\/pages\/2591\/revisions\/4763"}],"up":[{"embeddable":true,"href":"https:\/\/sci.edu.vn\/home\/wp-json\/wp\/v2\/pages\/715"}],"wp:attachment":[{"href":"https:\/\/sci.edu.vn\/home\/wp-json\/wp\/v2\/media?parent=2591"}],"curies":[{"name":"wp","href":"https:\/\/api.w.org\/{rel}","templated":true}]}}