{"id":2625,"date":"2023-03-27T09:21:47","date_gmt":"2023-03-27T02:21:47","guid":{"rendered":"https:\/\/sci.edu.vn\/?page_id=2625"},"modified":"2024-11-26T18:54:03","modified_gmt":"2024-11-26T11:54:03","slug":"dtread","status":"publish","type":"page","link":"https:\/\/sci.edu.vn\/home\/nghien-cuu\/cac-nhom-nghien-cuu\/dtread\/","title":{"rendered":"Nh\u00f3m Nghi\u00ean c\u1ee9u ch\u1ea9n \u0111o\u00e1n v\u00e0 \u0111i\u1ec1u tr\u1ecb (Diagnostic and Therapeutic Research and Development &#8211; DTREAD)"},"content":{"rendered":"\n<div class=\"wp-block-group has-global-padding is-layout-constrained wp-block-group-is-layout-constrained\">\n<div class=\"wp-block-group has-global-padding is-layout-constrained wp-block-group-is-layout-constrained\">\n<h2 class=\"wp-block-heading has-text-align-center\">Nh\u00f3m Nghi\u00ean c\u1ee9u ch\u1ea9n \u0111o\u00e1n v\u00e0 \u0111i\u1ec1u tr\u1ecb<\/h2>\n\n\n\n<h2 class=\"wp-block-heading has-text-align-center is-style-text-subtitle is-style-text-subtitle--1\">Diagnostic and Therapeutic Research and Development (DTREAD)<\/h2>\n\n\n\n<hr class=\"wp-block-separator has-alpha-channel-opacity\" style=\"margin-top:var(--wp--preset--spacing--50);margin-bottom:var(--wp--preset--spacing--50)\"\/>\n\n\n\n<h2 class=\"wp-block-heading\">Tr\u01b0\u1edfng nh\u00f3m<\/h2>\n\n\n\n<div class=\"wp-block-group is-layout-flex wp-block-group-is-layout-flex\">\n<figure data-wp-context=\"{&quot;imageId&quot;:&quot;69f3ca7adf19f&quot;}\" data-wp-interactive=\"core\/image\" data-wp-key=\"69f3ca7adf19f\" class=\"wp-block-image size-full is-resized is-style-rounded wp-lightbox-container\"><img loading=\"lazy\" decoding=\"async\" width=\"400\" height=\"400\" data-wp-class--hide=\"state.isContentHidden\" data-wp-class--show=\"state.isContentVisible\" data-wp-init=\"callbacks.setButtonStyles\" data-wp-on--click=\"actions.showLightbox\" data-wp-on--load=\"callbacks.setButtonStyles\" data-wp-on-window--resize=\"callbacks.setButtonStyles\" src=\"https:\/\/sci.edu.vn\/home\/wp-content\/uploads\/2016\/02\/DEO5794-e1583913115462.png\" alt=\"\" class=\"wp-image-836\" style=\"width:256px\" srcset=\"https:\/\/sci.edu.vn\/home\/wp-content\/uploads\/2016\/02\/DEO5794-e1583913115462.png 400w, https:\/\/sci.edu.vn\/home\/wp-content\/uploads\/2016\/02\/DEO5794-e1583913115462-300x300.png 300w, https:\/\/sci.edu.vn\/home\/wp-content\/uploads\/2016\/02\/DEO5794-e1583913115462-150x150.png 150w\" sizes=\"auto, (max-width: 400px) 100vw, 400px\" \/><button\n\t\t\tclass=\"lightbox-trigger\"\n\t\t\ttype=\"button\"\n\t\t\taria-haspopup=\"dialog\"\n\t\t\taria-label=\"Enlarge\"\n\t\t\tdata-wp-init=\"callbacks.initTriggerButton\"\n\t\t\tdata-wp-on--click=\"actions.showLightbox\"\n\t\t\tdata-wp-style--right=\"state.imageButtonRight\"\n\t\t\tdata-wp-style--top=\"state.imageButtonTop\"\n\t\t>\n\t\t\t<svg xmlns=\"http:\/\/www.w3.org\/2000\/svg\" width=\"12\" height=\"12\" fill=\"none\" viewBox=\"0 0 12 12\">\n\t\t\t\t<path fill=\"#fff\" d=\"M2 0a2 2 0 0 0-2 2v2h1.5V2a.5.5 0 0 1 .5-.5h2V0H2Zm2 10.5H2a.5.5 0 0 1-.5-.5V8H0v2a2 2 0 0 0 2 2h2v-1.5ZM8 12v-1.5h2a.5.5 0 0 0 .5-.5V8H12v2a2 2 0 0 1-2 2H8Zm2-12a2 2 0 0 1 2 2v2h-1.5V2a.5.5 0 0 0-.5-.5H8V0h2Z\" \/>\n\t\t\t<\/svg>\n\t\t<\/button><\/figure>\n\n\n\n<p>TS. Nguy\u1ec5n Th\u1ecb T\u01b0\u1eddng V\u00e2n<\/p>\n<\/div>\n\n\n\n<h2 class=\"wp-block-heading\">Gi\u1edbi thi\u1ec7u nh\u00f3m<\/h2>\n\n\n\n<p>Ph\u01b0\u01a1ng ph\u00e1p chuy\u1ec3n giao ti th\u1ec3 trong \u0111i\u1ec1u tr\u1ecb v\u00e0 ph\u1ee5c h\u1ed3i c\u00e1c b\u1ec7nh l\u00fd ti th\u1ec3.<\/p>\n\n\n\n<p>Ti th\u1ec3 l\u00e0 b\u00e0o quan t\u1ea1o ra n\u0103ng l\u01b0\u1ee3ng ch\u00ednh cho c\u00e1c t\u1ebf b\u00e0o trong c\u01a1 th\u1ec3. Khi ti th\u1ec3 b\u1ecb t\u1ed5n th\u01b0\u01a1ng v\u00e0 m\u1ea5t ch\u1ee9c n\u0103ng s\u1ebd l\u00e0m t\u1ed5n th\u01b0\u01a1ng v\u00e0 ch\u1ebft t\u1ebf b\u00e0o, g\u00e2y ra c\u00e1c b\u1ec7nh l\u00fd kh\u00f3 ph\u1ee5c h\u1ed3i cho c\u01a1 th\u1ec3 nh\u01b0 teo c\u01a1, tho\u00e1i h\u00f3a v\u00f5ng m\u1ea1c, c\u01a1 tim v\u00e0 tho\u00e1i h\u00f3a n\u00e3o. \u0110i\u1ec1u tr\u1ecb c\u00e1c b\u1ec7nh ti th\u1ec3 kh\u00f3 kh\u0103n do ti th\u1ec3 l\u00e0 b\u00e0o quan ri\u00eang bi\u1ec7t, c\u00f3 b\u1ed9 gen ri\u00eang v\u00e0 kh\u00f3 ti\u1ebfp c\u1eadn. V\u00ec th\u1ebf c\u00e1c b\u1ec7nh l\u00fd v\u1ec1 \u0111\u1ebfn ti th\u1ec3 r\u1ea5t kh\u00f3 c\u00f3 th\u1ec3 ch\u1eefa tr\u1ecb b\u1eb1ng thu\u1ed1c th\u00f4ng th\u01b0\u1eddng.<\/p>\n\n\n\n<p>Tuy nhi\u00ean, nh\u1eefng n\u0103m g\u1ea7n \u0111\u00e2y, khoa h\u1ecdc \u0111\u00e3 ph\u00e1t hi\u1ec7n ra r\u1eb1ng ti th\u1ec3 trong t\u1ebf b\u00e0o c\u00f3 th\u1ec3 d\u1ec5 d\u00e0ng \u0111\u01b0\u1ee3c thay th\u1ec3 v\u00e0 b\u1ed5 sung, m\u1edf ra c\u01a1 h\u1ed9i \u0111i\u1ec1u tr\u1ecb b\u1eb1ng c\u00e1ch gh\u00e9p ti th\u1ec3 kh\u1ecfe m\u1ea1nh v\u00e0o t\u1ebf b\u00e0o b\u1ec7nh l\u00fd, gi\u00fap ph\u1ee5c h\u1ed3i ch\u1ee9c n\u0103ng t\u1ebf b\u00e0o. Ngo\u00e0i ra, ti th\u1ec3 c\u00f2n c\u00f3 th\u1ec3 \u0111\u01b0\u1ee3c chuy\u1ec3n \u0111\u1ed5i t\u1ef1 do gi\u1eefa c\u00e1c t\u1ebf b\u00e0o, l\u00e0m cho vi\u1ec7c chuy\u1ec3n giao ti th\u1ec3 tr\u1edf n\u00ean r\u1ea5t h\u1ee9a h\u1eb9n trong \u0111i\u1ec1u tr\u1ecb.<\/p>\n\n\n\n<p>Nh\u00f3m DTREAD h\u01b0\u1edbng \u0111\u1ebfn vi\u1ec7c t\u00ecm ra ph\u01b0\u01a1ng th\u1ee9c chuy\u1ec3n giao ti th\u1ec3 hi\u1ec7u qu\u1ea3 t\u1eeb c\u00e1c ngu\u1ed3n t\u1ebf b\u00e0o g\u1ed1c kh\u1ecfe m\u1ea1nh v\u00e0o c\u00e1c t\u1ebf b\u00e0o b\u1ec7nh l\u00fd \u0111\u1ec3 \u0111i\u1ec1u tr\u1ecb c\u00e1c b\u1ec7nh l\u00fd ti th\u1ec3 v\u00e0 tho\u00e1i h\u00f3a t\u1ebf b\u00e0o.<\/p>\n<\/div>\n<\/div>\n","protected":false},"excerpt":{"rendered":"<p>Nh\u00f3m Nghi\u00ean c\u1ee9u ch\u1ea9n \u0111o\u00e1n v\u00e0 \u0111i\u1ec1u tr\u1ecb Diagnostic and Therapeutic Research and Development (DTREAD) Tr\u01b0\u1edfng nh\u00f3m TS. Nguy\u1ec5n Th\u1ecb T\u01b0\u1eddng V\u00e2n Gi\u1edbi thi\u1ec7u nh\u00f3m Ph\u01b0\u01a1ng ph\u00e1p chuy\u1ec3n giao ti th\u1ec3 trong \u0111i\u1ec1u tr\u1ecb v\u00e0 ph\u1ee5c h\u1ed3i c\u00e1c b\u1ec7nh l\u00fd ti th\u1ec3. Ti th\u1ec3 l\u00e0 b\u00e0o quan t\u1ea1o ra n\u0103ng l\u01b0\u1ee3ng ch\u00ednh cho c\u00e1c t\u1ebf [&hellip;]<\/p>\n","protected":false},"author":291,"featured_media":0,"parent":715,"menu_order":0,"comment_status":"closed","ping_status":"closed","template":"full-width","meta":{"advanced_seo_description":"","jetpack_seo_html_title":"","jetpack_seo_noindex":false,"footnotes":""},"class_list":["post-2625","page","type-page","status-publish","hentry"],"jetpack_sharing_enabled":true,"_links":{"self":[{"href":"https:\/\/sci.edu.vn\/home\/wp-json\/wp\/v2\/pages\/2625","targetHints":{"allow":["GET"]}}],"collection":[{"href":"https:\/\/sci.edu.vn\/home\/wp-json\/wp\/v2\/pages"}],"about":[{"href":"https:\/\/sci.edu.vn\/home\/wp-json\/wp\/v2\/types\/page"}],"author":[{"embeddable":true,"href":"https:\/\/sci.edu.vn\/home\/wp-json\/wp\/v2\/users\/291"}],"replies":[{"embeddable":true,"href":"https:\/\/sci.edu.vn\/home\/wp-json\/wp\/v2\/comments?post=2625"}],"version-history":[{"count":8,"href":"https:\/\/sci.edu.vn\/home\/wp-json\/wp\/v2\/pages\/2625\/revisions"}],"predecessor-version":[{"id":4759,"href":"https:\/\/sci.edu.vn\/home\/wp-json\/wp\/v2\/pages\/2625\/revisions\/4759"}],"up":[{"embeddable":true,"href":"https:\/\/sci.edu.vn\/home\/wp-json\/wp\/v2\/pages\/715"}],"wp:attachment":[{"href":"https:\/\/sci.edu.vn\/home\/wp-json\/wp\/v2\/media?parent=2625"}],"curies":[{"name":"wp","href":"https:\/\/api.w.org\/{rel}","templated":true}]}}