{"id":263,"date":"2016-02-10T11:28:33","date_gmt":"2016-02-10T11:28:33","guid":{"rendered":"http:\/\/new.vientebaogoc.edu.vn\/?page_id=263"},"modified":"2020-12-22T14:51:09","modified_gmt":"2020-12-22T07:51:09","slug":"cbt","status":"publish","type":"page","link":"https:\/\/sci.edu.vn\/home\/media\/hinh-anh\/cbt\/","title":{"rendered":"CBT"},"content":{"rendered":"<p>[vc_row][vc_column][vc_single_image image=&#8221;1371&#8243; img_size=&#8221;full&#8221; alignment=&#8221;center&#8221; onclick=&#8221;img_link_large&#8221; css_animation=&#8221;bounceInUp&#8221;][vc_column_text]<\/p>\n<h1 style=\"text-align: center;\">TRUNG T\u00c2M \u0110\u00c0O T\u1ea0O Y SINH<\/h1>\n<p>[\/vc_column_text][\/vc_column][\/vc_row][vc_row][vc_column][vc_gallery type=&#8221;nivo&#8221; interval=&#8221;3&#8243; images=&#8221;1830,1829,1828&#8243; img_size=&#8221;full&#8221; css_animation=&#8221;fadeInLeftBig&#8221;][\/vc_column][\/vc_row]<\/p>\n","protected":false},"excerpt":{"rendered":"<p>[vc_row][vc_column][vc_single_image image=&#8221;1371&#8243; img_size=&#8221;full&#8221; alignment=&#8221;center&#8221; onclick=&#8221;img_link_large&#8221; css_animation=&#8221;bounceInUp&#8221;][vc_column_text] TRUNG T\u00c2M \u0110\u00c0O T\u1ea0O Y SINH [\/vc_column_text][\/vc_column][\/vc_row][vc_row][vc_column][vc_gallery type=&#8221;nivo&#8221; interval=&#8221;3&#8243; images=&#8221;1830,1829,1828&#8243; img_size=&#8221;full&#8221; css_animation=&#8221;fadeInLeftBig&#8221;][\/vc_column][\/vc_row]<\/p>\n","protected":false},"author":1,"featured_media":0,"parent":758,"menu_order":0,"comment_status":"closed","ping_status":"closed","template":"","meta":{"advanced_seo_description":"","jetpack_seo_html_title":"","jetpack_seo_noindex":false,"footnotes":""},"class_list":["post-263","page","type-page","status-publish","hentry"],"jetpack_sharing_enabled":true,"_links":{"self":[{"href":"https:\/\/sci.edu.vn\/home\/wp-json\/wp\/v2\/pages\/263","targetHints":{"allow":["GET"]}}],"collection":[{"href":"https:\/\/sci.edu.vn\/home\/wp-json\/wp\/v2\/pages"}],"about":[{"href":"https:\/\/sci.edu.vn\/home\/wp-json\/wp\/v2\/types\/page"}],"author":[{"embeddable":true,"href":"https:\/\/sci.edu.vn\/home\/wp-json\/wp\/v2\/users\/1"}],"replies":[{"embeddable":true,"href":"https:\/\/sci.edu.vn\/home\/wp-json\/wp\/v2\/comments?post=263"}],"version-history":[{"count":5,"href":"https:\/\/sci.edu.vn\/home\/wp-json\/wp\/v2\/pages\/263\/revisions"}],"predecessor-version":[{"id":1849,"href":"https:\/\/sci.edu.vn\/home\/wp-json\/wp\/v2\/pages\/263\/revisions\/1849"}],"up":[{"embeddable":true,"href":"https:\/\/sci.edu.vn\/home\/wp-json\/wp\/v2\/pages\/758"}],"wp:attachment":[{"href":"https:\/\/sci.edu.vn\/home\/wp-json\/wp\/v2\/media?parent=263"}],"curies":[{"name":"wp","href":"https:\/\/api.w.org\/{rel}","templated":true}]}}