{"id":2633,"date":"2023-03-27T09:30:30","date_gmt":"2023-03-27T02:30:30","guid":{"rendered":"https:\/\/sci.edu.vn\/?page_id=2633"},"modified":"2024-11-26T18:57:11","modified_gmt":"2024-11-26T11:57:11","slug":"bc","status":"publish","type":"page","link":"https:\/\/sci.edu.vn\/home\/nghien-cuu\/cac-nhom-nghien-cuu\/bc\/","title":{"rendered":"Nh\u00f3m Chip sinh h\u1ecdc (BioChip &#8211; BC)"},"content":{"rendered":"\n<div class=\"wp-block-group has-global-padding is-layout-constrained wp-block-group-is-layout-constrained\">\n<div class=\"wp-block-group has-global-padding is-layout-constrained wp-block-group-is-layout-constrained\">\n<h2 class=\"wp-block-heading has-text-align-center\">Chip sinh h\u1ecdc<\/h2>\n\n\n\n<h2 class=\"wp-block-heading has-text-align-center is-style-text-subtitle is-style-text-subtitle--1\">BioChip (BC)<\/h2>\n\n\n\n<hr class=\"wp-block-separator has-alpha-channel-opacity\" style=\"margin-top:var(--wp--preset--spacing--50);margin-bottom:var(--wp--preset--spacing--50)\"\/>\n\n\n\n<h2 class=\"wp-block-heading\">Tr\u01b0\u1edfng nh\u00f3m<\/h2>\n\n\n\n<div class=\"wp-block-group is-nowrap is-layout-flex wp-container-core-group-is-layout-6c531013 wp-block-group-is-layout-flex\">\n<figure data-wp-context=\"{&quot;imageId&quot;:&quot;69f3017cc3749&quot;}\" data-wp-interactive=\"core\/image\" data-wp-key=\"69f3017cc3749\" class=\"wp-block-image size-full is-resized is-style-rounded wp-lightbox-container\"><img loading=\"lazy\" decoding=\"async\" width=\"4032\" height=\"3024\" data-wp-class--hide=\"state.isContentHidden\" data-wp-class--show=\"state.isContentVisible\" data-wp-init=\"callbacks.setButtonStyles\" data-wp-on--click=\"actions.showLightbox\" data-wp-on--load=\"callbacks.setButtonStyles\" data-wp-on-window--resize=\"callbacks.setButtonStyles\" src=\"https:\/\/sci.edu.vn\/home\/wp-content\/uploads\/2023\/03\/Duong-Duy-Duong.jpg\" alt=\"\" class=\"wp-image-2523\" style=\"width:256px\"\/><button\n\t\t\tclass=\"lightbox-trigger\"\n\t\t\ttype=\"button\"\n\t\t\taria-haspopup=\"dialog\"\n\t\t\taria-label=\"Enlarge\"\n\t\t\tdata-wp-init=\"callbacks.initTriggerButton\"\n\t\t\tdata-wp-on--click=\"actions.showLightbox\"\n\t\t\tdata-wp-style--right=\"state.imageButtonRight\"\n\t\t\tdata-wp-style--top=\"state.imageButtonTop\"\n\t\t>\n\t\t\t<svg xmlns=\"http:\/\/www.w3.org\/2000\/svg\" width=\"12\" height=\"12\" fill=\"none\" viewBox=\"0 0 12 12\">\n\t\t\t\t<path fill=\"#fff\" d=\"M2 0a2 2 0 0 0-2 2v2h1.5V2a.5.5 0 0 1 .5-.5h2V0H2Zm2 10.5H2a.5.5 0 0 1-.5-.5V8H0v2a2 2 0 0 0 2 2h2v-1.5ZM8 12v-1.5h2a.5.5 0 0 0 .5-.5V8H12v2a2 2 0 0 1-2 2H8Zm2-12a2 2 0 0 1 2 2v2h-1.5V2a.5.5 0 0 0-.5-.5H8V0h2Z\" \/>\n\t\t\t<\/svg>\n\t\t<\/button><\/figure>\n\n\n\n<p>TS. D\u01b0\u01a1ng Duy D\u01b0\u01a1ng<\/p>\n<\/div>\n\n\n\n<h2 class=\"wp-block-heading is-style-default\">Gi\u1edbi thi\u1ec7u nh\u00f3m<\/h2>\n\n\n\n<p>Chip Sinh h\u1ecdc (Biochip) l\u00e0 m\u1ed9t thi\u1ebft b\u1ecb nh\u1ecf g\u1ecdn s\u1eed d\u1ee5ng \u0111\u1ec3 th\u1ef1c hi\u1ec7n c\u00e1c ph\u00e2n t\u00edch sinh h\u1ecdc, sinh h\u00f3a hay h\u00f3a h\u1ecdc tr\u00ean c\u01a1 s\u1edf b\u1eaft gi\u1eef v\u00e0 ph\u00e1t hi\u1ec7n c\u00e1c ph\u00e2n t\u1eed sinh h\u1ecdc nh\u01b0 DNA, RNA v\u00e0 protein c\u0169ng nh\u01b0 t\u1ebf b\u00e0o. Biochip s\u1eed d\u1ee5ng trong gi\u00e1m s\u00e1t, theo d\u00f5i v\u00e0 ch\u1ea9n \u0111o\u00e1n b\u1ec7nh. Ngo\u00e0i ra Biochip c\u00f2n l\u00e0 c\u00f4ng c\u1ee5 hi\u1ec7u qu\u1ea3 s\u1eed d\u1ee5ng trong c\u00e1c nghi\u00ean c\u1ee9u, \u0111\u00e1nh gi\u00e1 c\u00e1c ch\u1ec9 s\u1ed1 sinh h\u00f3a, sinh l\u00fd v\u00e0 t\u1ebf b\u00e0o h\u1ecdc. Nh\u1eb1m ph\u00e1t tri\u1ec3n c\u00e1c s\u1ea3n ph\u1ea9m tr\u00ean n\u1ec1n t\u1ea3ng c\u00e1c c\u00f4ng ngh\u1ec7 c\u1ee7a t\u1ebf b\u00e0o v\u00e0 t\u1ebf b\u00e0o g\u1ed1c c\u1ee7a Vi\u1ec7n T\u1ebf b\u00e0o g\u1ed1c, Vi\u1ec7n T\u1ebf b\u00e0o g\u1ed1c, Tr\u01b0\u1eddng \u0110\u1ea1i h\u1ecdc Khoa h\u1ecdc T\u1ef1 nhi\u00ean, \u0110HQG-HCM th\u00e0nh l\u1eadp nh\u00f3m nghi\u00ean c\u1ee9u v\u1ec1 chip sinh h\u1ecdc (Biochip).<\/p>\n\n\n\n<p>M\u1ee5c ti\u00eau c\u1ee7a nh\u00f3m n\u00e0y l\u00e0 \u00e1p d\u1ee5ng nguy\u00ean l\u00fd c\u1ee7a vi ch\u1ea5t l\u1ecfng (microfluidic), h\u1ec7 th\u1ed1ng vi c\u01a1 \u0111i\u1ec7n (Microelectromechanical systems), c\u00f4ng ngh\u1ec7 sinh h\u1ecdc v\u00e0 c\u00f4ng ngh\u1ec7 nano v\u00e0o sinh h\u1ecdc \u0111\u1ec3 nghi\u00ean c\u1ee9u v\u00e0 ch\u1ebf t\u1ea1o c\u00e1c thi\u1ebft b\u1ecb y sinh h\u1ecdc trong x\u00e9t nghi\u1ec7m, ch\u1ea9n \u0111o\u00e1n v\u00e0 s\u1ea3n xu\u1ea5t li\u00ean quan \u0111\u1ebfn t\u1ebf b\u00e0o v\u00e0 t\u1ebf b\u00e0o g\u1ed1c.<\/p>\n<\/div>\n<\/div>\n","protected":false},"excerpt":{"rendered":"<p>Chip sinh h\u1ecdc BioChip (BC) Tr\u01b0\u1edfng nh\u00f3m TS. D\u01b0\u01a1ng Duy D\u01b0\u01a1ng Gi\u1edbi thi\u1ec7u nh\u00f3m Chip Sinh h\u1ecdc (Biochip) l\u00e0 m\u1ed9t thi\u1ebft b\u1ecb nh\u1ecf g\u1ecdn s\u1eed d\u1ee5ng \u0111\u1ec3 th\u1ef1c hi\u1ec7n c\u00e1c ph\u00e2n t\u00edch sinh h\u1ecdc, sinh h\u00f3a hay h\u00f3a h\u1ecdc tr\u00ean c\u01a1 s\u1edf b\u1eaft gi\u1eef v\u00e0 ph\u00e1t hi\u1ec7n c\u00e1c ph\u00e2n t\u1eed sinh h\u1ecdc nh\u01b0 DNA, RNA [&hellip;]<\/p>\n","protected":false},"author":291,"featured_media":0,"parent":715,"menu_order":0,"comment_status":"closed","ping_status":"closed","template":"full-width","meta":{"advanced_seo_description":"","jetpack_seo_html_title":"","jetpack_seo_noindex":false,"footnotes":""},"class_list":["post-2633","page","type-page","status-publish","hentry"],"jetpack_sharing_enabled":true,"_links":{"self":[{"href":"https:\/\/sci.edu.vn\/home\/wp-json\/wp\/v2\/pages\/2633","targetHints":{"allow":["GET"]}}],"collection":[{"href":"https:\/\/sci.edu.vn\/home\/wp-json\/wp\/v2\/pages"}],"about":[{"href":"https:\/\/sci.edu.vn\/home\/wp-json\/wp\/v2\/types\/page"}],"author":[{"embeddable":true,"href":"https:\/\/sci.edu.vn\/home\/wp-json\/wp\/v2\/users\/291"}],"replies":[{"embeddable":true,"href":"https:\/\/sci.edu.vn\/home\/wp-json\/wp\/v2\/comments?post=2633"}],"version-history":[{"count":10,"href":"https:\/\/sci.edu.vn\/home\/wp-json\/wp\/v2\/pages\/2633\/revisions"}],"predecessor-version":[{"id":4766,"href":"https:\/\/sci.edu.vn\/home\/wp-json\/wp\/v2\/pages\/2633\/revisions\/4766"}],"up":[{"embeddable":true,"href":"https:\/\/sci.edu.vn\/home\/wp-json\/wp\/v2\/pages\/715"}],"wp:attachment":[{"href":"https:\/\/sci.edu.vn\/home\/wp-json\/wp\/v2\/media?parent=2633"}],"curies":[{"name":"wp","href":"https:\/\/api.w.org\/{rel}","templated":true}]}}