{"id":2690,"date":"2023-04-27T11:55:46","date_gmt":"2023-04-27T04:55:46","guid":{"rendered":"https:\/\/sci.edu.vn\/?page_id=2690"},"modified":"2024-11-23T13:42:39","modified_gmt":"2024-11-23T06:42:39","slug":"as","status":"publish","type":"page","link":"https:\/\/sci.edu.vn\/home\/nghien-cuu\/cac-nhom-nghien-cuu\/as\/","title":{"rendered":"Nh\u00f3m Khoa h\u1ecdc l\u00e3o h\u00f3a (Aging Science &#8211; AS)"},"content":{"rendered":"\n<div class=\"wp-block-group has-global-padding is-layout-constrained wp-block-group-is-layout-constrained\">\n<div class=\"wp-block-group has-global-padding is-layout-constrained wp-block-group-is-layout-constrained\">\n<h2 class=\"wp-block-heading has-text-align-center\">Nh\u00f3m Khoa h\u1ecdc l\u00e3o h\u00f3a<\/h2>\n\n\n\n<p class=\"has-text-align-center is-style-text-subtitle is-style-text-subtitle--1\">Aging Science (AS)<\/p>\n\n\n\n<hr class=\"wp-block-separator has-alpha-channel-opacity\"\/>\n\n\n\n<h2 class=\"wp-block-heading\">Gi\u1edbi thi\u1ec7u nh\u00f3m<\/h2>\n\n\n\n<p>\u0110\u01b0\u1ee3c th\u00e0nh l\u1eadp v\u00e0o \u0111\u1ea7u n\u0103m 2023, h\u01b0\u1edbng nghi\u00ean c\u1ee9u t\u1eadp trung v\u00e0o vi\u1ec7c t\u00ecm hi\u1ec3u c\u00e1c con \u0111\u01b0\u1eddng t\u00edn hi\u1ec7u li\u00ean quan \u0111\u1ebfn s\u1ef1 l\u00e3o h\u00f3a bao g\u1ed3m s\u1ef1 m\u1ea5t \u1ed5n \u0111\u1ecbnh c\u1ee7a b\u1ed9 gen, s\u1ef1 suy gi\u1ea3m telomere, thay \u0111\u1ed5i di truy\u1ec1n bi\u1ec3u sinh, m\u1ea5t kh\u1ea3 n\u0103ng c\u00e2n b\u1eb1ng protein, kh\u1ea3 n\u0103ng t\u1ef1 th\u1ef1c b\u00e0o b\u1ecb v\u00f4 hi\u1ec7u h\u00f3a, m\u1ea5t \u0111i\u1ec1u h\u00f2a s\u1ef1 c\u1ea3m \u1ee9ng dinh d\u01b0\u1ee1ng, r\u1ed1i lo\u1ea1n ch\u1ee9c n\u0103ng ty th\u1ec3, l\u00e3o h\u00f3a t\u1ebf b\u00e0o, c\u1ea1n ki\u1ec7t t\u1ebf b\u00e0o g\u1ed1c, nh\u1eefng thay \u0111\u1ed5i trong giao ti\u1ebfp n\u1ed9i b\u00e0o, vi\u00eam m\u00e3n t\u00ednh v\u00e0 lo\u1ea1n khu\u1ea9n.<\/p>\n\n\n\n<p>C\u00e1c b\u01b0\u1edbc kh\u1edfi \u0111\u1ea7u c\u1ee7a nh\u00f3m nghi\u00ean c\u1ee9u t\u1eadp trung v\u00e0o l\u00e3o h\u00f3a t\u1ebf b\u00e0o, trong \u0111\u00f3 bao g\u1ed3m x\u00e2y d\u1ef1ng m\u00f4 h\u00ecnh t\u1ebf b\u00e0o l\u00e3o h\u00f3a d\u01b0\u1edbi c\u00e1c t\u00e1c nh\u00e2n b\u00ean trong l\u1eabn b\u00ean ngo\u00e0i t\u1ebf b\u00e0o, \u0111\u00e1nh gi\u00e1 c\u00e1c bi\u1ec3u hi\u1ec7n c\u1ee7a l\u00e3o h\u00f3a t\u1ebf b\u00e0o th\u00f4ng qua s\u1ef1 bi\u1ec3u hi\u1ec7n c\u1ee7a beta-galactosidase, c\u00e1c thay \u0111\u1ed5i trong bi\u1ec3u hi\u1ec7n c\u00e1c gen li\u00ean quan nh\u01b0 p16, p21, p53, c\u00e1c s\u1ea3n ph\u1ea9m c\u1ee7a qu\u00e1 tr\u00ecnh l\u00e3o h\u00f3a nh\u01b0 IL6, IL8.<\/p>\n\n\n\n<p>Nh\u00f3m nghi\u00ean c\u1ee9u c\u0169ng t\u00ecm ki\u1ebfm nh\u1eefng t\u00e1c nh\u00e2n c\u00f3 ngu\u1ed3n g\u1ed1c t\u1ef1 nhi\u00ean c\u00f3 th\u1ec3 can thi\u1ec7p v\u00e0o c\u00e1c con \u0111\u01b0\u1eddng truy\u1ec1n t\u00edn hi\u1ec7u li\u00ean quan \u0111\u1ebfn l\u00e3o h\u00f3a t\u1ebf b\u00e0o, \u0111\u1eb7c bi\u1ec7t c\u00f3 ngu\u1ed3n g\u1ed1c t\u1eeb Vi\u1ec7t Nam nh\u01b0 c\u00e1c th\u1ef1c v\u1eadt, \u0111\u1ed9ng v\u1eadt \u0111\u1eb7c h\u1eefu trong khu v\u1ef1c.<\/p>\n\n\n\n<p>Nh\u00e2n s\u1ef1 nh\u00f3m nghi\u00ean c\u1ee9u hi\u1ec7n nay c\u00f3:<\/p>\n\n\n\n<ul class=\"wp-block-list\">\n<li>Ths. V\u00f5 H\u1ed3ng Ph\u00fac<\/li>\n<\/ul>\n\n\n\n<p>V\u1ec1 \u0111\u00e0o t\u1ea1o, hi\u1ec7n nh\u00f3m nghi\u00ean c\u1ee9u \u0111\u00e3 \u0111\u00e0o t\u1ea1o t\u1ed1t nghi\u1ec7p 1 th\u1ea1c s\u0129 v\u00e0 5 c\u1eed nh\u00e2n ch\u1ea5t l\u01b0\u1ee3ng cao, 1 c\u1eed nh\u00e2n sinh h\u1ecdc.<\/p>\n<\/div>\n<\/div>\n","protected":false},"excerpt":{"rendered":"<p>Nh\u00f3m Khoa h\u1ecdc l\u00e3o h\u00f3a Aging Science (AS) Gi\u1edbi thi\u1ec7u nh\u00f3m \u0110\u01b0\u1ee3c th\u00e0nh l\u1eadp v\u00e0o \u0111\u1ea7u n\u0103m 2023, h\u01b0\u1edbng nghi\u00ean c\u1ee9u t\u1eadp trung v\u00e0o vi\u1ec7c t\u00ecm hi\u1ec3u c\u00e1c con \u0111\u01b0\u1eddng t\u00edn hi\u1ec7u li\u00ean quan \u0111\u1ebfn s\u1ef1 l\u00e3o h\u00f3a bao g\u1ed3m s\u1ef1 m\u1ea5t \u1ed5n \u0111\u1ecbnh c\u1ee7a b\u1ed9 gen, s\u1ef1 suy gi\u1ea3m telomere, thay \u0111\u1ed5i di truy\u1ec1n [&hellip;]<\/p>\n","protected":false},"author":291,"featured_media":0,"parent":715,"menu_order":0,"comment_status":"closed","ping_status":"closed","template":"full-width","meta":{"advanced_seo_description":"","jetpack_seo_html_title":"","jetpack_seo_noindex":false,"footnotes":""},"class_list":["post-2690","page","type-page","status-publish","hentry"],"jetpack_sharing_enabled":true,"_links":{"self":[{"href":"https:\/\/sci.edu.vn\/home\/wp-json\/wp\/v2\/pages\/2690","targetHints":{"allow":["GET"]}}],"collection":[{"href":"https:\/\/sci.edu.vn\/home\/wp-json\/wp\/v2\/pages"}],"about":[{"href":"https:\/\/sci.edu.vn\/home\/wp-json\/wp\/v2\/types\/page"}],"author":[{"embeddable":true,"href":"https:\/\/sci.edu.vn\/home\/wp-json\/wp\/v2\/users\/291"}],"replies":[{"embeddable":true,"href":"https:\/\/sci.edu.vn\/home\/wp-json\/wp\/v2\/comments?post=2690"}],"version-history":[{"count":8,"href":"https:\/\/sci.edu.vn\/home\/wp-json\/wp\/v2\/pages\/2690\/revisions"}],"predecessor-version":[{"id":4441,"href":"https:\/\/sci.edu.vn\/home\/wp-json\/wp\/v2\/pages\/2690\/revisions\/4441"}],"up":[{"embeddable":true,"href":"https:\/\/sci.edu.vn\/home\/wp-json\/wp\/v2\/pages\/715"}],"wp:attachment":[{"href":"https:\/\/sci.edu.vn\/home\/wp-json\/wp\/v2\/media?parent=2690"}],"curies":[{"name":"wp","href":"https:\/\/api.w.org\/{rel}","templated":true}]}}