{"id":4040,"date":"2024-11-20T10:05:02","date_gmt":"2024-11-20T03:05:02","guid":{"rendered":"https:\/\/sci.edu.vn\/home\/?page_id=4040"},"modified":"2026-04-13T08:50:37","modified_gmt":"2026-04-13T01:50:37","slug":"pham-van-phuc","status":"publish","type":"page","link":"https:\/\/sci.edu.vn\/home\/ve-chung-toi\/doi-ngu\/ban-lanh-dao\/pham-van-phuc\/","title":{"rendered":"PGS. TS. Ph\u1ea1m V\u0103n Ph\u00fac"},"content":{"rendered":"\n<div class=\"wp-block-group has-global-padding is-layout-constrained wp-container-core-group-is-layout-5a30f31b wp-block-group-is-layout-constrained\">\n<div class=\"wp-block-group has-background is-layout-flex wp-block-group-is-layout-flex\" style=\"border-radius:1rem;background-color:#f25e30;padding-top:var(--wp--preset--spacing--30);padding-right:var(--wp--preset--spacing--30);padding-bottom:var(--wp--preset--spacing--30);padding-left:var(--wp--preset--spacing--30)\">\n<figure data-wp-context=\"{&quot;imageId&quot;:&quot;6a06edf121885&quot;}\" data-wp-interactive=\"core\/image\" data-wp-key=\"6a06edf121885\" class=\"wp-block-image size-full is-resized is-style-rounded wp-lightbox-container\"><img loading=\"lazy\" decoding=\"async\" width=\"1440\" height=\"1440\" data-wp-class--hide=\"state.isContentHidden\" data-wp-class--show=\"state.isContentVisible\" data-wp-init=\"callbacks.setButtonStyles\" data-wp-on--click=\"actions.showLightbox\" data-wp-on--load=\"callbacks.setButtonStyles\" data-wp-on-window--resize=\"callbacks.setButtonStyles\" src=\"https:\/\/sci.edu.vn\/home\/wp-content\/uploads\/2024\/01\/3.png\" alt=\"\" class=\"wp-image-3384\" style=\"width:200px\" srcset=\"https:\/\/sci.edu.vn\/home\/wp-content\/uploads\/2024\/01\/3.png 1440w, https:\/\/sci.edu.vn\/home\/wp-content\/uploads\/2024\/01\/3-300x300.png 300w, https:\/\/sci.edu.vn\/home\/wp-content\/uploads\/2024\/01\/3-1024x1024.png 1024w, https:\/\/sci.edu.vn\/home\/wp-content\/uploads\/2024\/01\/3-150x150.png 150w, https:\/\/sci.edu.vn\/home\/wp-content\/uploads\/2024\/01\/3-768x768.png 768w\" sizes=\"auto, (max-width: 1440px) 100vw, 1440px\" \/><button\n\t\t\tclass=\"lightbox-trigger\"\n\t\t\ttype=\"button\"\n\t\t\taria-haspopup=\"dialog\"\n\t\t\taria-label=\"Enlarge\"\n\t\t\tdata-wp-init=\"callbacks.initTriggerButton\"\n\t\t\tdata-wp-on--click=\"actions.showLightbox\"\n\t\t\tdata-wp-style--right=\"state.imageButtonRight\"\n\t\t\tdata-wp-style--top=\"state.imageButtonTop\"\n\t\t>\n\t\t\t<svg xmlns=\"http:\/\/www.w3.org\/2000\/svg\" width=\"12\" height=\"12\" fill=\"none\" viewBox=\"0 0 12 12\">\n\t\t\t\t<path fill=\"#fff\" d=\"M2 0a2 2 0 0 0-2 2v2h1.5V2a.5.5 0 0 1 .5-.5h2V0H2Zm2 10.5H2a.5.5 0 0 1-.5-.5V8H0v2a2 2 0 0 0 2 2h2v-1.5ZM8 12v-1.5h2a.5.5 0 0 0 .5-.5V8H12v2a2 2 0 0 1-2 2H8Zm2-12a2 2 0 0 1 2 2v2h-1.5V2a.5.5 0 0 0-.5-.5H8V0h2Z\" \/>\n\t\t\t<\/svg>\n\t\t<\/button><\/figure>\n\n\n\n<div class=\"wp-block-group has-base-color has-text-color has-link-color wp-elements-4416a0719fd8b97c8f41146f38629e76 wp-container-content-9cfa9a5a is-vertical is-content-justification-center is-layout-flex wp-container-core-group-is-layout-ce155fab wp-block-group-is-layout-flex\">\n<h2 class=\"wp-block-heading has-text-align-center\">PGS. TS. Ph\u1ea1m V\u0103n Ph\u00fac<\/h2>\n\n\n\n<h2 class=\"wp-block-heading is-style-default has-base-color has-text-color has-background has-link-color has-large-font-size wp-elements-8444429eee2b1fca888b7dc016e26a4b\" style=\"border-radius:1rem;background-color:#5cba3c;padding-top:var(--wp--preset--spacing--20);padding-right:var(--wp--preset--spacing--20);padding-bottom:var(--wp--preset--spacing--20);padding-left:var(--wp--preset--spacing--20)\">Vi\u1ec7n tr\u01b0\u1edfng<\/h2>\n\n\n\n<p class=\"has-text-align-center\"><a href=\"mailto:phucpham@sci.edu.vn\">phucpham@sci.edu.vn<\/a><\/p>\n<\/div>\n<\/div>\n\n\n\n<div class=\"wp-block-group alignwide has-global-padding is-layout-constrained wp-block-group-is-layout-constrained\">\n<p>PGS.TS. Ph\u1ea1m V\u0103n Ph\u00fac c\u00f3 20 n\u0103m kinh nghi\u1ec7m trong nghi\u00ean c\u1ee9u \u1ee9ng d\u1ee5ng t\u1ebf b\u00e0o g\u1ed1c.<\/p>\n<\/div>\n\n\n\n<div class=\"wp-block-columns is-layout-flex wp-container-core-columns-is-layout-28f84493 wp-block-columns-is-layout-flex\">\n<div class=\"wp-block-column is-layout-flow wp-block-column-is-layout-flow\" style=\"flex-basis:50%\">\n<div class=\"wp-block-group alignwide has-global-padding is-layout-constrained wp-block-group-is-layout-constrained\">\n<h2 class=\"wp-block-heading\">Qu\u00e1 tr\u00ecnh c\u00f4ng t\u00e1c<\/h2>\n\n\n\n<h3 class=\"wp-block-heading has-text-align-left is-style-default has-background has-medium-font-size\" style=\"border-radius:1rem;background-color:#eeeeee;padding-top:var(--wp--preset--spacing--20);padding-right:var(--wp--preset--spacing--20);padding-bottom:var(--wp--preset--spacing--20);padding-left:var(--wp--preset--spacing--20);font-style:normal;font-weight:700\">2005-Nay<\/h3>\n\n\n\n<p style=\"padding-right:var(--wp--preset--spacing--30);padding-left:var(--wp--preset--spacing--30)\">C\u00e1n b\u1ed9 gi\u1ea3ng Khoa Sinh-CNSH, Tr\u01b0\u1eddng \u0110HKHTN, \u0110HQG Tp.HCM<\/p>\n\n\n\n<h3 class=\"wp-block-heading has-background has-medium-font-size\" style=\"border-radius:1rem;background-color:#eeeeee;padding-top:var(--wp--preset--spacing--20);padding-right:var(--wp--preset--spacing--20);padding-bottom:var(--wp--preset--spacing--20);padding-left:var(--wp--preset--spacing--20);font-style:normal;font-weight:700\">2007-2016<\/h3>\n\n\n\n<p style=\"padding-right:var(--wp--preset--spacing--30);padding-left:var(--wp--preset--spacing--30)\">Ph\u00f3 tr\u01b0\u1edfng ph\u00f2ng PTN Nghi\u00ean c\u1ee9u v\u00e0 \u1ee8ng d\u1ee5ng T\u1ebf b\u00e0o g\u1ed1c<\/p>\n\n\n\n<h3 class=\"wp-block-heading has-background has-medium-font-size\" style=\"border-radius:1rem;background-color:#eeeeee;padding-top:var(--wp--preset--spacing--20);padding-right:var(--wp--preset--spacing--20);padding-bottom:var(--wp--preset--spacing--20);padding-left:var(--wp--preset--spacing--20);font-style:normal;font-weight:700\">2017-Nay<\/h3>\n\n\n\n<p style=\"padding-right:var(--wp--preset--spacing--30);padding-left:var(--wp--preset--spacing--30)\">Vi\u1ec7n Tr\u01b0\u1edfng Vi\u1ec7n T\u1ebf b\u00e0o g\u1ed1c<\/p>\n\n\n\n<div class=\"wp-block-group is-vertical is-layout-flex wp-container-core-group-is-layout-fe9cc265 wp-block-group-is-layout-flex\">\n<h3 class=\"wp-block-heading has-background has-medium-font-size\" style=\"border-radius:1rem;background-color:#eeeeee;padding-top:var(--wp--preset--spacing--20);padding-right:var(--wp--preset--spacing--20);padding-bottom:var(--wp--preset--spacing--20);padding-left:var(--wp--preset--spacing--20);font-style:normal;font-weight:700\">2017-2018<\/h3>\n\n\n\n<p style=\"padding-right:var(--wp--preset--spacing--30);padding-left:var(--wp--preset--spacing--30)\">Ph\u00f3 T\u1ed5ng bi\u00ean t\u1eadp T\u1ea1p ch\u00ed PTKHCN, \u0110HQG Tp.HCM<\/p>\n<\/div>\n\n\n\n<div class=\"wp-block-group is-vertical is-layout-flex wp-container-core-group-is-layout-fe9cc265 wp-block-group-is-layout-flex\">\n<h3 class=\"wp-block-heading has-background has-medium-font-size\" style=\"border-radius:1rem;background-color:#eeeeee;padding-top:var(--wp--preset--spacing--20);padding-right:var(--wp--preset--spacing--20);padding-bottom:var(--wp--preset--spacing--20);padding-left:var(--wp--preset--spacing--20);font-style:normal;font-weight:700\">2019-6\/2021<\/h3>\n\n\n\n<p style=\"padding-right:var(--wp--preset--spacing--30);padding-left:var(--wp--preset--spacing--30)\">Quy\u1ec1n T\u1ed5ng bi\u00ean t\u1eadp T\u1ea1p ch\u00ed PTKHCN, \u0110HQG Tp.HCM<\/p>\n<\/div>\n\n\n\n<div class=\"wp-block-group is-vertical is-layout-flex wp-container-core-group-is-layout-fe9cc265 wp-block-group-is-layout-flex\">\n<h3 class=\"wp-block-heading has-background has-medium-font-size\" style=\"border-radius:1rem;background-color:#eeeeee;padding-top:var(--wp--preset--spacing--20);padding-right:var(--wp--preset--spacing--20);padding-bottom:var(--wp--preset--spacing--20);padding-left:var(--wp--preset--spacing--20);font-style:normal;font-weight:700\">7\/2021 &#8211; 2025<\/h3>\n\n\n\n<p style=\"padding-right:var(--wp--preset--spacing--30);padding-left:var(--wp--preset--spacing--30)\">T\u1ed5ng bi\u00ean t\u1eadp T\u1ea1p ch\u00ed PTKHCN, \u0110HQG Tp.HCM<\/p>\n<\/div>\n<\/div>\n<\/div>\n<\/div>\n<\/div>\n\n\n\n<p><\/p>\n","protected":false},"excerpt":{"rendered":"<p>PGS. TS. Ph\u1ea1m V\u0103n Ph\u00fac Vi\u1ec7n tr\u01b0\u1edfng phucpham@sci.edu.vn PGS.TS. Ph\u1ea1m V\u0103n Ph\u00fac c\u00f3 20 n\u0103m kinh nghi\u1ec7m trong nghi\u00ean c\u1ee9u \u1ee9ng d\u1ee5ng t\u1ebf b\u00e0o g\u1ed1c. Qu\u00e1 tr\u00ecnh c\u00f4ng t\u00e1c 2005-Nay C\u00e1n b\u1ed9 gi\u1ea3ng Khoa Sinh-CNSH, Tr\u01b0\u1eddng \u0110HKHTN, \u0110HQG Tp.HCM 2007-2016 Ph\u00f3 tr\u01b0\u1edfng ph\u00f2ng PTN Nghi\u00ean c\u1ee9u v\u00e0 \u1ee8ng d\u1ee5ng T\u1ebf b\u00e0o g\u1ed1c 2017-Nay Vi\u1ec7n Tr\u01b0\u1edfng [&hellip;]<\/p>\n","protected":false},"author":1,"featured_media":0,"parent":4032,"menu_order":0,"comment_status":"closed","ping_status":"closed","template":"full-width","meta":{"advanced_seo_description":"","jetpack_seo_html_title":"","jetpack_seo_noindex":false,"footnotes":""},"class_list":["post-4040","page","type-page","status-publish","hentry"],"jetpack_sharing_enabled":true,"_links":{"self":[{"href":"https:\/\/sci.edu.vn\/home\/wp-json\/wp\/v2\/pages\/4040","targetHints":{"allow":["GET"]}}],"collection":[{"href":"https:\/\/sci.edu.vn\/home\/wp-json\/wp\/v2\/pages"}],"about":[{"href":"https:\/\/sci.edu.vn\/home\/wp-json\/wp\/v2\/types\/page"}],"author":[{"embeddable":true,"href":"https:\/\/sci.edu.vn\/home\/wp-json\/wp\/v2\/users\/1"}],"replies":[{"embeddable":true,"href":"https:\/\/sci.edu.vn\/home\/wp-json\/wp\/v2\/comments?post=4040"}],"version-history":[{"count":24,"href":"https:\/\/sci.edu.vn\/home\/wp-json\/wp\/v2\/pages\/4040\/revisions"}],"predecessor-version":[{"id":5352,"href":"https:\/\/sci.edu.vn\/home\/wp-json\/wp\/v2\/pages\/4040\/revisions\/5352"}],"up":[{"embeddable":true,"href":"https:\/\/sci.edu.vn\/home\/wp-json\/wp\/v2\/pages\/4032"}],"wp:attachment":[{"href":"https:\/\/sci.edu.vn\/home\/wp-json\/wp\/v2\/media?parent=4040"}],"curies":[{"name":"wp","href":"https:\/\/api.w.org\/{rel}","templated":true}]}}