{"id":4137,"date":"2024-11-21T08:11:10","date_gmt":"2024-11-21T01:11:10","guid":{"rendered":"https:\/\/sci.edu.vn\/home\/?page_id=4137"},"modified":"2024-11-21T16:35:51","modified_gmt":"2024-11-21T09:35:51","slug":"nghien-cuu","status":"publish","type":"page","link":"https:\/\/sci.edu.vn\/home\/nghien-cuu\/","title":{"rendered":"Nghi\u00ean c\u1ee9u"},"content":{"rendered":"\n<div class=\"wp-block-group has-global-padding is-layout-constrained wp-block-group-is-layout-constrained\">\n<div class=\"wp-block-group alignwide has-global-padding is-layout-constrained wp-block-group-is-layout-constrained\">\n<div class=\"wp-block-buttons is-vertical is-content-justification-center is-layout-flex wp-container-core-buttons-is-layout-6363bf74 wp-block-buttons-is-layout-flex\">\n<div class=\"wp-block-button has-custom-width wp-block-button__width-100\"><a class=\"wp-block-button__link wp-element-button\" href=\"https:\/\/sci.edu.vn\/home\/nghien-cuu\/chu-de\/\">Ch\u1ee7 \u0111\u1ec1 nghi\u00ean c\u1ee9u<\/a><\/div>\n\n\n\n<div class=\"wp-block-button has-custom-width wp-block-button__width-100\"><a class=\"wp-block-button__link wp-element-button\" href=\"https:\/\/sci.edu.vn\/home\/nghien-cuu\/cac-nhom-nghien-cuu\/\">C\u00e1c nh\u00f3m nghi\u00ean c\u1ee9u<\/a><\/div>\n\n\n\n<div class=\"wp-block-button has-custom-width wp-block-button__width-100\"><a class=\"wp-block-button__link wp-element-button\" href=\"https:\/\/sci.edu.vn\/home\/nghien-cuu\/cong-bo\/\">C\u00f4ng b\u1ed1<\/a><\/div>\n<\/div>\n<\/div>\n<\/div>\n","protected":false},"excerpt":{"rendered":"","protected":false},"author":1,"featured_media":0,"parent":0,"menu_order":0,"comment_status":"closed","ping_status":"closed","template":"full-width","meta":{"advanced_seo_description":"","jetpack_seo_html_title":"","jetpack_seo_noindex":false,"footnotes":""},"class_list":["post-4137","page","type-page","status-publish","hentry"],"jetpack_sharing_enabled":true,"_links":{"self":[{"href":"https:\/\/sci.edu.vn\/home\/wp-json\/wp\/v2\/pages\/4137","targetHints":{"allow":["GET"]}}],"collection":[{"href":"https:\/\/sci.edu.vn\/home\/wp-json\/wp\/v2\/pages"}],"about":[{"href":"https:\/\/sci.edu.vn\/home\/wp-json\/wp\/v2\/types\/page"}],"author":[{"embeddable":true,"href":"https:\/\/sci.edu.vn\/home\/wp-json\/wp\/v2\/users\/1"}],"replies":[{"embeddable":true,"href":"https:\/\/sci.edu.vn\/home\/wp-json\/wp\/v2\/comments?post=4137"}],"version-history":[{"count":12,"href":"https:\/\/sci.edu.vn\/home\/wp-json\/wp\/v2\/pages\/4137\/revisions"}],"predecessor-version":[{"id":4362,"href":"https:\/\/sci.edu.vn\/home\/wp-json\/wp\/v2\/pages\/4137\/revisions\/4362"}],"wp:attachment":[{"href":"https:\/\/sci.edu.vn\/home\/wp-json\/wp\/v2\/media?parent=4137"}],"curies":[{"name":"wp","href":"https:\/\/api.w.org\/{rel}","templated":true}]}}