{"id":4199,"date":"2024-11-21T10:56:37","date_gmt":"2024-11-21T03:56:37","guid":{"rendered":"https:\/\/sci.edu.vn\/home\/?page_id=4199"},"modified":"2024-12-18T21:03:39","modified_gmt":"2024-12-18T14:03:39","slug":"don-vi","status":"publish","type":"page","link":"https:\/\/sci.edu.vn\/home\/don-vi\/","title":{"rendered":"\u0110\u01a1n v\u1ecb"},"content":{"rendered":"\n<div class=\"wp-block-group alignwide has-global-padding is-layout-constrained wp-block-group-is-layout-constrained\">\n<div class=\"wp-block-group alignwide is-layout-grid wp-container-core-group-is-layout-35427ff6 wp-block-group-is-layout-grid\">\n<div class=\"wp-block-group alignwide has-background is-vertical is-content-justification-center is-layout-flex wp-container-core-group-is-layout-3a3db8cd wp-block-group-is-layout-flex\" style=\"border-radius:1rem;background-color:#f25e300f;padding-top:var(--wp--preset--spacing--30);padding-right:var(--wp--preset--spacing--30);padding-bottom:var(--wp--preset--spacing--30);padding-left:var(--wp--preset--spacing--30)\">\n<h2 class=\"wp-block-heading has-text-align-center\">Trung t\u00e2m Nghi\u00ean c\u1ee9u v\u00e0 Ph\u00e1t tri\u1ec3n<\/h2>\n\n\n\n<figure class=\"wp-block-image size-large is-resized\"><a href=\"https:\/\/sci.edu.vn\/home\/don-vi\/crd\/\"><img loading=\"lazy\" decoding=\"async\" width=\"1024\" height=\"998\" src=\"https:\/\/sci.edu.vn\/home\/wp-content\/uploads\/2020\/08\/logo-CRD-1024x998.png\" alt=\"\" class=\"wp-image-1373\" style=\"width:256px\" srcset=\"https:\/\/sci.edu.vn\/home\/wp-content\/uploads\/2020\/08\/logo-CRD-1024x998.png 1024w, https:\/\/sci.edu.vn\/home\/wp-content\/uploads\/2020\/08\/logo-CRD-300x292.png 300w, https:\/\/sci.edu.vn\/home\/wp-content\/uploads\/2020\/08\/logo-CRD-768x748.png 768w, https:\/\/sci.edu.vn\/home\/wp-content\/uploads\/2020\/08\/logo-CRD-1536x1497.png 1536w, https:\/\/sci.edu.vn\/home\/wp-content\/uploads\/2020\/08\/logo-CRD-2048x1996.png 2048w\" sizes=\"auto, (max-width: 1024px) 100vw, 1024px\" \/><\/a><\/figure>\n\n\n\n<div class=\"wp-block-buttons is-content-justification-center is-layout-flex wp-container-core-buttons-is-layout-a89b3969 wp-block-buttons-is-layout-flex\">\n<div class=\"wp-block-button is-style-fill\"><a class=\"wp-block-button__link has-background wp-element-button\" href=\"https:\/\/sci.edu.vn\/home\/don-vi\/crd\/\" style=\"border-radius:1rem;background-color:#5cba3c;padding-top:var(--wp--preset--spacing--20);padding-right:var(--wp--preset--spacing--30);padding-bottom:var(--wp--preset--spacing--20);padding-left:var(--wp--preset--spacing--30)\">Chi ti\u1ebft &#8230;<\/a><\/div>\n<\/div>\n<\/div>\n\n\n\n<div class=\"wp-block-group alignwide has-background is-vertical is-content-justification-center is-layout-flex wp-container-core-group-is-layout-3a3db8cd wp-block-group-is-layout-flex\" style=\"border-radius:1rem;background-color:#f25e300f;padding-top:var(--wp--preset--spacing--30);padding-right:var(--wp--preset--spacing--30);padding-bottom:var(--wp--preset--spacing--30);padding-left:var(--wp--preset--spacing--30)\">\n<h2 class=\"wp-block-heading has-text-align-center\">Trung t\u00e2m \u0110\u1ed5i m\u1edbi s\u00e1ng t\u1ea1o v\u00e0 S\u1ea3n xu\u1ea5t th\u1ef1c nghi\u1ec7m<\/h2>\n\n\n\n<figure class=\"wp-block-image size-large is-resized\"><a href=\"https:\/\/sci.edu.vn\/home\/don-vi\/cipp\/\"><img loading=\"lazy\" decoding=\"async\" width=\"1024\" height=\"464\" src=\"https:\/\/sci.edu.vn\/home\/wp-content\/uploads\/2021\/12\/LOGO-CIPP-1024x464.png\" alt=\"\" class=\"wp-image-2038\" style=\"width:256px\" srcset=\"https:\/\/sci.edu.vn\/home\/wp-content\/uploads\/2021\/12\/LOGO-CIPP-1024x464.png 1024w, https:\/\/sci.edu.vn\/home\/wp-content\/uploads\/2021\/12\/LOGO-CIPP-300x136.png 300w, https:\/\/sci.edu.vn\/home\/wp-content\/uploads\/2021\/12\/LOGO-CIPP-768x348.png 768w, https:\/\/sci.edu.vn\/home\/wp-content\/uploads\/2021\/12\/LOGO-CIPP-1536x695.png 1536w, https:\/\/sci.edu.vn\/home\/wp-content\/uploads\/2021\/12\/LOGO-CIPP-2048x927.png 2048w\" sizes=\"auto, (max-width: 1024px) 100vw, 1024px\" \/><\/a><\/figure>\n\n\n\n<div class=\"wp-block-buttons is-content-justification-center is-layout-flex wp-container-core-buttons-is-layout-a89b3969 wp-block-buttons-is-layout-flex\">\n<div class=\"wp-block-button is-style-fill\"><a class=\"wp-block-button__link has-background wp-element-button\" href=\"https:\/\/sci.edu.vn\/home\/don-vi\/cipp\/\" style=\"border-radius:1rem;background-color:#5cba3c;padding-top:var(--wp--preset--spacing--20);padding-right:var(--wp--preset--spacing--30);padding-bottom:var(--wp--preset--spacing--20);padding-left:var(--wp--preset--spacing--30)\">Chi ti\u1ebft &#8230;<\/a><\/div>\n<\/div>\n<\/div>\n\n\n\n<div class=\"wp-block-group alignwide has-background is-vertical is-content-justification-center is-layout-flex wp-container-core-group-is-layout-3a3db8cd wp-block-group-is-layout-flex\" style=\"border-radius:1rem;background-color:#f25e300f;padding-top:var(--wp--preset--spacing--30);padding-right:var(--wp--preset--spacing--30);padding-bottom:var(--wp--preset--spacing--30);padding-left:var(--wp--preset--spacing--30)\">\n<h2 class=\"wp-block-heading has-text-align-center\">Trung t\u00e2m \u0110\u00e0o t\u1ea1o v\u00e0 H\u1ed7 tr\u1ee3 ng\u01b0\u1eddi h\u1ecdc<\/h2>\n\n\n\n<figure class=\"wp-block-image size-large is-resized\"><a href=\"https:\/\/sci.edu.vn\/home\/don-vi\/cbt\/\"><img loading=\"lazy\" decoding=\"async\" width=\"1024\" height=\"394\" src=\"https:\/\/sci.edu.vn\/home\/wp-content\/uploads\/2023\/12\/Logo-cbt-2023-1024x394.png\" alt=\"\" class=\"wp-image-3043\" style=\"width:256px\" srcset=\"https:\/\/sci.edu.vn\/home\/wp-content\/uploads\/2023\/12\/Logo-cbt-2023-1024x394.png 1024w, https:\/\/sci.edu.vn\/home\/wp-content\/uploads\/2023\/12\/Logo-cbt-2023-300x115.png 300w, https:\/\/sci.edu.vn\/home\/wp-content\/uploads\/2023\/12\/Logo-cbt-2023-768x296.png 768w, https:\/\/sci.edu.vn\/home\/wp-content\/uploads\/2023\/12\/Logo-cbt-2023-1536x591.png 1536w, https:\/\/sci.edu.vn\/home\/wp-content\/uploads\/2023\/12\/Logo-cbt-2023-2048x788.png 2048w\" sizes=\"auto, (max-width: 1024px) 100vw, 1024px\" \/><\/a><\/figure>\n\n\n\n<div class=\"wp-block-buttons is-content-justification-center is-layout-flex wp-container-core-buttons-is-layout-a89b3969 wp-block-buttons-is-layout-flex\">\n<div class=\"wp-block-button is-style-fill\"><a class=\"wp-block-button__link has-background wp-element-button\" href=\"https:\/\/sci.edu.vn\/home\/don-vi\/cbt\/\" style=\"border-radius:1rem;background-color:#5cba3c;padding-top:var(--wp--preset--spacing--20);padding-right:var(--wp--preset--spacing--30);padding-bottom:var(--wp--preset--spacing--20);padding-left:var(--wp--preset--spacing--30)\">Chi ti\u1ebft &#8230;<\/a><\/div>\n<\/div>\n<\/div>\n\n\n\n<div class=\"wp-block-group alignwide has-background is-vertical is-content-justification-center is-layout-flex wp-container-core-group-is-layout-3a3db8cd wp-block-group-is-layout-flex\" style=\"border-radius:1rem;background-color:#f25e300f;padding-top:var(--wp--preset--spacing--30);padding-right:var(--wp--preset--spacing--30);padding-bottom:var(--wp--preset--spacing--30);padding-left:var(--wp--preset--spacing--30)\">\n<h2 class=\"wp-block-heading has-text-align-center\">Trung t\u00e2m D\u1ecbch v\u1ee5 Khoa h\u1ecdc v\u00e0 K\u0129 thu\u1eadt<\/h2>\n\n\n\n<figure class=\"wp-block-image size-large is-resized\"><a href=\"https:\/\/sci.edu.vn\/home\/don-vi\/css\/\"><img loading=\"lazy\" decoding=\"async\" width=\"996\" height=\"1024\" src=\"https:\/\/sci.edu.vn\/home\/wp-content\/uploads\/2021\/12\/CSS-996x1024.png\" alt=\"\" class=\"wp-image-2058\" style=\"width:256px\" srcset=\"https:\/\/sci.edu.vn\/home\/wp-content\/uploads\/2021\/12\/CSS-996x1024.png 996w, https:\/\/sci.edu.vn\/home\/wp-content\/uploads\/2021\/12\/CSS-292x300.png 292w, https:\/\/sci.edu.vn\/home\/wp-content\/uploads\/2021\/12\/CSS-768x790.png 768w, https:\/\/sci.edu.vn\/home\/wp-content\/uploads\/2021\/12\/CSS-1493x1536.png 1493w, https:\/\/sci.edu.vn\/home\/wp-content\/uploads\/2021\/12\/CSS-1991x2048.png 1991w\" sizes=\"auto, (max-width: 996px) 100vw, 996px\" \/><\/a><\/figure>\n\n\n\n<div class=\"wp-block-buttons is-content-justification-center is-layout-flex wp-container-core-buttons-is-layout-a89b3969 wp-block-buttons-is-layout-flex\">\n<div class=\"wp-block-button is-style-fill\"><a class=\"wp-block-button__link has-background wp-element-button\" href=\"https:\/\/sci.edu.vn\/home\/don-vi\/css\/\" style=\"border-radius:1rem;background-color:#5cba3c;padding-top:var(--wp--preset--spacing--20);padding-right:var(--wp--preset--spacing--30);padding-bottom:var(--wp--preset--spacing--20);padding-left:var(--wp--preset--spacing--30)\">Chi ti\u1ebft &#8230;<\/a><\/div>\n<\/div>\n<\/div>\n\n\n\n<div class=\"wp-block-group alignwide has-background is-vertical is-content-justification-center is-layout-flex wp-container-core-group-is-layout-3a3db8cd wp-block-group-is-layout-flex\" style=\"border-radius:1rem;background-color:#f25e300f;padding-top:var(--wp--preset--spacing--30);padding-right:var(--wp--preset--spacing--30);padding-bottom:var(--wp--preset--spacing--30);padding-left:var(--wp--preset--spacing--30)\">\n<h2 class=\"wp-block-heading has-text-align-center\">Ph\u00f2ng th\u1eed nghi\u1ec7m \u0110\u00e1nh gi\u00e1 ho\u1ea1t t\u00ednh sinh h\u1ecdc<\/h2>\n\n\n\n<figure class=\"wp-block-image size-full is-resized\"><a href=\"https:\/\/sci.edu.vn\/home\/don-vi\/laba\/\"><img loading=\"lazy\" decoding=\"async\" width=\"706\" height=\"774\" src=\"https:\/\/sci.edu.vn\/home\/wp-content\/uploads\/2020\/03\/logo-laba.png\" alt=\"\" class=\"wp-image-1156\" style=\"width:256px\" srcset=\"https:\/\/sci.edu.vn\/home\/wp-content\/uploads\/2020\/03\/logo-laba.png 706w, https:\/\/sci.edu.vn\/home\/wp-content\/uploads\/2020\/03\/logo-laba-274x300.png 274w\" sizes=\"auto, (max-width: 706px) 100vw, 706px\" \/><\/a><\/figure>\n\n\n\n<div class=\"wp-block-buttons is-content-justification-center is-layout-flex wp-container-core-buttons-is-layout-a89b3969 wp-block-buttons-is-layout-flex\">\n<div class=\"wp-block-button is-style-fill\"><a class=\"wp-block-button__link has-background wp-element-button\" href=\"https:\/\/sci.edu.vn\/home\/don-vi\/laba\/\" style=\"border-radius:1rem;background-color:#5cba3c;padding-top:var(--wp--preset--spacing--20);padding-right:var(--wp--preset--spacing--30);padding-bottom:var(--wp--preset--spacing--20);padding-left:var(--wp--preset--spacing--30)\">Chi ti\u1ebft &#8230;<\/a><\/div>\n<\/div>\n<\/div>\n\n\n\n<div class=\"wp-block-group alignwide has-background is-vertical is-content-justification-center is-layout-flex wp-container-core-group-is-layout-3a3db8cd wp-block-group-is-layout-flex\" style=\"border-radius:1rem;background-color:#f25e300f;padding-top:var(--wp--preset--spacing--30);padding-right:var(--wp--preset--spacing--30);padding-bottom:var(--wp--preset--spacing--30);padding-left:var(--wp--preset--spacing--30)\">\n<h2 class=\"wp-block-heading has-text-align-center\">Ng\u00e2n h\u00e0ng t\u1ebf b\u00e0o &#8211; Vi\u1ec7n T\u1ebf b\u00e0o g\u1ed1c<\/h2>\n\n\n\n<figure class=\"wp-block-image size-large is-resized\"><a href=\"https:\/\/sci.edu.vn\/home\/don-vi\/sci-cb\/\"><img loading=\"lazy\" decoding=\"async\" width=\"1024\" height=\"665\" src=\"https:\/\/sci.edu.vn\/home\/wp-content\/uploads\/2021\/05\/sci-cb-1024x665.png\" alt=\"\" class=\"wp-image-1945\" style=\"width:256px\" srcset=\"https:\/\/sci.edu.vn\/home\/wp-content\/uploads\/2021\/05\/sci-cb-1024x665.png 1024w, https:\/\/sci.edu.vn\/home\/wp-content\/uploads\/2021\/05\/sci-cb-300x195.png 300w, https:\/\/sci.edu.vn\/home\/wp-content\/uploads\/2021\/05\/sci-cb-768x498.png 768w, https:\/\/sci.edu.vn\/home\/wp-content\/uploads\/2021\/05\/sci-cb-1536x997.png 1536w, https:\/\/sci.edu.vn\/home\/wp-content\/uploads\/2021\/05\/sci-cb-2048x1329.png 2048w\" sizes=\"auto, (max-width: 1024px) 100vw, 1024px\" \/><\/a><\/figure>\n\n\n\n<div class=\"wp-block-buttons is-content-justification-center is-layout-flex wp-container-core-buttons-is-layout-a89b3969 wp-block-buttons-is-layout-flex\">\n<div class=\"wp-block-button is-style-fill\"><a class=\"wp-block-button__link has-background wp-element-button\" href=\"https:\/\/sci.edu.vn\/home\/don-vi\/sci-cb\/\" style=\"border-radius:1rem;background-color:#5cba3c;padding-top:var(--wp--preset--spacing--20);padding-right:var(--wp--preset--spacing--30);padding-bottom:var(--wp--preset--spacing--20);padding-left:var(--wp--preset--spacing--30)\">Chi ti\u1ebft &#8230;<\/a><\/div>\n<\/div>\n<\/div>\n\n\n\n<div class=\"wp-block-group alignwide has-background is-vertical is-content-justification-center is-layout-flex wp-container-core-group-is-layout-3a3db8cd wp-block-group-is-layout-flex\" style=\"border-radius:1rem;background-color:#f25e300f;padding-top:var(--wp--preset--spacing--30);padding-right:var(--wp--preset--spacing--30);padding-bottom:var(--wp--preset--spacing--30);padding-left:var(--wp--preset--spacing--30)\">\n<h2 class=\"wp-block-heading has-text-align-center\">Ph\u00f2ng th\u00ed nghi\u1ec7m Ch\u0103m s\u00f3c v\u00e0 S\u1eed d\u1ee5ng \u0111\u1ed9ng v\u1eadt<\/h2>\n\n\n\n<figure class=\"wp-block-image size-large is-resized\"><a href=\"https:\/\/sci.edu.vn\/home\/don-vi\/lacu\/\"><img loading=\"lazy\" decoding=\"async\" width=\"1024\" height=\"1020\" src=\"https:\/\/sci.edu.vn\/home\/wp-content\/uploads\/2020\/08\/Artboard-1-2-1024x1020.png\" alt=\"\" class=\"wp-image-1370\" style=\"width:256px\" srcset=\"https:\/\/sci.edu.vn\/home\/wp-content\/uploads\/2020\/08\/Artboard-1-2-1024x1020.png 1024w, https:\/\/sci.edu.vn\/home\/wp-content\/uploads\/2020\/08\/Artboard-1-2-300x300.png 300w, https:\/\/sci.edu.vn\/home\/wp-content\/uploads\/2020\/08\/Artboard-1-2-150x150.png 150w, https:\/\/sci.edu.vn\/home\/wp-content\/uploads\/2020\/08\/Artboard-1-2-768x765.png 768w, https:\/\/sci.edu.vn\/home\/wp-content\/uploads\/2020\/08\/Artboard-1-2-1536x1530.png 1536w, https:\/\/sci.edu.vn\/home\/wp-content\/uploads\/2020\/08\/Artboard-1-2.png 1978w\" sizes=\"auto, (max-width: 1024px) 100vw, 1024px\" \/><\/a><\/figure>\n\n\n\n<div class=\"wp-block-buttons is-content-justification-center is-layout-flex wp-container-core-buttons-is-layout-a89b3969 wp-block-buttons-is-layout-flex\">\n<div class=\"wp-block-button is-style-fill\"><a class=\"wp-block-button__link has-background wp-element-button\" href=\"https:\/\/sci.edu.vn\/home\/don-vi\/lacu\/\" style=\"border-radius:1rem;background-color:#5cba3c;padding-top:var(--wp--preset--spacing--20);padding-right:var(--wp--preset--spacing--30);padding-bottom:var(--wp--preset--spacing--20);padding-left:var(--wp--preset--spacing--30)\">Chi ti\u1ebft &#8230;<\/a><\/div>\n<\/div>\n<\/div>\n<\/div>\n<\/div>\n","protected":false},"excerpt":{"rendered":"<p>Trung t\u00e2m Nghi\u00ean c\u1ee9u v\u00e0 Ph\u00e1t tri\u1ec3n Trung t\u00e2m \u0110\u1ed5i m\u1edbi s\u00e1ng t\u1ea1o v\u00e0 S\u1ea3n xu\u1ea5t th\u1ef1c nghi\u1ec7m Trung t\u00e2m \u0110\u00e0o t\u1ea1o v\u00e0 H\u1ed7 tr\u1ee3 ng\u01b0\u1eddi h\u1ecdc Trung t\u00e2m D\u1ecbch v\u1ee5 Khoa h\u1ecdc v\u00e0 K\u0129 thu\u1eadt Ph\u00f2ng th\u1eed nghi\u1ec7m \u0110\u00e1nh gi\u00e1 ho\u1ea1t t\u00ednh sinh h\u1ecdc Ng\u00e2n h\u00e0ng t\u1ebf b\u00e0o &#8211; Vi\u1ec7n T\u1ebf b\u00e0o g\u1ed1c Ph\u00f2ng [&hellip;]<\/p>\n","protected":false},"author":1,"featured_media":0,"parent":0,"menu_order":0,"comment_status":"closed","ping_status":"closed","template":"full-width","meta":{"advanced_seo_description":"","jetpack_seo_html_title":"","jetpack_seo_noindex":false,"footnotes":""},"class_list":["post-4199","page","type-page","status-publish","hentry"],"jetpack_sharing_enabled":true,"_links":{"self":[{"href":"https:\/\/sci.edu.vn\/home\/wp-json\/wp\/v2\/pages\/4199","targetHints":{"allow":["GET"]}}],"collection":[{"href":"https:\/\/sci.edu.vn\/home\/wp-json\/wp\/v2\/pages"}],"about":[{"href":"https:\/\/sci.edu.vn\/home\/wp-json\/wp\/v2\/types\/page"}],"author":[{"embeddable":true,"href":"https:\/\/sci.edu.vn\/home\/wp-json\/wp\/v2\/users\/1"}],"replies":[{"embeddable":true,"href":"https:\/\/sci.edu.vn\/home\/wp-json\/wp\/v2\/comments?post=4199"}],"version-history":[{"count":10,"href":"https:\/\/sci.edu.vn\/home\/wp-json\/wp\/v2\/pages\/4199\/revisions"}],"predecessor-version":[{"id":4785,"href":"https:\/\/sci.edu.vn\/home\/wp-json\/wp\/v2\/pages\/4199\/revisions\/4785"}],"wp:attachment":[{"href":"https:\/\/sci.edu.vn\/home\/wp-json\/wp\/v2\/media?parent=4199"}],"curies":[{"name":"wp","href":"https:\/\/api.w.org\/{rel}","templated":true}]}}