{"id":4273,"date":"2024-11-21T12:40:21","date_gmt":"2024-11-21T05:40:21","guid":{"rendered":"https:\/\/sci.edu.vn\/home\/?page_id=4273"},"modified":"2024-11-21T15:12:45","modified_gmt":"2024-11-21T08:12:45","slug":"khoa-dao-tao-dich-vu","status":"publish","type":"page","link":"https:\/\/sci.edu.vn\/home\/dao-tao\/khoa-dao-tao-dich-vu\/","title":{"rendered":"Kh\u00f3a \u0111\u00e0o t\u1ea1o d\u1ecbch v\u1ee5"},"content":{"rendered":"\n<div class=\"wp-block-group has-global-padding is-layout-constrained wp-block-group-is-layout-constrained\">\n<div class=\"wp-block-group has-global-padding is-layout-constrained wp-block-group-is-layout-constrained\">\n<h2 class=\"wp-block-heading has-text-align-center\">C\u00e1c kh\u00f3a \u0111\u00e0o t\u1ea1o d\u1ecbch v\u1ee5 c\u1ee7a Trung t\u00e2m \u0110\u00e0o t\u1ea1o v\u00e0 H\u1ed7 tr\u1ee3 ng\u01b0\u1eddi h\u1ecdc<\/h2>\n\n\n\n<div class=\"wp-block-buttons is-content-justification-center is-layout-flex wp-container-core-buttons-is-layout-a89b3969 wp-block-buttons-is-layout-flex\">\n<div class=\"wp-block-button\"><a class=\"wp-block-button__link has-background wp-element-button\" href=\"https:\/\/biomedmart.com.vn\/product-category\/cbt\/\" style=\"background-color:#5cba3c\" target=\"_blank\" rel=\"noreferrer noopener\">Xem chi ti\u1ebft &#8230;<\/a><\/div>\n<\/div>\n<\/div>\n<\/div>\n","protected":false},"excerpt":{"rendered":"<p>C\u00e1c kh\u00f3a \u0111\u00e0o t\u1ea1o d\u1ecbch v\u1ee5 c\u1ee7a Trung t\u00e2m \u0110\u00e0o t\u1ea1o v\u00e0 H\u1ed7 tr\u1ee3 ng\u01b0\u1eddi h\u1ecdc<\/p>\n","protected":false},"author":1,"featured_media":0,"parent":4224,"menu_order":0,"comment_status":"closed","ping_status":"closed","template":"full-width","meta":{"advanced_seo_description":"","jetpack_seo_html_title":"","jetpack_seo_noindex":false,"footnotes":""},"class_list":["post-4273","page","type-page","status-publish","hentry"],"jetpack_sharing_enabled":true,"_links":{"self":[{"href":"https:\/\/sci.edu.vn\/home\/wp-json\/wp\/v2\/pages\/4273","targetHints":{"allow":["GET"]}}],"collection":[{"href":"https:\/\/sci.edu.vn\/home\/wp-json\/wp\/v2\/pages"}],"about":[{"href":"https:\/\/sci.edu.vn\/home\/wp-json\/wp\/v2\/types\/page"}],"author":[{"embeddable":true,"href":"https:\/\/sci.edu.vn\/home\/wp-json\/wp\/v2\/users\/1"}],"replies":[{"embeddable":true,"href":"https:\/\/sci.edu.vn\/home\/wp-json\/wp\/v2\/comments?post=4273"}],"version-history":[{"count":3,"href":"https:\/\/sci.edu.vn\/home\/wp-json\/wp\/v2\/pages\/4273\/revisions"}],"predecessor-version":[{"id":4307,"href":"https:\/\/sci.edu.vn\/home\/wp-json\/wp\/v2\/pages\/4273\/revisions\/4307"}],"up":[{"embeddable":true,"href":"https:\/\/sci.edu.vn\/home\/wp-json\/wp\/v2\/pages\/4224"}],"wp:attachment":[{"href":"https:\/\/sci.edu.vn\/home\/wp-json\/wp\/v2\/media?parent=4273"}],"curies":[{"name":"wp","href":"https:\/\/api.w.org\/{rel}","templated":true}]}}