{"id":4708,"date":"2024-11-24T23:11:32","date_gmt":"2024-11-24T16:11:32","guid":{"rendered":"https:\/\/sci.edu.vn\/home\/?page_id=4708"},"modified":"2024-11-25T09:36:51","modified_gmt":"2024-11-25T02:36:51","slug":"vu-bich-ngoc","status":"publish","type":"page","link":"https:\/\/sci.edu.vn\/home\/ve-chung-toi\/doi-ngu\/vu-bich-ngoc\/","title":{"rendered":"PGS. TS. V\u0169 B\u00edch Ng\u1ecdc"},"content":{"rendered":"\n<div class=\"wp-block-group has-global-padding is-layout-constrained wp-container-core-group-is-layout-5a30f31b wp-block-group-is-layout-constrained\">\n<div class=\"wp-block-columns are-vertically-aligned-center has-background is-layout-flex wp-container-core-columns-is-layout-6dbbbada wp-block-columns-is-layout-flex\" style=\"border-radius:1rem;background-color:#f25e30;padding-top:var(--wp--preset--spacing--30);padding-right:var(--wp--preset--spacing--30);padding-bottom:var(--wp--preset--spacing--30);padding-left:var(--wp--preset--spacing--30)\">\n<div class=\"wp-block-column is-vertically-aligned-center is-layout-flow wp-block-column-is-layout-flow\" style=\"flex-basis:30%\">\n<figure data-wp-context=\"{&quot;imageId&quot;:&quot;69f8b512108d9&quot;}\" data-wp-interactive=\"core\/image\" data-wp-key=\"69f8b512108d9\" class=\"wp-block-image aligncenter size-full is-style-rounded wp-lightbox-container\"><img loading=\"lazy\" decoding=\"async\" width=\"1440\" height=\"1440\" data-wp-class--hide=\"state.isContentHidden\" data-wp-class--show=\"state.isContentVisible\" data-wp-init=\"callbacks.setButtonStyles\" data-wp-on--click=\"actions.showLightbox\" data-wp-on--load=\"callbacks.setButtonStyles\" data-wp-on-window--resize=\"callbacks.setButtonStyles\" src=\"https:\/\/sci.edu.vn\/home\/wp-content\/uploads\/2024\/01\/4.png\" alt=\"PGS. TS. V\u0169 B\u00edch Ng\u1ecdc\" class=\"wp-image-3385\" style=\"object-fit:cover\" srcset=\"https:\/\/sci.edu.vn\/home\/wp-content\/uploads\/2024\/01\/4.png 1440w, https:\/\/sci.edu.vn\/home\/wp-content\/uploads\/2024\/01\/4-300x300.png 300w, https:\/\/sci.edu.vn\/home\/wp-content\/uploads\/2024\/01\/4-1024x1024.png 1024w, https:\/\/sci.edu.vn\/home\/wp-content\/uploads\/2024\/01\/4-150x150.png 150w, https:\/\/sci.edu.vn\/home\/wp-content\/uploads\/2024\/01\/4-768x768.png 768w\" sizes=\"auto, (max-width: 1440px) 100vw, 1440px\" \/><button\n\t\t\tclass=\"lightbox-trigger\"\n\t\t\ttype=\"button\"\n\t\t\taria-haspopup=\"dialog\"\n\t\t\taria-label=\"Enlarge\"\n\t\t\tdata-wp-init=\"callbacks.initTriggerButton\"\n\t\t\tdata-wp-on--click=\"actions.showLightbox\"\n\t\t\tdata-wp-style--right=\"state.imageButtonRight\"\n\t\t\tdata-wp-style--top=\"state.imageButtonTop\"\n\t\t>\n\t\t\t<svg xmlns=\"http:\/\/www.w3.org\/2000\/svg\" width=\"12\" height=\"12\" fill=\"none\" viewBox=\"0 0 12 12\">\n\t\t\t\t<path fill=\"#fff\" d=\"M2 0a2 2 0 0 0-2 2v2h1.5V2a.5.5 0 0 1 .5-.5h2V0H2Zm2 10.5H2a.5.5 0 0 1-.5-.5V8H0v2a2 2 0 0 0 2 2h2v-1.5ZM8 12v-1.5h2a.5.5 0 0 0 .5-.5V8H12v2a2 2 0 0 1-2 2H8Zm2-12a2 2 0 0 1 2 2v2h-1.5V2a.5.5 0 0 0-.5-.5H8V0h2Z\" \/>\n\t\t\t<\/svg>\n\t\t<\/button><\/figure>\n<\/div>\n\n\n\n<div class=\"wp-block-column is-vertically-aligned-center is-layout-flow wp-block-column-is-layout-flow\">\n<div class=\"wp-block-group has-base-color has-text-color has-link-color wp-elements-199b2c93ca485275ea15b14db39d492b wp-container-content-8eb0bdf3 is-vertical is-content-justification-center is-layout-flex wp-container-core-group-is-layout-ce155fab wp-block-group-is-layout-flex\">\n<h2 class=\"wp-block-heading has-text-align-center\">PGS. TS. V\u0169 B\u00edch Ng\u1ecdc<\/h2>\n\n\n\n<h3 class=\"wp-block-heading is-style-default has-base-color has-text-color has-background has-link-color wp-elements-d5cc25fb50e8eb244c87a3b257bb7cb1\" style=\"border-radius:1rem;background-color:#5cba3c;padding-top:var(--wp--preset--spacing--20);padding-right:var(--wp--preset--spacing--20);padding-bottom:var(--wp--preset--spacing--20);padding-left:var(--wp--preset--spacing--20)\">Tr\u01b0\u1edfng ph\u00f2ng<\/h3>\n\n\n\n<h3 class=\"wp-block-heading has-text-align-center\">Trung t\u00e2m \u0110\u1ed5i m\u1edbi s\u00e1ng t\u1ea1o v\u00e0 S\u1ea3n xu\u1ea5t th\u1ef1c nghi\u1ec7m (CIPP)<\/h3>\n\n\n\n<p class=\"has-text-align-center\"><a href=\"mailto:ngocvu@sci.edu.vn\">ngocvu@sci.edu.vn<\/a><\/p>\n<\/div>\n<\/div>\n<\/div>\n\n\n\n<hr class=\"wp-block-separator has-alpha-channel-opacity\" style=\"margin-top:var(--wp--preset--spacing--50);margin-bottom:var(--wp--preset--spacing--50)\"\/>\n\n\n\n<div class=\"wp-block-columns alignwide is-layout-flex wp-container-core-columns-is-layout-28f84493 wp-block-columns-is-layout-flex\">\n<div class=\"wp-block-column is-layout-flow wp-block-column-is-layout-flow\" style=\"flex-basis:50%\">\n<div class=\"wp-block-group alignwide has-global-padding is-layout-constrained wp-block-group-is-layout-constrained\">\n<h2 class=\"wp-block-heading has-text-align-center\">Qu\u00e1 tr\u00ecnh c\u00f4ng t\u00e1c<\/h2>\n\n\n\n<p class=\"is-style-default has-background has-medium-font-size\" style=\"border-radius:1rem;background-color:#eeeeee;padding-top:var(--wp--preset--spacing--20);padding-right:var(--wp--preset--spacing--20);padding-bottom:var(--wp--preset--spacing--20);padding-left:var(--wp--preset--spacing--20);font-style:normal;font-weight:700\">N\u0103m 2008<\/p>\n\n\n\n<p style=\"padding-right:var(--wp--preset--spacing--30);padding-left:var(--wp--preset--spacing--30)\">T\u1ed1t nghi\u1ec7p c\u1eed nh\u00e2n ng\u00e0nh Sinh h\u1ecdc, chuy\u00ean ng\u00e0nh Sinh l\u00fd h\u1ecdc ng\u01b0\u1eddi v\u00e0 \u0111\u1ed9ng v\u1eadt, tr\u01b0\u1eddng \u0110H Khoa h\u1ecdc T\u1ef1 nhi\u00ean, \u0110H Qu\u1ed1c gia TPHCM<\/p>\n\n\n\n<p class=\"is-style-default has-background has-medium-font-size\" style=\"border-radius:1rem;background-color:#eeeeee;padding-top:var(--wp--preset--spacing--20);padding-right:var(--wp--preset--spacing--20);padding-bottom:var(--wp--preset--spacing--20);padding-left:var(--wp--preset--spacing--20);font-style:normal;font-weight:700\">N\u0103m 2012<\/p>\n\n\n\n<p style=\"padding-right:var(--wp--preset--spacing--30);padding-left:var(--wp--preset--spacing--30)\">T\u1ed1t nghi\u1ec7p th\u1ea1c s\u0129 ng\u00e0nh Sinh h\u1ecdc, chuy\u00ean ng\u00e0nh Sinh h\u1ecdc th\u1ef1c nghi\u1ec7m h\u01b0\u1edbng sinh l\u00fd \u0111\u1ed9ng v\u1eadt, tr\u01b0\u1eddng \u0110H Khoa h\u1ecdc T\u1ef1 nhi\u00ean, \u0110H Qu\u1ed1c gia TPHCM.<\/p>\n\n\n\n<p class=\"is-style-default has-background has-medium-font-size\" style=\"border-radius:1rem;background-color:#eeeeee;padding-top:var(--wp--preset--spacing--20);padding-right:var(--wp--preset--spacing--20);padding-bottom:var(--wp--preset--spacing--20);padding-left:var(--wp--preset--spacing--20);font-style:normal;font-weight:700\">N\u0103m 2017<\/p>\n\n\n\n<p style=\"padding-right:var(--wp--preset--spacing--30);padding-left:var(--wp--preset--spacing--30)\">T\u1ed1t nghi\u1ec7p ti\u1ebfn s\u0129 ng\u00e0nh Sinh h\u1ecdc ; tr\u01b0\u1eddng \u0110H Khoa h\u1ecdc T\u1ef1 nhi\u00ean, \u0110H Qu\u1ed1c gia TPHCM.<\/p>\n\n\n\n<p class=\"is-style-default has-background has-medium-font-size\" style=\"border-radius:1rem;background-color:#eeeeee;padding-top:var(--wp--preset--spacing--20);padding-right:var(--wp--preset--spacing--20);padding-bottom:var(--wp--preset--spacing--20);padding-left:var(--wp--preset--spacing--20);font-style:normal;font-weight:700\">N\u0103m 2022<\/p>\n\n\n\n<p style=\"padding-right:var(--wp--preset--spacing--30);padding-left:var(--wp--preset--spacing--30)\">\u0110\u01b0\u1ee3c b\u1ed5 nhi\u1ec7m Ph\u00f3 gi\u00e1o s\u01b0 ng\u00e0nh Sinh h\u1ecdc, Tr\u01b0\u1eddng \u0110H Khoa h\u1ecdc T\u1ef1 nhi\u00ean, \u0110H Qu\u1ed1c gia TPHCM.<\/p>\n\n\n\n<p class=\"is-style-default has-background has-medium-font-size\" style=\"border-radius:1rem;background-color:#eeeeee;padding-top:var(--wp--preset--spacing--20);padding-right:var(--wp--preset--spacing--20);padding-bottom:var(--wp--preset--spacing--20);padding-left:var(--wp--preset--spacing--20);font-style:normal;font-weight:700\">T\u1eeb th\u00e1ng 07\/2019 \u0111\u1ebfn nay<\/p>\n\n\n\n<p style=\"padding-right:var(--wp--preset--spacing--30);padding-left:var(--wp--preset--spacing--30)\">Tr\u01b0\u1edfng ph\u00f2ng Trung t\u00e2m \u0111\u1ed5i m\u1edbi s\u00e1ng t\u1ea1o v\u00e0 s\u1ea3n xu\u1ea5t th\u1ef1c nghi\u1ec7m Vi\u1ec7n T\u1ebf b\u00e0o g\u1ed1c.<\/p>\n\n\n\n<p class=\"is-style-default has-background has-medium-font-size\" style=\"border-radius:1rem;background-color:#eeeeee;padding-top:var(--wp--preset--spacing--20);padding-right:var(--wp--preset--spacing--20);padding-bottom:var(--wp--preset--spacing--20);padding-left:var(--wp--preset--spacing--20);font-style:normal;font-weight:700\">T\u1eeb th\u00e1ng 12\/2022 \u0111\u1ebfn nay<\/p>\n\n\n\n<p style=\"padding-right:var(--wp--preset--spacing--30);padding-left:var(--wp--preset--spacing--30)\">Tr\u01b0\u1edfng ph\u00f2ng, PTN nghi\u00ean c\u1ee9u v\u00e0 \u1ee9ng d\u1ee5ng t\u1ebf b\u00e0o g\u1ed1c, tr\u01b0\u1eddng \u0110\u1ea1i h\u1ecdc Khoa h\u1ecdc t\u1ef1 nhi\u00ean, \u0110HQG-HCM.<\/p>\n<\/div>\n<\/div>\n\n\n\n<div class=\"wp-block-column is-layout-flow wp-block-column-is-layout-flow\" style=\"flex-basis:50%\">\n<h2 class=\"wp-block-heading has-text-align-center\">Th\u00e0nh t\u00edch<\/h2>\n\n\n\n<ul class=\"wp-block-list\">\n<li>Gi\u1ea3i th\u01b0\u1edfng G\u01b0\u01a1ng m\u1eb7t tr\u1ebb ti\u00eau bi\u1ec3u Vi\u1ec7t Nam 2017 trong l\u0129nh v\u1ef1c nghi\u00ean c\u1ee9u khoa h\u1ecdc c\u1ee7a Th\u1ee7 t\u01b0\u1edbng ch\u00ednh ph\u1ee7<\/li>\n\n\n\n<li>Gi\u1ea3i th\u01b0\u1edfng Qu\u1ea3 c\u1ea7u V\u00e0ng n\u0103m 2017 trong l\u0129nh v\u1ef1c Sinh h\u1ecdc \u2013 C\u00f4ng ngh\u1ec7 sinh h\u1ecdc<\/li>\n\n\n\n<li>B\u1eb1ng khen c\u1ee7a gi\u00e1m \u0111\u1ed1c \u0110\u1ea1i h\u1ecdc Qu\u1ed1c gia TP.HCM 2017, 2020<\/li>\n\n\n\n<li>B\u1eb1ng khen b\u1ed9 gi\u00e1o d\u1ee5c v\u00e0 \u0111\u00e0o t\u1ea1o 2022<\/li>\n\n\n\n<li>Chi\u1ebfn s\u0129 thi \u0111ua c\u1ea5p b\u1ed9 2018, 2023<\/li>\n\n\n\n<li>Chi\u1ebfn s\u0129 thi \u0111ua c\u1ea5p \u0111\u1ea1i h\u1ecdc Qu\u1ed1c gia 2018<\/li>\n\n\n\n<li>Chi\u1ebfn s\u0129 thi \u0111ua c\u1ea5p c\u01a1 s\u1edf 16-18; 21-23<\/li>\n<\/ul>\n<\/div>\n<\/div>\n\n\n\n<div class=\"wp-block-group has-global-padding is-layout-constrained wp-block-group-is-layout-constrained\">\n<h2 class=\"wp-block-heading has-text-align-left\">L\u0129nh v\u1ef1c ho\u1ea1t \u0111\u1ed9ng<\/h2>\n\n\n\n<ul class=\"wp-block-list\">\n<li>Nghi\u00ean c\u1ee9u c\u01a1 b\u1ea3n v\u1ec1 sinh h\u1ecdc t\u1ebf b\u00e0o, c\u01a1 ch\u1ebf b\u1ec7nh l\u00fd tr\u00ean \u0111\u1ed9ng v\u1eadt;<\/li>\n\n\n\n<li>C\u00f4ng ngh\u1ec7 t\u1ebf b\u00e0o trong v\u1eadt li\u1ec7u y sinh h\u1ecdc;<\/li>\n\n\n\n<li>\u1ee8ng d\u1ee5ng c\u00f4ng ngh\u1ec7 t\u1ebf b\u00e0o trong \u0111i\u1ec1u tr\u1ecb l\u00fd tho\u00e1i h\u00f3a v\u00e0 t\u1ed5n th\u01b0\u01a1ng (bao g\u1ed3m c\u00e1c b\u1ec7nh v\u1ec1 c\u01a1, x\u01b0\u01a1ng, kh\u1edbp, tim m\u1ea1ch, ti\u1ec3u \u0111\u01b0\u1eddng, ph\u1ed5i\u2026);<\/li>\n\n\n\n<li>\u1ee8ng d\u1ee5ng c\u00f4ng ngh\u1ec7 t\u1ebf b\u00e0o trong th\u1ea9m m\u1ef9, l\u00e0m \u0111\u1eb9p<\/li>\n<\/ul>\n\n\n\n<h2 class=\"wp-block-heading\">C\u00f4ng tr\u00ecnh nghi\u00ean c\u1ee9u<\/h2>\n\n\n\n<div class=\"wp-block-buttons is-layout-flex wp-block-buttons-is-layout-flex\">\n<div class=\"wp-block-button\"><a class=\"wp-block-button__link wp-element-button\" href=\"https:\/\/www.researchgate.net\/profile\/Ngoc-Vu-4\/research\" target=\"_blank\" rel=\"noreferrer noopener\">ResearchGate<\/a><\/div>\n<\/div>\n<\/div>\n<\/div>\n","protected":false},"excerpt":{"rendered":"<p>PGS. TS. V\u0169 B\u00edch Ng\u1ecdc Tr\u01b0\u1edfng ph\u00f2ng Trung t\u00e2m \u0110\u1ed5i m\u1edbi s\u00e1ng t\u1ea1o v\u00e0 S\u1ea3n xu\u1ea5t th\u1ef1c nghi\u1ec7m (CIPP) ngocvu@sci.edu.vn Qu\u00e1 tr\u00ecnh c\u00f4ng t\u00e1c N\u0103m 2008 T\u1ed1t nghi\u1ec7p c\u1eed nh\u00e2n ng\u00e0nh Sinh h\u1ecdc, chuy\u00ean ng\u00e0nh Sinh l\u00fd h\u1ecdc ng\u01b0\u1eddi v\u00e0 \u0111\u1ed9ng v\u1eadt, tr\u01b0\u1eddng \u0110H Khoa h\u1ecdc T\u1ef1 nhi\u00ean, \u0110H Qu\u1ed1c gia TPHCM N\u0103m 2012 T\u1ed1t [&hellip;]<\/p>\n","protected":false},"author":1,"featured_media":0,"parent":4028,"menu_order":0,"comment_status":"closed","ping_status":"closed","template":"full-width","meta":{"advanced_seo_description":"","jetpack_seo_html_title":"","jetpack_seo_noindex":false,"footnotes":""},"class_list":["post-4708","page","type-page","status-publish","hentry"],"jetpack_sharing_enabled":true,"_links":{"self":[{"href":"https:\/\/sci.edu.vn\/home\/wp-json\/wp\/v2\/pages\/4708","targetHints":{"allow":["GET"]}}],"collection":[{"href":"https:\/\/sci.edu.vn\/home\/wp-json\/wp\/v2\/pages"}],"about":[{"href":"https:\/\/sci.edu.vn\/home\/wp-json\/wp\/v2\/types\/page"}],"author":[{"embeddable":true,"href":"https:\/\/sci.edu.vn\/home\/wp-json\/wp\/v2\/users\/1"}],"replies":[{"embeddable":true,"href":"https:\/\/sci.edu.vn\/home\/wp-json\/wp\/v2\/comments?post=4708"}],"version-history":[{"count":15,"href":"https:\/\/sci.edu.vn\/home\/wp-json\/wp\/v2\/pages\/4708\/revisions"}],"predecessor-version":[{"id":4745,"href":"https:\/\/sci.edu.vn\/home\/wp-json\/wp\/v2\/pages\/4708\/revisions\/4745"}],"up":[{"embeddable":true,"href":"https:\/\/sci.edu.vn\/home\/wp-json\/wp\/v2\/pages\/4028"}],"wp:attachment":[{"href":"https:\/\/sci.edu.vn\/home\/wp-json\/wp\/v2\/media?parent=4708"}],"curies":[{"name":"wp","href":"https:\/\/api.w.org\/{rel}","templated":true}]}}