{"id":4751,"date":"2024-11-25T10:03:01","date_gmt":"2024-11-25T03:03:01","guid":{"rendered":"https:\/\/sci.edu.vn\/home\/?page_id=4751"},"modified":"2024-11-25T10:03:01","modified_gmt":"2024-11-25T03:03:01","slug":"phan-lu-chinh-nhan","status":"publish","type":"page","link":"https:\/\/sci.edu.vn\/home\/ve-chung-toi\/doi-ngu\/phan-lu-chinh-nhan\/","title":{"rendered":"TS. Phan L\u1eef Ch\u00ednh Nh\u00e2n"},"content":{"rendered":"\n<div class=\"wp-block-group has-global-padding is-layout-constrained wp-container-core-group-is-layout-5a30f31b wp-block-group-is-layout-constrained\">\n<div class=\"wp-block-columns are-vertically-aligned-center has-background is-layout-flex wp-container-core-columns-is-layout-5965b968 wp-block-columns-is-layout-flex\" style=\"border-radius:1rem;background-color:#f25e30;padding-top:var(--wp--preset--spacing--30);padding-right:var(--wp--preset--spacing--30);padding-bottom:var(--wp--preset--spacing--30);padding-left:var(--wp--preset--spacing--30)\">\n<div class=\"wp-block-column is-vertically-aligned-center is-layout-flow wp-block-column-is-layout-flow\" style=\"flex-basis:30%\">\n<figure data-wp-context=\"{&quot;imageId&quot;:&quot;6a099533ab65b&quot;}\" data-wp-interactive=\"core\/image\" data-wp-key=\"6a099533ab65b\" class=\"wp-block-image aligncenter size-full is-style-rounded wp-lightbox-container\"><img loading=\"lazy\" decoding=\"async\" width=\"1440\" height=\"1440\" data-wp-class--hide=\"state.isContentHidden\" data-wp-class--show=\"state.isContentVisible\" data-wp-init=\"callbacks.setButtonStyles\" data-wp-on--click=\"actions.showLightbox\" data-wp-on--load=\"callbacks.setButtonStyles\" data-wp-on-window--resize=\"callbacks.setButtonStyles\" src=\"https:\/\/sci.edu.vn\/home\/wp-content\/uploads\/2024\/02\/11.jpg\" alt=\"TS. Phan L\u1eef Ch\u00ednh Nh\u00e2n\" class=\"wp-image-3480\" style=\"object-fit:cover\" srcset=\"https:\/\/sci.edu.vn\/home\/wp-content\/uploads\/2024\/02\/11.jpg 1440w, https:\/\/sci.edu.vn\/home\/wp-content\/uploads\/2024\/02\/11-300x300.jpg 300w, https:\/\/sci.edu.vn\/home\/wp-content\/uploads\/2024\/02\/11-1024x1024.jpg 1024w, https:\/\/sci.edu.vn\/home\/wp-content\/uploads\/2024\/02\/11-150x150.jpg 150w, https:\/\/sci.edu.vn\/home\/wp-content\/uploads\/2024\/02\/11-768x768.jpg 768w\" sizes=\"auto, (max-width: 1440px) 100vw, 1440px\" \/><button\n\t\t\tclass=\"lightbox-trigger\"\n\t\t\ttype=\"button\"\n\t\t\taria-haspopup=\"dialog\"\n\t\t\taria-label=\"Enlarge\"\n\t\t\tdata-wp-init=\"callbacks.initTriggerButton\"\n\t\t\tdata-wp-on--click=\"actions.showLightbox\"\n\t\t\tdata-wp-style--right=\"state.imageButtonRight\"\n\t\t\tdata-wp-style--top=\"state.imageButtonTop\"\n\t\t>\n\t\t\t<svg xmlns=\"http:\/\/www.w3.org\/2000\/svg\" width=\"12\" height=\"12\" fill=\"none\" viewBox=\"0 0 12 12\">\n\t\t\t\t<path fill=\"#fff\" d=\"M2 0a2 2 0 0 0-2 2v2h1.5V2a.5.5 0 0 1 .5-.5h2V0H2Zm2 10.5H2a.5.5 0 0 1-.5-.5V8H0v2a2 2 0 0 0 2 2h2v-1.5ZM8 12v-1.5h2a.5.5 0 0 0 .5-.5V8H12v2a2 2 0 0 1-2 2H8Zm2-12a2 2 0 0 1 2 2v2h-1.5V2a.5.5 0 0 0-.5-.5H8V0h2Z\" \/>\n\t\t\t<\/svg>\n\t\t<\/button><\/figure>\n<\/div>\n\n\n\n<div class=\"wp-block-column is-vertically-aligned-center is-layout-flow wp-block-column-is-layout-flow\">\n<div class=\"wp-block-group has-base-color has-text-color has-link-color wp-elements-d11838cff07bff47c051405989b9cecc is-vertical is-content-justification-center is-layout-flex wp-container-core-group-is-layout-ce155fab wp-block-group-is-layout-flex\">\n<h2 class=\"wp-block-heading has-text-align-center\">TS. Phan L\u1eef Ch\u00ednh Nh\u00e2n<\/h2>\n\n\n\n<h3 class=\"wp-block-heading is-style-default has-base-color has-text-color has-background has-link-color wp-elements-b35ef292c84cea2b62b8abfe82443de4\" style=\"border-radius:1rem;background-color:#5cba3c;padding-top:var(--wp--preset--spacing--20);padding-right:var(--wp--preset--spacing--20);padding-bottom:var(--wp--preset--spacing--20);padding-left:var(--wp--preset--spacing--20)\">Alumni<\/h3>\n\n\n\n<p>\u0110\u00e3 ng\u01b0ng c\u00f4ng t\u00e1c t\u1eeb th\u00e1ng 08\/2024<\/p>\n<\/div>\n<\/div>\n<\/div>\n\n\n\n<hr class=\"wp-block-separator has-alpha-channel-opacity\" style=\"margin-top:var(--wp--preset--spacing--50);margin-bottom:var(--wp--preset--spacing--50)\"\/>\n\n\n\n<p class=\"has-background\" style=\"border-radius:1rem;background-color:#f25e300f\">Phan L\u1eef Ch\u00ednh Nh\u00e2n b\u1eaft \u0111\u1ea7u nghi\u00ean c\u1ee9u ung th\u01b0 t\u1eeb n\u0103m 2010 t\u1ea1i Ph\u00f2ng th\u00ed nghi\u1ec7m Nghi\u00ean c\u1ee9u v\u00e0 \u1ee8ng d\u1ee5ng T\u1ebf b\u00e0o g\u1ed1c sau khi nh\u1eadn b\u1eb1ng C\u1eed nh\u00e2n Sinh h\u1ecdc. \u00d4ng c\u00f3 b\u1eb1ng Th\u1ea1c s\u0129 v\u1ec1 Sinh l\u00fd h\u1ecdc \u0110\u1ed9ng v\u1eadt t\u1eeb n\u0103m 2014. Nghi\u00ean c\u1ee9u b\u1eadc Th\u1ea1c s\u0129 t\u1eadp trung v\u1ec1 bi\u1ec7t h\u00f3a t\u1ebf b\u00e0o g\u1ed1c ung th\u01b0 b\u1eb1ng thu\u1ed1c th\u1eed bi\u1ec3u sinh 5\u2032-aza- 2\u2032- deoxycytidine. T\u1eeb n\u0103m 2015, \u00f4ng tr\u1edf th\u00e0nh nghi\u00ean c\u1ee9u sinh chuy\u00ean ng\u00e0nh Sinh l\u00fd h\u1ecdc tr\u00ean ng\u01b0\u1eddi v\u00e0 \u0111\u1ed9ng v\u1eadt t\u1ea1i Tr\u01b0\u1eddng \u0110\u1ea1i h\u1ecdc Khoa h\u1ecdc T\u1ef1 nhi\u00ean, \u0110\u1ea1i h\u1ecdc Qu\u1ed1c gia TP.HCM. D\u1ef1 \u00e1n nghi\u00ean c\u1ee9u c\u1ee7a \u00f4ng t\u1eadp trung v\u00e0o vi\u1ec7c thi\u1ebft l\u1eadp v\u00e0 m\u00f4 t\u1ea3 m\u00f4 h\u00ecnh nu\u00f4i c\u1ea5y t\u1ebf b\u00e0o ung th\u01b0 ba chi\u1ec1u \u0111\u1ec3 s\u00e0ng l\u1ecdc thu\u1ed1c ch\u1ed1ng kh\u1ed1i u. M\u00f4 h\u00ecnh n\u00e0y l\u00e0 ph\u01b0\u01a1ng ph\u00e1p \u0111\u1ea7y h\u1ee9a h\u1eb9n cho nghi\u00ean c\u1ee9u kh\u00e1m ph\u00e1 thu\u1ed1c. \u00d4ng c\u0169ng quan t\u00e2m \u0111\u1ebfn vi\u1ec7c nghi\u00ean c\u1ee9u ph\u01b0\u01a1ng ph\u00e1p \u0111i\u1ec1u tr\u1ecb ung th\u01b0 v\u00fa b\u1eb1ng c\u00e1ch nh\u1eafm m\u1ee5c ti\u00eau v\u00e0o t\u1ebf b\u00e0o g\u1ed1c ung th\u01b0 v\u00fa. Khi tham gia Ch\u01b0\u01a1ng tr\u00ecnh h\u1ee3p t\u00e1c c\u1ee7a \u0110\u1ea1i h\u1ecdc Qu\u1ed1c gia Tp H\u1ed3 Ch\u00ed Minh, Vi\u1ec7t Nam \u2013 \u0110\u1ea1i h\u1ecdc California Los Angeles, \u00f4ng \u0111\u00e3 \u0111\u01b0\u1ee3c h\u01b0\u1edbng d\u1eabn b\u1edfi Gi\u00e1o s\u01b0 David Eisenberg c\u1ee7a Trung t\u00e2m C\u1ed1 v\u1ea5n To\u00e0n c\u1ea7u (CGM) t\u1ea1i \u0110\u1ea1i h\u1ecdc California Los Angeles. \u00d4ng t\u1ed1t nghi\u1ec7p Ti\u1ebfn s\u0129 n\u0103m 2021 v\u00e0 ti\u1ebfp t\u1ee5c nghi\u00ean c\u1ee9u v\u1ec1 t\u1ebf b\u00e0o \u0111\u1ed3ng th\u1eddi gi\u1eef ch\u1ee9c v\u1ee5 qu\u1ea3n l\u00fd Ph\u00f3 Vi\u1ec7n tr\u01b0\u1edfng Vi\u1ec7n T\u1ebf b\u00e0o g\u1ed1c t\u1eeb n\u0103m 2018 thu\u1ed9c Tr\u01b0\u1eddng \u0110\u1ea1i h\u1ecdc Khoa h\u1ecdc, \u0110\u1ea1i h\u1ecdc Qu\u1ed1c gia TP.HCM. Nghi\u00ean c\u1ee9u c\u1ee7a \u00f4ng g\u1ea7n \u0111\u00e2y t\u1eadp trung v\u00e0o khoa h\u1ecdc l\u00e3o h\u00f3a, c\u00e1c c\u01a1 ch\u1ebf l\u00e3o h\u00f3a \u1edf m\u1ee9c sinh h\u1ecdc ph\u00e2n t\u1eed, t\u1ebf b\u00e0o, m\u00f4 v\u00e0 c\u01a1 quan.<\/p>\n\n\n\n<p class=\"has-background\" style=\"border-radius:1rem;background-color:#00a9ff0f\">He initiated cancer research from 2010 in Laboratory of Stem Cell Research and Application after receiving Biology B.S. He got M.S in Animal Physiology from 2014. M.S studying reached on cancer stem cell differentiation by epigenetic reagent 5\u2032-aza- 2\u2032- deoxycytidine. From 2015 he became graduate student in Human and Animal Physiology at University of Science, Vietnam National University-Ho Chi Minh city. His project focuses on establishing and characterizing of three-dimensional cancer cell cultured model for anti-tumor drug screening. This model is promising approach for drug discovery research. He is also interested in studying breast cancer treatment by targeting breast cancer stem cells. By joining in Vietnam National University \u2013 University of California Los Angeles Cancer Initiative (VUCI) Program he was a metee of Center for Global Mentoring (CGM) at University of California Los Angeles mentoring by professor David Eisenberg. He graduated PhD in 2021 and continues to do research on cells while holding the management position of Deputy Director of the Stem Cell Institute, University of Sciences, Vietnam National University, Ho Chi Minh City. His research recently focuses on anging science.<\/p>\n\n\n\n<div class=\"wp-block-columns is-layout-flex wp-container-core-columns-is-layout-28f84493 wp-block-columns-is-layout-flex\">\n<div class=\"wp-block-column is-layout-flow wp-block-column-is-layout-flow\" style=\"flex-basis:50%\">\n<div class=\"wp-block-group alignwide has-global-padding is-layout-constrained wp-block-group-is-layout-constrained\">\n<h2 class=\"wp-block-heading has-text-align-center\">Qu\u00e1 tr\u00ecnh c\u00f4ng t\u00e1c<\/h2>\n\n\n\n<p class=\"is-style-default has-background has-medium-font-size\" style=\"border-radius:1rem;background-color:#eeeeee;padding-top:var(--wp--preset--spacing--20);padding-right:var(--wp--preset--spacing--20);padding-bottom:var(--wp--preset--spacing--20);padding-left:var(--wp--preset--spacing--20);font-style:normal;font-weight:700\">T\u1eeb th\u00e1ng 10\/2010 \u0111\u1ebfn 6\/ 2015<\/p>\n\n\n\n<p>Nghi\u00ean c\u1ee9u vi\u00ean PTN Nghi\u00ean c\u1ee9u v\u00e0 \u1ee8ng d\u1ee5ng T\u1ebf b\u00e0o g\u1ed1c<\/p>\n\n\n\n<p class=\"is-style-default has-background has-medium-font-size\" style=\"border-radius:1rem;background-color:#eeeeee;padding-top:var(--wp--preset--spacing--20);padding-right:var(--wp--preset--spacing--20);padding-bottom:var(--wp--preset--spacing--20);padding-left:var(--wp--preset--spacing--20);font-style:normal;font-weight:700\">T\u1eeb th\u00e1ng 10\/2010 \u0111\u1ebfn 6\/2015<\/p>\n\n\n\n<p>Nghi\u00ean c\u1ee9u sinh trao \u0111\u1ed5i Eisenberg Lab, UCLA-DOE Institute, University of California Los Angeles, USA<\/p>\n\n\n\n<p class=\"is-style-default has-background has-medium-font-size\" style=\"border-radius:1rem;background-color:#eeeeee;padding-top:var(--wp--preset--spacing--20);padding-right:var(--wp--preset--spacing--20);padding-bottom:var(--wp--preset--spacing--20);padding-left:var(--wp--preset--spacing--20);font-style:normal;font-weight:700\">T\u1eeb th\u00e1ng 8\/2017 \u0111\u1ebfn 12\/2017<\/p>\n\n\n\n<p>Nghi\u00ean c\u1ee9u vi\u00ean PTN Nghi\u00ean c\u1ee9u v\u00e0 \u1ee8ng d\u1ee5ng T\u1ebf b\u00e0o g\u1ed1c<\/p>\n\n\n\n<p class=\"is-style-default has-background has-medium-font-size\" style=\"border-radius:1rem;background-color:#eeeeee;padding-top:var(--wp--preset--spacing--20);padding-right:var(--wp--preset--spacing--20);padding-bottom:var(--wp--preset--spacing--20);padding-left:var(--wp--preset--spacing--20);font-style:normal;font-weight:700\">T\u1eeb th\u00e1ng 01\/2018 \u0111\u1ebfn 10\/2018<\/p>\n\n\n\n<p>Nghi\u00ean c\u1ee9u vi\u00ean Vi\u1ec7n T\u1ebf b\u00e0o g\u1ed1c<\/p>\n\n\n\n<p class=\"is-style-default has-background has-medium-font-size\" style=\"border-radius:1rem;background-color:#eeeeee;padding-top:var(--wp--preset--spacing--20);padding-right:var(--wp--preset--spacing--20);padding-bottom:var(--wp--preset--spacing--20);padding-left:var(--wp--preset--spacing--20);font-style:normal;font-weight:700\">T\u1eeb th\u00e1ng 11\/2018 \u0111\u1ebfn 10\/2023<\/p>\n\n\n\n<p>Ph\u00f3 Vi\u1ec7n tr\u01b0\u1edfng, Nghi\u00ean c\u1ee9u vi\u00ean Vi\u1ec7n T\u1ebf b\u00e0o g\u1ed1c<\/p>\n\n\n\n<p class=\"is-style-default has-background has-medium-font-size\" style=\"border-radius:1rem;background-color:#eeeeee;padding-top:var(--wp--preset--spacing--20);padding-right:var(--wp--preset--spacing--20);padding-bottom:var(--wp--preset--spacing--20);padding-left:var(--wp--preset--spacing--20);font-style:normal;font-weight:700\">T\u1eeb th\u00e1ng 11\/2023 \u0111\u1ebfn nay<\/p>\n\n\n\n<p>Nghi\u00ean c\u1ee9u vi\u00ean Vi\u1ec7n T\u1ebf b\u00e0o g\u1ed1c<\/p>\n\n\n\n<p class=\"is-style-default has-background has-medium-font-size\" style=\"border-radius:1rem;background-color:#eeeeee;padding-top:var(--wp--preset--spacing--20);padding-right:var(--wp--preset--spacing--20);padding-bottom:var(--wp--preset--spacing--20);padding-left:var(--wp--preset--spacing--20);font-style:normal;font-weight:700\">T\u1eeb th\u00e1ng 02\/2024 \u0111\u1ebfn nay<\/p>\n\n\n\n<p>Tr\u01b0\u1edfng ph\u00f2ng H\u1ee3p t\u00e1c Qu\u1ed1c t\u1ebf Vi\u1ec7n T\u1ebf b\u00e0o g\u1ed1c<\/p>\n<\/div>\n<\/div>\n\n\n\n<div class=\"wp-block-column is-layout-flow wp-block-column-is-layout-flow\" style=\"flex-basis:50%\">\n<h2 class=\"wp-block-heading has-text-align-center\">Th\u00e0nh t\u00edch<\/h2>\n\n\n\n<ul class=\"wp-block-list\">\n<li><\/li>\n<\/ul>\n<\/div>\n<\/div>\n\n\n\n<div class=\"wp-block-group has-global-padding is-layout-constrained wp-block-group-is-layout-constrained\">\n<h2 class=\"wp-block-heading\">L\u0129nh v\u1ef1c ho\u1ea1t \u0111\u1ed9ng<\/h2>\n\n\n\n<p>Khoa h\u1ecdc l\u00e3o h\u00f3a<\/p>\n\n\n\n<h2 class=\"wp-block-heading\">C\u00f4ng tr\u00ecnh nghi\u00ean c\u1ee9u<\/h2>\n\n\n\n<ul class=\"wp-block-list\">\n<li>Effects of autophagy inhibition by chloroquine on hepatic stellate cell activation in CCl4-induced acute liver injury mouse model Le TV, Dinh NBT, Dang MT, Phan NCL, Dang LTT, Grassi G, Holterman AXL, Le HM, Truong NH. J Gastroenterol Hepatol 2022<\/li>\n\n\n\n<li>Optimization of the isolation procedure and culturing conditions for hepatic stellate cells obtained from mouse Dang TM, Le TV, Do HQ, Nguyen VT, Holterman AXL, Dang LTT, Phan NCL, Pham PV, Hoang SN, Le LT, Grassi G, Truong NH. Biosci Rep 2021<\/li>\n\n\n\n<li>Adipose-Derived Stem Cells Can Replace Fibroblasts as Cell Control for Anti-Tumor Screening Assay Pham PV, Nguyen ST, Phan NL, Do NM, Vo PH. Onco Targets Ther 2020<\/li>\n\n\n\n<li>Hopea odorata Extract Can Efficiently Kill Breast Cancer Cells and Cancer Stem-Like Cells in Three-Dimensional Culture More Than in Monolayer Cell Culture Phan NL, Pham KD, Le Minh P, Nguyen MT, Kim NP, Truong KD, Van Pham P. Adv Exp Med Biol 2020<\/li>\n\n\n\n<li>A simple high-throughput approach identifies actionable drug sensitivities in patient-derived tumor organoids Phan N, Hong JJ, Tofig B, Mapua M, Elashoff D, Moatamed NA, Huang J, Memarzadeh S, Damoiseaux R, Soragni A. Commun Biol 2019<\/li>\n\n\n\n<li>Anti-cancer Effect of Xao Tam Phan Paramignya trimera Methanol Root Extract on Human Breast Cancer Cell Line MCF-7 in 3D Model Lam-Huyen Nguyen-Thi; Sinh Truong Nguyen; Thao Phuong Tran; Chinh-Nhan Phan-Lu; Phuc Van Pham; Trung The Van Adv Exp Med Biol 2018<\/li>\n\n\n\n<li>Comparative Clinical Observation of Arthroscopic Microfracture in the Presence and Absence of a Stromal Vascular Fraction Injection for Osteoarthritis Nguyen PD, Tran TD, Nguyen HT, Vu HT, Le PT, Phan NL, Vu NB, Phan NK, Van Pham P. Stem Cells Transl Med 2017<\/li>\n\n\n\n<li>Vitamin C stimulates human gingival stem cell proliferation and expression of pluripotent markers Van Pham P, Tran NY, Phan NL, Vu NB, Phan NK. In Vitro Cell Dev Biol Anim 2016<\/li>\n\n\n\n<li>Targeting breast cancer stem cells by dendritic cell vaccination in humanized mice with breast tumor: preliminary results Pham PV, Le HT, Vu BT, Pham VQ, Le PM, Phan NL, Trinh NV, Nguyen HT, Nguyen ST, Nguyen TL, Phan NK. Onco Targets Ther 2016<\/li>\n\n\n\n<li>Optimization of culture medium for the isolation and propagation of human breast cancer cells from primary tumour biopsies Binh Thanh Vu, Hanh Thi Le, Nhan Lu-Chinh Phan, Phuc Van Pham Biomedical Research and Therapy 2015<\/li>\n\n\n\n<li>Low concentrations of 5-aza-2\u2032-deoxycytidine induce breast cancer stem cell differentiation by triggering tumor suppressor gene expression Phan NL, Trinh NV, Pham PV. Onco Targets Ther 2015<\/li>\n\n\n\n<li>Good manufacturing practice-compliant isolation and culture of human adipose derived stem cells Phuc Van Pham, Ngoc Bich Vu, Nhan Lu-Chinh Phan, Dung Minh Le, Nhat Chau Truong, Nhung Hai Truong, Khanh Hong-Thien Bui &amp; Ngoc Kim Phan Biomedical Research and Therapy 2014<\/li>\n\n\n\n<li>Activated platelet-rich plasma improves adipose-derived stem cell transplantation efficiency in injured articular cartilage Van Pham P, Bui KH, Ngo DQ, Vu NB, Truong NH, Phan NL, Le DM, Duong TD, Nguyen TD, Le VT, Phan NK. Stem Cell Res Ther 2013<\/li>\n\n\n\n<li>Roles of CD44 in stem cells and cancer stem cells. The Research and Biology of Cancer I Phuc Van Pham, Sinh Truong Nguyen, Nhan Lu-Chinh Phan, Ngoc Kim Ngoc iConcept 2013<\/li>\n\n\n\n<li>Suppression of human breast tumors in NOD\/SCID mice by CD44 shRNA gene therapy combined with doxorubicin treatment Van Pham P, Vu NB, Duong TT, Nguyen TT, Truong NH, Phan NL, Vuong TG, Pham VQ, Nguyen HM, Nguyen KT, Nguyen NT, Nguyen KG, Khat LT, Van Le D, Truong KD, Phan NK. Onco Targets Ther 2012<\/li>\n\n\n\n<li>Breast cancer stem cell isolation by single cell sorting, Tissue Culture, Annarita Leva and Rinaldi Laura M.R. (Ed.) Phuc Van Pham, Binh Thanh Vu, Nhan Lu Chinh Phan, Thuy Thanh Duong, Tue Gia Vuong, Giang Do Thuy Nguyen, Thiep Van Tran, Dung Xuan Pham, Minh Hoang Le and Ngoc Kim Phan Intech 2012<\/li>\n\n\n\n<li>Downregulation of CD44 reduces doxorubicin resistance of CD44CD24 breast cancer cells Van Phuc P, Nhan PL, Nhung TH, Tam NT, Hoang NM, Tue VG, Thuy DT, Ngoc PK. Onco Targets Ther 2011<\/li>\n\n\n\n<li>Differentiation of breast cancer stem cells by knockdown of CD44: promising differentiation therapy Pham PV, Phan NL, Nguyen NT, Truong NH, Duong TT, Le DV, Truong KD, Phan NK. J Transl Med 2011<\/li>\n<\/ul>\n<\/div>\n<\/div>\n","protected":false},"excerpt":{"rendered":"<p>TS. Phan L\u1eef Ch\u00ednh Nh\u00e2n Alumni \u0110\u00e3 ng\u01b0ng c\u00f4ng t\u00e1c t\u1eeb th\u00e1ng 08\/2024 Phan L\u1eef Ch\u00ednh Nh\u00e2n b\u1eaft \u0111\u1ea7u nghi\u00ean c\u1ee9u ung th\u01b0 t\u1eeb n\u0103m 2010 t\u1ea1i Ph\u00f2ng th\u00ed nghi\u1ec7m Nghi\u00ean c\u1ee9u v\u00e0 \u1ee8ng d\u1ee5ng T\u1ebf b\u00e0o g\u1ed1c sau khi nh\u1eadn b\u1eb1ng C\u1eed nh\u00e2n Sinh h\u1ecdc. \u00d4ng c\u00f3 b\u1eb1ng Th\u1ea1c s\u0129 v\u1ec1 Sinh l\u00fd h\u1ecdc [&hellip;]<\/p>\n","protected":false},"author":1,"featured_media":0,"parent":4028,"menu_order":0,"comment_status":"closed","ping_status":"closed","template":"full-width","meta":{"advanced_seo_description":"","jetpack_seo_html_title":"","jetpack_seo_noindex":false,"footnotes":""},"class_list":["post-4751","page","type-page","status-publish","hentry"],"jetpack_sharing_enabled":true,"_links":{"self":[{"href":"https:\/\/sci.edu.vn\/home\/wp-json\/wp\/v2\/pages\/4751","targetHints":{"allow":["GET"]}}],"collection":[{"href":"https:\/\/sci.edu.vn\/home\/wp-json\/wp\/v2\/pages"}],"about":[{"href":"https:\/\/sci.edu.vn\/home\/wp-json\/wp\/v2\/types\/page"}],"author":[{"embeddable":true,"href":"https:\/\/sci.edu.vn\/home\/wp-json\/wp\/v2\/users\/1"}],"replies":[{"embeddable":true,"href":"https:\/\/sci.edu.vn\/home\/wp-json\/wp\/v2\/comments?post=4751"}],"version-history":[{"count":1,"href":"https:\/\/sci.edu.vn\/home\/wp-json\/wp\/v2\/pages\/4751\/revisions"}],"predecessor-version":[{"id":4753,"href":"https:\/\/sci.edu.vn\/home\/wp-json\/wp\/v2\/pages\/4751\/revisions\/4753"}],"up":[{"embeddable":true,"href":"https:\/\/sci.edu.vn\/home\/wp-json\/wp\/v2\/pages\/4028"}],"wp:attachment":[{"href":"https:\/\/sci.edu.vn\/home\/wp-json\/wp\/v2\/media?parent=4751"}],"curies":[{"name":"wp","href":"https:\/\/api.w.org\/{rel}","templated":true}]}}