{"id":660,"date":"2020-03-10T02:48:17","date_gmt":"2020-03-10T02:48:17","guid":{"rendered":"http:\/\/new.vientebaogoc.edu.vn\/?page_id=660"},"modified":"2024-11-21T16:37:04","modified_gmt":"2024-11-21T09:37:04","slug":"thong-diep-cua-vien-truong","status":"publish","type":"page","link":"https:\/\/sci.edu.vn\/home\/ve-chung-toi\/thong-diep-cua-vien-truong\/","title":{"rendered":"Th\u00f4ng \u0111i\u1ec7p c\u1ee7a Vi\u1ec7n tr\u01b0\u1edfng"},"content":{"rendered":"\n<h2 class=\"wp-block-heading has-text-align-center\">TH\u00d4NG \u0110I\u1ec6P CH\u00c0O M\u1eeaNG<\/h2>\n\n\n\n<hr class=\"wp-block-separator has-alpha-channel-opacity\"\/>\n\n\n\n<p><em>K\u00ednh th\u01b0a Qu\u00fd v\u1ecb v\u00e0 c\u00e1c b\u1ea1n,<\/em><\/p>\n\n\n\n<p>Ch\u00e0o m\u1eebng Qu\u00fd v\u1ecb v\u00e0 c\u00e1c b\u1ea1n \u0111\u1ebfn v\u1edbi trang web c\u1ee7a Vi\u1ec7n T\u1ebf b\u00e0o g\u1ed1c (\u0110\u1ea1i h\u1ecdc Khoa h\u1ecdc T\u1ef1 nhi\u00ean, \u0110\u1ea1i h\u1ecdc Qu\u1ed1c gia Tp.HCM, Vi\u1ec7t Nam), b\u1eb1ng trang web n\u00e0y, ch\u00fang t\u00f4i hy v\u1ecdng s\u1ebd cung c\u1ea5p \u0111\u1ea7y \u0111\u1ee7 c\u00e1c th\u00f4ng tin c\u1ee7a c\u00e1c ho\u1ea1t \u0111\u1ed9ng gi\u1ea3ng d\u1ea1y, nghi\u00ean c\u1ee9u, s\u1ea3n xu\u1ea5t, d\u1ecbch v\u1ee5\u2026 c\u0169ng nh\u01b0 c\u00e1c ho\u1ea1t \u0111\u1ed9ng kh\u00e1c c\u1ee7a Vi\u1ec7n.<\/p>\n\n\n\n<p>Vi\u1ec7n c\u1ee7a ch\u00fang t\u00f4i c\u00f3 ti\u1ec1n th\u00e2n l\u00e0 PTN C\u00f4ng ngh\u1ec7 Sinh h\u1ecdc Ph\u00e2n t\u1eed (g\u1ecdi t\u1eaft l\u00e0 Lab. C) \u0111\u01b0\u1ee3c th\u00e0nh l\u1eadp v\u00e0o n\u0103m 1999 c\u1ee7a \u0110\u1ea1i h\u1ecdc Khoa h\u1ecdc T\u1ef1 nhi\u00ean, \u0110\u1ea1i h\u1ecdc Qu\u1ed1c gia th\u00e0nh ph\u1ed1 H\u1ed3 Ch\u00ed Minh, Vi\u1ec7t Nam (\u0111\u01b0\u1ee3c \u0111\u1eb7t t\u00ean l\u00e0 Ph\u00f2ng th\u00ed nghi\u1ec7m C l\u00e0 v\u00ec n\u00f3 l\u00e0 m\u1ed9t ph\u1ea7n c\u1ee7a ph\u00f2ng th\u00ed nghi\u1ec7m c\u00f4ng ngh\u1ec7 sinh h\u1ecdc ph\u00e2n t\u1eed do GS.TS. Tr\u1ea7n Linh Th\u01b0\u1edbc l\u00e0m Tr\u01b0\u1edfng ph\u00f2ng). K\u1ec3 t\u1eeb \u0111\u00f3, Lab. C \u0111\u00e3 \u0111\u00f3ng m\u1ed9t vai tr\u00f2 h\u00e0ng \u0111\u1ea7u trong nghi\u00ean c\u1ee9u, \u0111\u00e0o t\u1ea1o v\u00e0 tri\u1ec3n khai c\u00e1c ho\u1ea1t \u0111\u1ed9ng kh\u00e1c trong l\u0129nh v\u1ef1c c\u00f4ng ngh\u1ec7 sinh h\u1ecdc \u0111\u1ed9ng v\u1eadt, trong \u0111\u00f3 c\u00f3 nghi\u00ean c\u1ee9u v\u1ec1 t\u1ebf b\u00e0o g\u1ed1c.<\/p>\n\n\n\n<p>T\u1eeb nh\u1eefng k\u1ebft qu\u1ea3 n\u1ed5i b\u1eadt v\u1ec1 ho\u1ea1t \u0111\u1ed9ng nghi\u00ean c\u1ee9u t\u1ebf b\u00e0o g\u1ed1c v\u00e0 chi\u1ebfn l\u01b0\u1ee3c ph\u00e1t tri\u1ec3n c\u1ee7a l\u00e3nh \u0111\u1ea1o Tr\u01b0\u1eddng \u0110H KHTN, v\u00e0 \u0110HQG Tp.HCM v\u1ec1 t\u1ebf b\u00e0o g\u1ed1c, Hi\u1ec7u tr\u01b0\u1edfng Tr\u01b0\u1eddng \u0110\u1ea1i h\u1ecdc KHTN, \u0110HQG Tp.HCM \u0111\u00e3 ra quy\u1ebft \u0111\u1ecbnh th\u00e0nh l\u1eadp Ph\u00f2ng th\u00ed nghi\u1ec7m nghi\u00ean c\u1ee9u v\u00e0 \u1ee8ng d\u1ee5ng T\u1ebf b\u00e0o g\u1ed1c (g\u1ecdi t\u1eaft l\u00e0 PTN T\u1ebf b\u00e0o g\u1ed1c) v\u00e0o ng\u00e0y 24 th\u00e1ng 12 n\u0103m 2007. Quy\u1ebft \u0111\u1ecbnh th\u00e0nh l\u1eadp n\u00e0y d\u1ef1a tr\u00ean c\u01a1 s\u1edf Gi\u00e1m \u0111\u1ed1c \u0110\u1ea1i h\u1ecdc Qu\u1ed1c gia Tp.HCM \u0111\u00e3 Quy\u1ebft \u0111\u1ecbnh \u0111\u1ea7u t\u01b0 40 t\u1ec9 \u0111\u1ed3ng (t\u01b0\u01a1ng \u0111\u01b0\u01a1ng 2,2 tri\u1ec7u USD v\u00e0o th\u1eddi \u0111i\u1ec3m 2007) cho D\u1ef1 \u00e1n PTN Tr\u1ecdng \u0111i\u1ec3m v\u1ec1 t\u1ebf b\u00e0o g\u1ed1c.<\/p>\n\n\n\n<p>Sau 10 n\u0103m ph\u00e1t tri\u1ec3n v\u1edbi c\u00e1c th\u00e0nh t\u1ef1u n\u1ed5i b\u1eadt trong ph\u00e1t tri\u1ec3n c\u00f4ng ngh\u1ec7, v\u00e0 c\u00e1c \u1ee9ng d\u1ee5ng th\u1ef1c ti\u1ec5n c\u1ee7a c\u00f4ng ngh\u1ec7 t\u1ebf b\u00e0o g\u1ed1c c\u1ee7a PTN Nghi\u00ean c\u1ee9u v\u00e0 \u1ee8ng d\u1ee5ng T\u1ebf b\u00e0o g\u1ed1c, Hi\u1ec7u tr\u01b0\u1edfng Tr\u01b0\u1eddng \u0110H KHTN, \u0110HQG Tp.HCM \u0111\u00e3 th\u00e0nh l\u1eadp Vi\u1ec7n T\u1ebf b\u00e0o g\u1ed1c, l\u00e0 \u0111\u01a1n v\u1ecb tr\u1ef1c thu\u1ed9c Tr\u01b0\u1eddng \u0110HKHTN, \u0110HQG Tp.HCM v\u00e0o ng\u00e0y 12 th\u00e1ng 6 n\u0103m 2017. S\u1ef1 ra \u0111\u1eddi Vi\u1ec7n T\u1ebf b\u00e0o g\u1ed1c nh\u01b0 l\u00e0 m\u1ed9t \u0111\u01a1n v\u1ecb t\u00e0i ch\u00ednh, ho\u1ea1t \u0111\u1ed9ng \u0111\u1ed9c l\u1eadp \u0111\u00e3 m\u1edf ra nhi\u1ec1u c\u01a1 h\u1ed9i h\u1ee3p t\u00e1c v\u00e0 ph\u00e1t tri\u1ec3n cho Vi\u1ec7n T\u1ebf b\u00e0o g\u1ed1c.<\/p>\n\n\n\n<p>L\u00e0 m\u1ed9t c\u1ef1u h\u1ecdc vi\u00ean sau \u0111\u1ea1i h\u1ecdc v\u00e0 nghi\u00ean c\u1ee9u vi\u00ean c\u1ee7a Vi\u1ec7n, t\u00f4i vui m\u1eebng b\u00e1o c\u00e1o r\u1eb1ng t\u1ea5t c\u1ea3 c\u00e1c \u0111\u1eb7c t\u00ednh, cam k\u1ebft v\u00e0 ch\u1ea5t l\u01b0\u1ee3ng c\u00f3 \u0111\u01b0\u1ee3c t\u1eeb ph\u00f2ng th\u00ed nghi\u1ec7m trong qu\u00e1 kh\u1ee9 v\u00e0 Vi\u1ec7n hi\u1ec7n t\u1ea1i kh\u00f4ng ch\u1ec9 c\u00f2n nguy\u00ean v\u1eb9n m\u00e0 \u0111ang \u0111\u01b0\u1ee3c t\u00edch c\u1ef1c t\u0103ng c\u01b0\u1eddng.<\/p>\n\n\n\n<p>Ch\u00fang t\u00f4i mong mu\u1ed1n m\u1ed9t t\u01b0\u01a1ng lai c\u1ef1c k\u1ef3 t\u01b0\u01a1i s\u00e1ng, nh\u1ea5t l\u00e0 nh\u1eefng th\u00e0nh t\u1ef1u m\u1edbi m\u00e0 ch\u00fang t\u00f4i ho\u00e0n to\u00e0n tin t\u01b0\u1edfng \u0111\u00e1p \u1ee9ng t\u1ea5t c\u1ea3 c\u00e1c y\u00eau c\u1ea7u c\u1ee7a vi\u1ec7n nghi\u00ean c\u1ee9u hi\u1ec7n \u0111\u1ea1i v\u1ec1 t\u1ebf b\u00e0o g\u1ed1c c\u0169ng nh\u01b0 y h\u1ecdc t\u00e1i t\u1ea1o \u1edf t\u1ea7m qu\u1ed1c t\u1ebf.<\/p>\n\n\n\n<p>Ch\u00fang t\u00f4i hy v\u1ecdng r\u1eb1ng b\u1ea1n s\u1ebd t\u00ecm th\u1ea5y t\u1ea5t c\u1ea3 th\u00f4ng tin b\u1ea1n c\u1ea7n tr\u00ean trang web, nh\u01b0ng n\u1ebfu kh\u00f4ng ng\u1ea7n ng\u1ea1i li\u00ean h\u1ec7 v\u1edbi ch\u00fang t\u00f4i v\u00e0 ch\u00fang t\u00f4i s\u1ebd s\u1eb5n l\u00f2ng h\u01b0\u1edbng d\u1eabn b\u1ea1n \u0111\u1ebfn ng\u01b0\u1eddi ho\u1eb7c ngu\u1ed3n th\u00f4ng tin ph\u00f9 h\u1ee3p. Xin l\u01b0u \u00fd r\u1eb1ng ch\u00fang t\u00f4i \u0111ang trong qu\u00e1 tr\u00ecnh c\u1eadp nh\u1eadt v\u00e0 thi\u1ebft k\u1ebf l\u1ea1i trang web c\u1ee7a ch\u00fang t\u00f4i, do \u0111\u00f3 b\u1ea1n g\u1ea7n nh\u01b0 ch\u1eafc ch\u1eafn s\u1ebd t\u00ecm th\u1ea5y nh\u1eefng c\u1ea3i ti\u1ebfn v\u00e0 thay \u0111\u1ed5i trong m\u1ed7i l\u1ea7n truy c\u1eadp.<\/p>\n\n\n\n<p class=\"has-text-align-right\">Vi\u1ec7n Tr\u01b0\u1edfng<\/p>\n\n\n\n<p class=\"has-text-align-right\">PGS.TS. Ph\u1ea1m V\u0103n Ph\u00fac<\/p>\n","protected":false},"excerpt":{"rendered":"<p>TH\u00d4NG \u0110I\u1ec6P CH\u00c0O M\u1eeaNG K\u00ednh th\u01b0a Qu\u00fd v\u1ecb v\u00e0 c\u00e1c b\u1ea1n, Ch\u00e0o m\u1eebng Qu\u00fd v\u1ecb v\u00e0 c\u00e1c b\u1ea1n \u0111\u1ebfn v\u1edbi trang web c\u1ee7a Vi\u1ec7n T\u1ebf b\u00e0o g\u1ed1c (\u0110\u1ea1i h\u1ecdc Khoa h\u1ecdc T\u1ef1 nhi\u00ean, \u0110\u1ea1i h\u1ecdc Qu\u1ed1c gia Tp.HCM, Vi\u1ec7t Nam), b\u1eb1ng trang web n\u00e0y, ch\u00fang t\u00f4i hy v\u1ecdng s\u1ebd cung c\u1ea5p \u0111\u1ea7y \u0111\u1ee7 c\u00e1c th\u00f4ng [&hellip;]<\/p>\n","protected":false},"author":1,"featured_media":0,"parent":187,"menu_order":0,"comment_status":"closed","ping_status":"closed","template":"page-no-title","meta":{"advanced_seo_description":"","jetpack_seo_html_title":"","jetpack_seo_noindex":false,"footnotes":""},"class_list":["post-660","page","type-page","status-publish","hentry"],"jetpack_sharing_enabled":true,"_links":{"self":[{"href":"https:\/\/sci.edu.vn\/home\/wp-json\/wp\/v2\/pages\/660","targetHints":{"allow":["GET"]}}],"collection":[{"href":"https:\/\/sci.edu.vn\/home\/wp-json\/wp\/v2\/pages"}],"about":[{"href":"https:\/\/sci.edu.vn\/home\/wp-json\/wp\/v2\/types\/page"}],"author":[{"embeddable":true,"href":"https:\/\/sci.edu.vn\/home\/wp-json\/wp\/v2\/users\/1"}],"replies":[{"embeddable":true,"href":"https:\/\/sci.edu.vn\/home\/wp-json\/wp\/v2\/comments?post=660"}],"version-history":[{"count":6,"href":"https:\/\/sci.edu.vn\/home\/wp-json\/wp\/v2\/pages\/660\/revisions"}],"predecessor-version":[{"id":4364,"href":"https:\/\/sci.edu.vn\/home\/wp-json\/wp\/v2\/pages\/660\/revisions\/4364"}],"up":[{"embeddable":true,"href":"https:\/\/sci.edu.vn\/home\/wp-json\/wp\/v2\/pages\/187"}],"wp:attachment":[{"href":"https:\/\/sci.edu.vn\/home\/wp-json\/wp\/v2\/media?parent=660"}],"curies":[{"name":"wp","href":"https:\/\/api.w.org\/{rel}","templated":true}]}}