{"id":662,"date":"2020-03-10T02:49:13","date_gmt":"2020-03-10T02:49:13","guid":{"rendered":"http:\/\/new.vientebaogoc.edu.vn\/?page_id=662"},"modified":"2024-12-19T09:16:40","modified_gmt":"2024-12-19T02:16:40","slug":"chung-toi-la-ai","status":"publish","type":"page","link":"https:\/\/sci.edu.vn\/home\/ve-chung-toi\/chung-toi-la-ai\/","title":{"rendered":"Ch\u00fang t\u00f4i l\u00e0 ai?"},"content":{"rendered":"\n<div class=\"wp-block-group alignwide has-global-padding is-layout-constrained wp-block-group-is-layout-constrained\">\n<div class=\"wp-block-group alignwide is-content-justification-left is-layout-flex wp-container-core-group-is-layout-8319a190 wp-block-group-is-layout-flex\">\n<div class=\"wp-block-group has-global-padding is-layout-constrained wp-container-core-group-is-layout-7db9d80f wp-block-group-is-layout-constrained\" style=\"padding-right:0;padding-left:0\">\n<h2 class=\"wp-block-heading\">Ch\u00fang t\u00f4i l\u00e0 ai?<\/h2>\n\n\n\n<p><strong>Vi\u1ec7n T\u1ebf b\u00e0o g\u1ed1c<\/strong> (<strong>VNUHCM-US Stem Cell Institute<\/strong>) l\u00e0 \u0111\u01a1n v\u1ecb khoa h\u1ecdc c\u00f4ng ngh\u1ec7 t\u1ef1 ch\u1ee7 t\u00e0i ch\u00ednh , c\u00f3 con d\u1ea5u v\u00e0 t\u00e0i kho\u1ea3n ri\u00eang, tr\u1ef1c thu\u1ed9c Tr\u01b0\u1eddng \u0110\u1ea1i h\u1ecdc Khoa h\u1ecdc t\u1ef1 nhi\u00ean, \u0110\u1ea1i h\u1ecdc Qu\u1ed1c gia TP. HCM.<\/p>\n\n\n\n<ul class=\"wp-block-list\">\n<li><strong>T\u00ean giao d\u1ecbch ti\u1ebfng Vi\u1ec7t:<\/strong> Vi\u1ec7n T\u1ebf b\u00e0o g\u1ed1c<\/li>\n\n\n\n<li><strong>T\u00ean giao d\u1ecbch ti\u1ebfng Anh:<\/strong> VNUHCM-US Stem Cell Institute<\/li>\n\n\n\n<li><strong>T\u00ean vi\u1ebft t\u1eaft:<\/strong> SCI<\/li>\n\n\n\n<li><strong>\u0110\u1ecba ch\u1ec9 website:<\/strong> <a href=\"https:\/\/sci.edu.vn\">https:\/\/sci.edu.vn<\/a><\/li>\n\n\n\n<li><strong>\u0110i\u1ec7n tho\u1ea1i c\u01a1 quan:<\/strong> +84 28 3636 1206<\/li>\n\n\n\n<li><strong>Ti\u1ec1n th\u00e2n:<\/strong> PTN Nghi\u00ean c\u1ee9u v\u00e0 \u1ee8ng d\u1ee5ng T\u1ebf b\u00e0o g\u1ed1c, th\u00e0nh l\u1eadp ng\u00e0y 24\/12\/2007<\/li>\n\n\n\n<li><strong>Quy\u1ebft \u0111\u1ecbnh th\u00e0nh l\u1eadp ch\u00ednh th\u1ee9c:<\/strong> 12\/06\/2017<\/li>\n<\/ul>\n<\/div>\n\n\n\n<figure data-wp-context=\"{&quot;imageId&quot;:&quot;6a0496db5dd21&quot;}\" data-wp-interactive=\"core\/image\" data-wp-key=\"6a0496db5dd21\" class=\"wp-block-image size-full is-resized is-style-default wp-lightbox-container\"><img loading=\"lazy\" decoding=\"async\" width=\"2048\" height=\"1362\" data-wp-class--hide=\"state.isContentHidden\" data-wp-class--show=\"state.isContentVisible\" data-wp-init=\"callbacks.setButtonStyles\" data-wp-on--click=\"actions.showLightbox\" data-wp-on--load=\"callbacks.setButtonStyles\" data-wp-on-window--resize=\"callbacks.setButtonStyles\" src=\"https:\/\/sci.edu.vn\/home\/wp-content\/uploads\/2020\/03\/DEO5854.jpg\" alt=\"\" class=\"wp-image-883\" style=\"width:512px\"\/><button\n\t\t\tclass=\"lightbox-trigger\"\n\t\t\ttype=\"button\"\n\t\t\taria-haspopup=\"dialog\"\n\t\t\taria-label=\"Enlarge\"\n\t\t\tdata-wp-init=\"callbacks.initTriggerButton\"\n\t\t\tdata-wp-on--click=\"actions.showLightbox\"\n\t\t\tdata-wp-style--right=\"state.imageButtonRight\"\n\t\t\tdata-wp-style--top=\"state.imageButtonTop\"\n\t\t>\n\t\t\t<svg xmlns=\"http:\/\/www.w3.org\/2000\/svg\" width=\"12\" height=\"12\" fill=\"none\" viewBox=\"0 0 12 12\">\n\t\t\t\t<path fill=\"#fff\" d=\"M2 0a2 2 0 0 0-2 2v2h1.5V2a.5.5 0 0 1 .5-.5h2V0H2Zm2 10.5H2a.5.5 0 0 1-.5-.5V8H0v2a2 2 0 0 0 2 2h2v-1.5ZM8 12v-1.5h2a.5.5 0 0 0 .5-.5V8H12v2a2 2 0 0 1-2 2H8Zm2-12a2 2 0 0 1 2 2v2h-1.5V2a.5.5 0 0 0-.5-.5H8V0h2Z\" \/>\n\t\t\t<\/svg>\n\t\t<\/button><\/figure>\n<\/div>\n\n\n\n<div class=\"wp-block-group alignwide has-base-color has-text-color has-background has-link-color wp-elements-150388f4e2ebf507dad52cf53e73d525 has-global-padding is-layout-constrained wp-container-core-group-is-layout-80fb368b wp-block-group-is-layout-constrained\" style=\"border-radius:1rem;background-color:#f25e30;padding-top:var(--wp--preset--spacing--30);padding-right:var(--wp--preset--spacing--30);padding-bottom:var(--wp--preset--spacing--30);padding-left:var(--wp--preset--spacing--30)\">\n<h2 class=\"wp-block-heading has-text-align-center\">B\u1ea1n \u0111ang t\u00ecm \u0111\u1ed1i t\u00e1c c\u00f4ng ngh\u1ec7?<\/h2>\n\n\n\n<p class=\"has-text-align-center\">H\u00e3y li\u00ean h\u1ec7 v\u1edbi ch\u00fang t\u00f4i<\/p>\n\n\n\n<div class=\"wp-block-buttons is-content-justification-center is-layout-flex wp-container-core-buttons-is-layout-a89b3969 wp-block-buttons-is-layout-flex\">\n<div class=\"wp-block-button has-custom-font-size is-style-fill has-medium-font-size\" style=\"font-style:normal;font-weight:800\"><a class=\"wp-block-button__link has-background wp-element-button\" href=\"https:\/\/sci.edu.vn\/home\/ve-chung-toi\/lien-he\/\" style=\"border-radius:1rem;background-color:#007dff;padding-top:var(--wp--preset--spacing--20);padding-right:var(--wp--preset--spacing--30);padding-bottom:var(--wp--preset--spacing--20);padding-left:var(--wp--preset--spacing--30)\">T\u1ea1i \u0111\u00e2y<\/a><\/div>\n<\/div>\n<\/div>\n\n\n\n<div class=\"wp-block-group alignwide has-background is-layout-flex wp-container-core-group-is-layout-3630fdf4 wp-block-group-is-layout-flex\" style=\"border-radius:1rem;background-color:#00a9ff0f;padding-top:var(--wp--preset--spacing--30);padding-right:var(--wp--preset--spacing--30);padding-bottom:var(--wp--preset--spacing--30);padding-left:var(--wp--preset--spacing--30)\">\n<div class=\"wp-block-group has-global-padding is-layout-constrained wp-block-group-is-layout-constrained\">\n<h2 class=\"wp-block-heading has-text-align-center\">H\u1ec7 sinh th\u00e1i c\u1ee7a ch\u00fang t\u00f4i<\/h2>\n\n\n\n<p>\u0110\u1ec3 \u0111\u1ea3m b\u1ea3o s\u1ef1 ph\u00e1t tri\u1ec3n b\u1ec1n v\u1eefng, Vi\u1ec7n T\u1ebf b\u00e0o g\u1ed1c \u0111\u00e3 x\u00e2y d\u1ef1ng h\u1ec7 sinh th\u00e1i (ecosystem) c\u00f4ng ngh\u1ec7 t\u1ebf b\u00e0o g\u1ed1c v\u1edbi s\u1ef1 tham gia c\u1ee7a nhi\u1ec1u b\u1ec7nh vi\u1ec7n, vi\u1ec7n nghi\u00ean c\u1ee9u, c\u00f4ng ty trong v\u00e0 ngo\u00e0i n\u01b0\u1edbc.<\/p>\n<\/div>\n\n\n\n<div class=\"wp-block-group wp-container-content-9cfa9a5a is-layout-grid wp-container-core-group-is-layout-478b6e6b wp-block-group-is-layout-grid\">\n<div class=\"wp-block-group has-background is-vertical is-content-justification-center is-layout-flex wp-container-core-group-is-layout-bc1c67bb wp-block-group-is-layout-flex\" style=\"border-radius:1rem;background-color:#00a9ff30;padding-top:var(--wp--preset--spacing--20);padding-right:var(--wp--preset--spacing--20);padding-bottom:var(--wp--preset--spacing--20);padding-left:var(--wp--preset--spacing--20)\">\n<h2 class=\"wp-block-heading has-text-align-left\">32<\/h2>\n\n\n\n<h2 class=\"wp-block-heading has-text-align-center\">\u0110\u01a1n v\u1ecb nghi\u00ean c\u1ee9u<\/h2>\n<\/div>\n\n\n\n<div class=\"wp-block-group has-background is-vertical is-content-justification-center is-layout-flex wp-container-core-group-is-layout-bc1c67bb wp-block-group-is-layout-flex\" style=\"border-radius:1rem;background-color:#00a9ff61;padding-top:var(--wp--preset--spacing--20);padding-right:var(--wp--preset--spacing--20);padding-bottom:var(--wp--preset--spacing--20);padding-left:var(--wp--preset--spacing--20)\">\n<h2 class=\"wp-block-heading\">26<\/h2>\n\n\n\n<h2 class=\"wp-block-heading has-text-align-center\">B\u1ec7nh vi\u1ec7n<\/h2>\n<\/div>\n\n\n\n<div class=\"wp-block-group has-background is-vertical is-content-justification-center is-layout-flex wp-container-core-group-is-layout-bc1c67bb wp-block-group-is-layout-flex\" style=\"border-radius:1rem;background-color:#00a9ff8f;padding-top:var(--wp--preset--spacing--20);padding-right:var(--wp--preset--spacing--20);padding-bottom:var(--wp--preset--spacing--20);padding-left:var(--wp--preset--spacing--20)\">\n<h2 class=\"wp-block-heading\">12<\/h2>\n\n\n\n<h2 class=\"wp-block-heading has-text-align-center\">C\u00f4ng ty s\u1ea3n xu\u1ea5t<\/h2>\n<\/div>\n<\/div>\n<\/div>\n\n\n\n<div class=\"wp-block-group alignwide has-background has-global-padding is-layout-constrained wp-container-core-group-is-layout-80fb368b wp-block-group-is-layout-constrained\" style=\"border-radius:1rem;background-color:#f25e300f;padding-top:var(--wp--preset--spacing--30);padding-right:var(--wp--preset--spacing--30);padding-bottom:var(--wp--preset--spacing--30);padding-left:var(--wp--preset--spacing--30)\">\n<h2 class=\"wp-block-heading has-text-align-center\">Ban l\u00e3nh \u0111\u1ea1o Vi\u1ec7n<\/h2>\n\n\n<div class=\"n2_clear\"><ss3-force-full-width data-overflow-x=\"body\" data-horizontal-selector=\"body\"><div class=\"n2-section-smartslider fitvidsignore  n2_clear\" data-ssid=\"3\"><div id=\"n2-ss-3-align\" class=\"n2-ss-align\"><div class=\"n2-padding\"><div id=\"n2-ss-3\" data-creator=\"Smart Slider 3\" data-responsive=\"fullwidth\" class=\"n2-ss-slider n2-ow n2-has-hover n2notransition  \">\n        <div class=\"n2-ss-slider-1 n2_ss__touch_element n2-ow\">\n            <div class=\"n2-ss-slider-2 n2-ow\">\n                                                <div class=\"n2-ss-slider-3 n2-ow\">\n\n                    <div class=\"n2-ss-slide-backgrounds n2-ow-all\"><div class=\"n2-ss-slide-background\" data-public-id=\"1\" data-mode=\"fill\"><div data-color=\"RGBA(0,0,0,0)\" style=\"background-color: RGBA(0,0,0,0);\" class=\"n2-ss-slide-background-color\"><\/div><\/div><\/div>                    <div class=\"n2-ss-slider-4 n2-ow\">\n                        <svg xmlns=\"http:\/\/www.w3.org\/2000\/svg\" viewBox=\"0 0 1200 256\" data-related-device=\"desktopPortrait\" class=\"n2-ow n2-ss-preserve-size n2-ss-preserve-size--slider n2-ss-slide-limiter\"><\/svg><div data-first=\"1\" data-slide-duration=\"0\" data-id=\"18\" data-slide-public-id=\"1\" data-title=\"Ph\u1ea1m V\u0103n Ph\u00fac\" class=\"n2-ss-slide n2-ow  n2-ss-slide-18\"><div role=\"note\" class=\"n2-ss-slide--focus\" tabindex=\"-1\">Ph\u1ea1m V\u0103n Ph\u00fac<\/div><div class=\"n2-ss-layers-container n2-ss-slide-limiter n2-ow\"><div class=\"n2-ss-layer n2-ow n-uc-MluTMAlufYs0\" data-sstype=\"slide\" data-pm=\"default\"><div class=\"n2-ss-layer n2-ow n-uc-NvLZwIFLGRft\" data-pm=\"default\" data-sstype=\"content\" data-hasbackground=\"0\"><div class=\"n2-ss-section-main-content n2-ss-layer-with-background n2-ss-layer-content n2-ow n-uc-NvLZwIFLGRft-inner\"><div class=\"n2-ss-layer n2-ow n2-ss-layer--auto n2-ss-has-self-align n2-ss-stretch-layer n-uc-1ab9348aef8b7\" data-pm=\"normal\" data-sstype=\"row\"><div class=\"n2-ss-layer-row n2-ss-layer-with-background n-uc-1ab9348aef8b7-inner\"><div class=\"n2-ss-layer-row-inner \"><div class=\"n2-ss-layer n2-ow n-uc-1a1fc5e61fa7d\" data-pm=\"default\" data-sstype=\"col\"><div class=\"n2-ss-layer-col n2-ss-layer-with-background n2-ss-layer-content n-uc-1a1fc5e61fa7d-inner\"><div class=\"n2-ss-layer n2-ow n-uc-Ngdb3QF8s3Sd\" data-pm=\"normal\" data-sstype=\"layer\"><div class=\" n2-ss-item-image-content n2-ss-item-content n2-ow-all\"><img loading=\"lazy\" decoding=\"async\" id=\"n2-ss-3item1\" alt=\"\" class=\"skip-lazy jetpack-lazy-image\" style=\"width:256px;height:auto\" width=\"1440\" height=\"1440\" data-skip-lazy=\"1\" src=\"\/\/sci.edu.vn\/home\/wp-content\/uploads\/2024\/01\/3.png\" \/><\/div><\/div><\/div><\/div><div class=\"n2-ss-layer n2-ow n-uc-181572ec56753\" data-pm=\"default\" data-sstype=\"col\"><div class=\"n2-ss-layer-col n2-ss-layer-with-background n2-ss-layer-content n-uc-181572ec56753-inner\"><div class=\"n2-ss-layer n2-ow n-uc-LsZmm2QBm4mu\" data-pm=\"normal\" data-sstype=\"layer\"><div id=\"n2-ss-3item2\" class=\"n2-font-0543038e23a45a85aa597873f8a8755b-hover   n2-ss-item-content n2-ss-text n2-ow\" style=\"display:block;\">PGS. TS. Ph\u1ea1m V\u0103n Ph\u00fac<\/div><\/div><div class=\"n2-ss-layer n2-ow n-uc-ZakoLViHn898\" data-pm=\"normal\" data-sstype=\"layer\"><div class=\"n2-ss-item-content n2-ss-text n2-ow-all\"><div class=\"\"><p class=\"n2-font-dea5afc58c295ba9bc5e343057ce13f7-paragraph   \">Vi\u1ec7n tr\u01b0\u1edfng<\/p>\n<\/div><\/div><\/div><div class=\"n2-ss-layer n2-ow n-uc-8Ltiola1r7HG n2-ss-layer--auto\" data-pm=\"normal\" data-sstype=\"layer\"><div class=\"n2-ss-button-container n2-ss-item-content n2-ow n2-font-176464dee0eea5b1ac11b21dab9b24d2-link  n2-ss-nowrap n2-ss-button-container--non-full-width\"><a class=\"n2-style-fd38549eee9ab23b7211fa4859786f10-heading  n2-ow \" href=\"https:\/\/vi.sci.edu.vn\/doi-ngu\/ban-lanh-dao\/pham-van-phuc\/\"><div><div>Xem trang c\u00e1 nh\u00e2n<\/div><\/div><\/a><\/div><\/div><\/div><\/div><\/div><\/div><\/div><\/div><\/div><\/div><\/div><\/div>                    <\/div>\n\n                                    <\/div>\n            <\/div>\n        <\/div>\n        <\/div><ss3-loader><\/ss3-loader><\/div><\/div><div class=\"n2_clear\"><\/div><\/div><\/ss3-force-full-width><\/div><\/div>\n\n\n\n<div class=\"wp-block-group alignwide has-background has-global-padding is-layout-constrained wp-container-core-group-is-layout-80fb368b wp-block-group-is-layout-constrained\" style=\"background-color:#00a9ff0f;padding-top:var(--wp--preset--spacing--30);padding-right:var(--wp--preset--spacing--30);padding-bottom:var(--wp--preset--spacing--30);padding-left:var(--wp--preset--spacing--30)\">\n<h2 class=\"wp-block-heading has-text-align-center\">\u0110\u1ed9i ng\u0169 c\u1ee7a ch\u00fang t\u00f4i<\/h2>\n\n\n\n<p>Vi\u1ec7n T\u1ebf b\u00e0o g\u1ed1c s\u1edf h\u1eefu \u0111\u1ed9i ng\u0169 c\u00e1n b\u1ed9 nghi\u00ean c\u1ee9u ch\u1ea5t l\u01b0\u1ee3ng cao, tr\u1ebb v\u00e0 t\u00e2m huy\u1ebft.<\/p>\n\n\n\n<div class=\"wp-block-buttons is-content-justification-center is-layout-flex wp-container-core-buttons-is-layout-a89b3969 wp-block-buttons-is-layout-flex\">\n<div class=\"wp-block-button\"><a class=\"wp-block-button__link has-background wp-element-button\" href=\"https:\/\/sci.edu.vn\/home\/ve-chung-toi\/doi-ngu\/\" style=\"background-color:#5cba3c;padding-top:var(--wp--preset--spacing--20);padding-right:var(--wp--preset--spacing--30);padding-bottom:var(--wp--preset--spacing--20);padding-left:var(--wp--preset--spacing--30)\">T\u00ecm hi\u1ec3u &#8230;<\/a><\/div>\n<\/div>\n<\/div>\n\n\n\n<div class=\"wp-block-group alignwide has-background has-global-padding is-layout-constrained wp-container-core-group-is-layout-a35945ca wp-block-group-is-layout-constrained\" style=\"border-radius:1rem;background-color:#f25e300f;padding-top:var(--wp--preset--spacing--30);padding-right:var(--wp--preset--spacing--30);padding-bottom:var(--wp--preset--spacing--30);padding-left:var(--wp--preset--spacing--30)\">\n<h2 class=\"wp-block-heading\">Nghi\u00ean c\u1ee9u ph\u00e1t tri\u1ec3n c\u00f4ng ngh\u1ec7<\/h2>\n\n\n\n<p>Vi\u1ec7n T\u1ebf b\u00e0o g\u1ed1c l\u00e0 \u0111\u01a1n v\u1ecb d\u1eabn \u0111\u1ea7u v\u1ec1 nghi\u00ean c\u1ee9u, ph\u00e1t tri\u1ec3n khoa h\u1ecdc c\u00f4ng ngh\u1ec7 t\u1ebf b\u00e0o g\u1ed1c \u1edf Vi\u1ec7t Nam; ch\u00fang t\u00f4i s\u1edf h\u1eefu nhi\u1ec1u c\u00f4ng ngh\u1ec7 hi\u1ec7n \u0111\u1ea1i trong ph\u00e2n l\u1eadp, nu\u00f4i c\u1ea5y t\u0103ng sinh, bi\u1ec7t ho\u00e1 t\u1ebf b\u00e0o g\u1ed1c.<\/p>\n\n\n\n<h2 class=\"wp-block-heading\">S\u1ea3n xu\u1ea5t<\/h2>\n\n\n\n<p>Vi\u1ec7n T\u1ebf b\u00e0o g\u1ed1c l\u00e0 \u0111\u01a1n v\u1ecb \u0111\u01b0\u1ee3c \u0111\u1ea7u t\u01b0 c\u00e1c chuy\u1ec1n s\u1ea3n xu\u1ea5t s\u1ea3n ph\u1ea9m c\u00f4ng ngh\u1ec7 t\u1ebf b\u00e0o g\u1ed1c, c\u00e1c chuy\u1ec1n ho\u1ea1t \u0111\u1ed9ng theo h\u01b0\u1edbng d\u1eabn GMP-WHO.<\/p>\n\n\n\n<h2 class=\"wp-block-heading\">D\u1ecbch v\u1ee5 khoa h\u1ecdc k\u0129 thu\u1eadt<\/h2>\n\n\n\n<p>Vi\u1ec7n T\u1ebf b\u00e0o g\u1ed1c s\u1edf h\u1eefu PTN \u0110\u00e1nh gi\u00e1 ho\u1ea1t t\u00ednh sinh h\u1ecdc c\u00e1c ch\u1ea5t ho\u1ea1t \u0111\u1ed9ng theo ti\u00eau chu\u1ea9n ISO17025 duy nh\u1ea5t c\u1ee7a Vi\u1ec7t Nam v\u00e0 nhi\u1ec1u PTN kh\u00e1c, \u0111\u00e1p \u1ee9ng m\u1ecdi nhu c\u1ea7u th\u1ef1c hi\u1ec7n d\u1ecbch v\u1ee5 k\u0129 thu\u1eadt t\u1eeb in vitro \u0111\u1ebfn in vivo.<\/p>\n<\/div>\n<\/div>\n","protected":false},"excerpt":{"rendered":"<p>Ch\u00fang t\u00f4i l\u00e0 ai? Vi\u1ec7n T\u1ebf b\u00e0o g\u1ed1c (VNUHCM-US Stem Cell Institute) l\u00e0 \u0111\u01a1n v\u1ecb khoa h\u1ecdc c\u00f4ng ngh\u1ec7 t\u1ef1 ch\u1ee7 t\u00e0i ch\u00ednh , c\u00f3 con d\u1ea5u v\u00e0 t\u00e0i kho\u1ea3n ri\u00eang, tr\u1ef1c thu\u1ed9c Tr\u01b0\u1eddng \u0110\u1ea1i h\u1ecdc Khoa h\u1ecdc t\u1ef1 nhi\u00ean, \u0110\u1ea1i h\u1ecdc Qu\u1ed1c gia TP. HCM. B\u1ea1n \u0111ang t\u00ecm \u0111\u1ed1i t\u00e1c c\u00f4ng ngh\u1ec7? H\u00e3y li\u00ean [&hellip;]<\/p>\n","protected":false},"author":1,"featured_media":0,"parent":187,"menu_order":0,"comment_status":"closed","ping_status":"closed","template":"full-width","meta":{"advanced_seo_description":"","jetpack_seo_html_title":"","jetpack_seo_noindex":false,"footnotes":""},"class_list":["post-662","page","type-page","status-publish","hentry"],"jetpack_sharing_enabled":true,"_links":{"self":[{"href":"https:\/\/sci.edu.vn\/home\/wp-json\/wp\/v2\/pages\/662","targetHints":{"allow":["GET"]}}],"collection":[{"href":"https:\/\/sci.edu.vn\/home\/wp-json\/wp\/v2\/pages"}],"about":[{"href":"https:\/\/sci.edu.vn\/home\/wp-json\/wp\/v2\/types\/page"}],"author":[{"embeddable":true,"href":"https:\/\/sci.edu.vn\/home\/wp-json\/wp\/v2\/users\/1"}],"replies":[{"embeddable":true,"href":"https:\/\/sci.edu.vn\/home\/wp-json\/wp\/v2\/comments?post=662"}],"version-history":[{"count":53,"href":"https:\/\/sci.edu.vn\/home\/wp-json\/wp\/v2\/pages\/662\/revisions"}],"predecessor-version":[{"id":4831,"href":"https:\/\/sci.edu.vn\/home\/wp-json\/wp\/v2\/pages\/662\/revisions\/4831"}],"up":[{"embeddable":true,"href":"https:\/\/sci.edu.vn\/home\/wp-json\/wp\/v2\/pages\/187"}],"wp:attachment":[{"href":"https:\/\/sci.edu.vn\/home\/wp-json\/wp\/v2\/media?parent=662"}],"curies":[{"name":"wp","href":"https:\/\/api.w.org\/{rel}","templated":true}]}}