{"id":668,"date":"2020-03-10T02:51:31","date_gmt":"2020-03-10T02:51:31","guid":{"rendered":"http:\/\/new.vientebaogoc.edu.vn\/?page_id=668"},"modified":"2024-12-19T01:29:22","modified_gmt":"2024-12-18T18:29:22","slug":"cac-hoi-dong","status":"publish","type":"page","link":"https:\/\/sci.edu.vn\/home\/ve-chung-toi\/cac-hoi-dong\/","title":{"rendered":"C\u00e1c h\u1ed9i \u0111\u1ed3ng"},"content":{"rendered":"\n<div class=\"wp-block-group alignwide is-style-default has-global-padding is-layout-constrained wp-block-group-is-layout-constrained\">\n<div class=\"wp-block-group alignwide is-layout-grid wp-container-core-group-is-layout-3721f5f0 wp-block-group-is-layout-grid\">\n<div class=\"wp-block-group has-background is-vertical is-content-justification-center is-layout-flex wp-container-core-group-is-layout-09aa6801 wp-block-group-is-layout-flex\" style=\"border-radius:1rem;background-color:#00a9ff0f;padding-top:var(--wp--preset--spacing--30);padding-right:var(--wp--preset--spacing--30);padding-bottom:var(--wp--preset--spacing--30);padding-left:var(--wp--preset--spacing--30)\">\n<h2 class=\"wp-block-heading has-text-align-center\">H\u1ed9i \u0111\u1ed3ng khoa h\u1ecdc v\u00e0 \u0111\u00e0o t\u1ea1o<\/h2>\n\n\n\n<div class=\"wp-block-buttons is-layout-flex wp-block-buttons-is-layout-flex\">\n<div class=\"wp-block-button\"><a class=\"wp-block-button__link has-background wp-element-button\" style=\"border-radius:1rem;background-color:#5cba3c;padding-top:var(--wp--preset--spacing--20);padding-right:var(--wp--preset--spacing--30);padding-bottom:var(--wp--preset--spacing--20);padding-left:var(--wp--preset--spacing--30)\">Chi ti\u1ebft &#8230;<\/a><\/div>\n<\/div>\n<\/div>\n\n\n\n<div class=\"wp-block-group has-background is-vertical is-content-justification-center is-layout-flex wp-container-core-group-is-layout-09aa6801 wp-block-group-is-layout-flex\" style=\"border-radius:1rem;background-color:#00a9ff0f;padding-top:var(--wp--preset--spacing--30);padding-right:var(--wp--preset--spacing--30);padding-bottom:var(--wp--preset--spacing--30);padding-left:var(--wp--preset--spacing--30)\">\n<h2 class=\"wp-block-heading has-text-align-center\">H\u1ed9i \u0111\u1ed3ng khen th\u01b0\u1edfng k\u1ec9 lu\u1eadt<\/h2>\n\n\n\n<div class=\"wp-block-buttons is-layout-flex wp-block-buttons-is-layout-flex\">\n<div class=\"wp-block-button\"><a class=\"wp-block-button__link has-background wp-element-button\" style=\"border-radius:1rem;background-color:#5cba3c;padding-top:var(--wp--preset--spacing--20);padding-right:var(--wp--preset--spacing--30);padding-bottom:var(--wp--preset--spacing--20);padding-left:var(--wp--preset--spacing--30)\">Chi ti\u1ebft &#8230;<\/a><\/div>\n<\/div>\n<\/div>\n\n\n\n<div class=\"wp-block-group has-background is-vertical is-content-justification-center is-layout-flex wp-container-core-group-is-layout-09aa6801 wp-block-group-is-layout-flex\" style=\"border-radius:1rem;background-color:#00a9ff0f;padding-top:var(--wp--preset--spacing--30);padding-right:var(--wp--preset--spacing--30);padding-bottom:var(--wp--preset--spacing--30);padding-left:var(--wp--preset--spacing--30)\">\n<h2 class=\"wp-block-heading has-text-align-center\">H\u1ed9i \u0111\u1ed3ng \u0111\u1ea1o \u0111\u1ee9c nghi\u00ean c\u1ee9u y sinh c\u01a1 s\u1edf<\/h2>\n\n\n\n<div class=\"wp-block-buttons is-layout-flex wp-block-buttons-is-layout-flex\">\n<div class=\"wp-block-button\"><a class=\"wp-block-button__link has-background wp-element-button\" style=\"border-radius:1rem;background-color:#5cba3c;padding-top:var(--wp--preset--spacing--20);padding-right:var(--wp--preset--spacing--30);padding-bottom:var(--wp--preset--spacing--20);padding-left:var(--wp--preset--spacing--30)\">Chi ti\u1ebft &#8230;<\/a><\/div>\n<\/div>\n<\/div>\n\n\n\n<div class=\"wp-block-group has-background is-vertical is-content-justification-center is-layout-flex wp-container-core-group-is-layout-09aa6801 wp-block-group-is-layout-flex\" style=\"border-radius:1rem;background-color:#00a9ff0f;padding-top:var(--wp--preset--spacing--30);padding-right:var(--wp--preset--spacing--30);padding-bottom:var(--wp--preset--spacing--30);padding-left:var(--wp--preset--spacing--30)\">\n<h2 class=\"wp-block-heading has-text-align-center\">H\u1ed9i \u0111\u1ed3ng \u0111\u1ea1o \u0111\u1ee9c \u0111\u1ed9ng v\u1eadt<\/h2>\n\n\n\n<div class=\"wp-block-buttons is-layout-flex wp-block-buttons-is-layout-flex\">\n<div class=\"wp-block-button\"><a class=\"wp-block-button__link has-background wp-element-button\" style=\"border-radius:1rem;background-color:#5cba3c;padding-top:var(--wp--preset--spacing--20);padding-right:var(--wp--preset--spacing--30);padding-bottom:var(--wp--preset--spacing--20);padding-left:var(--wp--preset--spacing--30)\">Chi ti\u1ebft &#8230;<\/a><\/div>\n<\/div>\n<\/div>\n<\/div>\n<\/div>\n","protected":false},"excerpt":{"rendered":"<p>H\u1ed9i \u0111\u1ed3ng khoa h\u1ecdc v\u00e0 \u0111\u00e0o t\u1ea1o H\u1ed9i \u0111\u1ed3ng khen th\u01b0\u1edfng k\u1ec9 lu\u1eadt H\u1ed9i \u0111\u1ed3ng \u0111\u1ea1o \u0111\u1ee9c nghi\u00ean c\u1ee9u y sinh c\u01a1 s\u1edf H\u1ed9i \u0111\u1ed3ng \u0111\u1ea1o \u0111\u1ee9c \u0111\u1ed9ng v\u1eadt<\/p>\n","protected":false},"author":1,"featured_media":0,"parent":187,"menu_order":0,"comment_status":"closed","ping_status":"closed","template":"full-width","meta":{"advanced_seo_description":"","jetpack_seo_html_title":"","jetpack_seo_noindex":false,"footnotes":""},"class_list":["post-668","page","type-page","status-publish","hentry"],"jetpack_sharing_enabled":true,"_links":{"self":[{"href":"https:\/\/sci.edu.vn\/home\/wp-json\/wp\/v2\/pages\/668","targetHints":{"allow":["GET"]}}],"collection":[{"href":"https:\/\/sci.edu.vn\/home\/wp-json\/wp\/v2\/pages"}],"about":[{"href":"https:\/\/sci.edu.vn\/home\/wp-json\/wp\/v2\/types\/page"}],"author":[{"embeddable":true,"href":"https:\/\/sci.edu.vn\/home\/wp-json\/wp\/v2\/users\/1"}],"replies":[{"embeddable":true,"href":"https:\/\/sci.edu.vn\/home\/wp-json\/wp\/v2\/comments?post=668"}],"version-history":[{"count":5,"href":"https:\/\/sci.edu.vn\/home\/wp-json\/wp\/v2\/pages\/668\/revisions"}],"predecessor-version":[{"id":4795,"href":"https:\/\/sci.edu.vn\/home\/wp-json\/wp\/v2\/pages\/668\/revisions\/4795"}],"up":[{"embeddable":true,"href":"https:\/\/sci.edu.vn\/home\/wp-json\/wp\/v2\/pages\/187"}],"wp:attachment":[{"href":"https:\/\/sci.edu.vn\/home\/wp-json\/wp\/v2\/media?parent=668"}],"curies":[{"name":"wp","href":"https:\/\/api.w.org\/{rel}","templated":true}]}}