{"id":679,"date":"2020-03-10T02:56:27","date_gmt":"2020-03-10T02:56:27","guid":{"rendered":"http:\/\/new.vientebaogoc.edu.vn\/?page_id=679"},"modified":"2026-04-03T19:06:38","modified_gmt":"2026-04-03T12:06:38","slug":"phong-ban-truc-thuoc","status":"publish","type":"page","link":"https:\/\/sci.edu.vn\/home\/ve-chung-toi\/phong-ban-truc-thuoc\/","title":{"rendered":"Ph\u00f2ng ban tr\u1ef1c thu\u1ed9c"},"content":{"rendered":"\n<div class=\"wp-block-group alignwide has-global-padding is-layout-constrained wp-container-core-group-is-layout-5a30f31b wp-block-group-is-layout-constrained\">\n<div class=\"wp-block-group alignwide has-global-padding is-layout-constrained wp-block-group-is-layout-constrained\">\n<h2 class=\"wp-block-heading alignwide has-text-align-center has-background\" style=\"background-color:#eeeeee;padding-top:var(--wp--preset--spacing--20);padding-right:var(--wp--preset--spacing--20);padding-bottom:var(--wp--preset--spacing--20);padding-left:var(--wp--preset--spacing--20)\">\u0110\u01a1n v\u1ecb chuy\u00ean m\u00f4n<\/h2>\n\n\n\n<div class=\"wp-block-group alignwide is-layout-grid wp-container-core-group-is-layout-6056aaf6 wp-block-group-is-layout-grid\">\n<div class=\"wp-block-group has-background has-global-padding is-layout-constrained wp-container-core-group-is-layout-80fb368b wp-block-group-is-layout-constrained\" style=\"border-radius:1rem;background-color:#f5690557;padding-top:var(--wp--preset--spacing--30);padding-right:var(--wp--preset--spacing--30);padding-bottom:var(--wp--preset--spacing--30);padding-left:var(--wp--preset--spacing--30)\">\n<h3 class=\"wp-block-heading\">TRUNG T\u00c2M \u0110\u1ed4I M\u1edaI S\u00c1NG T\u1ea0O V\u00c0 S\u1ea2N XU\u1ea4T TH\u1ef0C NGHI\u1ec6M<\/h3>\n\n\n\n<p>Tr\u01b0\u1edfng ph\u00f2ng: PGS. TS. V\u0168 B\u00cdCH NG\u1eccC<\/p>\n\n\n\n<p>Email: <a href=\"mailto:ngocvu@sci.edu.vn\">ngocvu@sci.edu.vn<\/a><\/p>\n<\/div>\n\n\n\n<div class=\"wp-block-group has-background has-global-padding is-layout-constrained wp-container-core-group-is-layout-80fb368b wp-block-group-is-layout-constrained\" style=\"border-radius:1rem;background-color:#f5690557;padding-top:var(--wp--preset--spacing--30);padding-right:var(--wp--preset--spacing--30);padding-bottom:var(--wp--preset--spacing--30);padding-left:var(--wp--preset--spacing--30)\">\n<h3 class=\"wp-block-heading\">TRUNG T\u00c2M \u0110\u00c0O T\u1ea0O V\u00c0 H\u1ed6 TR\u1ee2 NG\u01af\u1edcI H\u1eccC<\/h3>\n\n\n\n<p>Tr\u01b0\u1edfng ph\u00f2ng: ThS. NGUY\u1ec4N HO\u00c0NG NH\u1eacT TRINH<\/p>\n\n\n\n<p>Email: <a href=\"mailto:trinhnguyen@sci.edu.vn\">trinhnguyen@sci.edu.vn<\/a><\/p>\n<\/div>\n<\/div>\n\n\n\n<div class=\"wp-block-buttons is-content-justification-center is-layout-flex wp-container-core-buttons-is-layout-a89b3969 wp-block-buttons-is-layout-flex\">\n<div class=\"wp-block-button\"><a class=\"wp-block-button__link has-background wp-element-button\" href=\"https:\/\/sci.edu.vn\/home\/don-vi\/\" style=\"background-color:#5cba3c\">Chi ti\u1ebft v\u1ec1 c\u00e1c \u0111\u01a1n v\u1ecb chuy\u00ean m\u00f4n &#8230;<\/a><\/div>\n<\/div>\n<\/div>\n\n\n\n<div class=\"wp-block-group alignwide has-global-padding is-layout-constrained wp-block-group-is-layout-constrained\">\n<h2 class=\"wp-block-heading alignwide has-text-align-center has-background\" style=\"background-color:#eeeeee;padding-top:var(--wp--preset--spacing--20);padding-right:var(--wp--preset--spacing--20);padding-bottom:var(--wp--preset--spacing--20);padding-left:var(--wp--preset--spacing--20)\">\u0110\u01a1n v\u1ecb qu\u1ea3n l\u00ed<\/h2>\n\n\n\n<div class=\"wp-block-group alignwide is-layout-grid wp-container-core-group-is-layout-6056aaf6 wp-block-group-is-layout-grid\">\n<div class=\"wp-block-group has-background has-global-padding is-layout-constrained wp-container-core-group-is-layout-80fb368b wp-block-group-is-layout-constrained\" style=\"border-radius:1rem;background-color:#00aaff57;padding-top:var(--wp--preset--spacing--30);padding-right:var(--wp--preset--spacing--30);padding-bottom:var(--wp--preset--spacing--30);padding-left:var(--wp--preset--spacing--30)\">\n<h3 class=\"wp-block-heading\">PH\u00d2NG K\u1ebe HO\u1ea0CH T\u1ed4NG H\u1ee2P<\/h3>\n\n\n\n<p>Tr\u01b0\u1edfng ph\u00f2ng: ThS. TR\u01af\u01a0NG CH\u00c2U NH\u1eacT<\/p>\n\n\n\n<p>Email: nhattruong@sci.edu.vn<\/p>\n<\/div>\n\n\n\n<div class=\"wp-block-group has-background has-global-padding is-layout-constrained wp-container-core-group-is-layout-80fb368b wp-block-group-is-layout-constrained\" style=\"border-radius:1rem;background-color:#00aaff57;padding-top:var(--wp--preset--spacing--30);padding-right:var(--wp--preset--spacing--30);padding-bottom:var(--wp--preset--spacing--30);padding-left:var(--wp--preset--spacing--30)\">\n<h3 class=\"wp-block-heading\">PH\u00d2NG T\u00c0I CH\u00cdNH &#8211; CUNG \u1ee8NG<\/h3>\n\n\n\n<p>Tr\u01b0\u1edfng ph\u00f2ng: ThS. \u0110\u1ed7 Minh Ngh\u0129a<\/p>\n\n\n\n<p>Email: nghiado@sci.edu.vn<\/p>\n<\/div>\n\n\n\n<div class=\"wp-block-group has-background has-global-padding is-layout-constrained wp-container-core-group-is-layout-80fb368b wp-block-group-is-layout-constrained\" style=\"border-radius:1rem;background-color:#00aaff57;padding-top:var(--wp--preset--spacing--30);padding-right:var(--wp--preset--spacing--30);padding-bottom:var(--wp--preset--spacing--30);padding-left:var(--wp--preset--spacing--30)\">\n<h3 class=\"wp-block-heading\">PH\u00d2NG KINH DOANH &#8211; MARKETING<\/h3>\n\n\n\n<p>Tr\u01b0\u1edfng ph\u00f2ng: PGS.TS. Ph\u1ea1m V\u0103n Ph\u00fac <\/p>\n\n\n\n<p>Email: phucpham@sci.edu.vn<\/p>\n<\/div>\n\n\n\n<div class=\"wp-block-group has-background has-global-padding is-layout-constrained wp-container-core-group-is-layout-80fb368b wp-block-group-is-layout-constrained\" style=\"border-radius:1rem;background-color:#00aaff57;padding-top:var(--wp--preset--spacing--30);padding-right:var(--wp--preset--spacing--30);padding-bottom:var(--wp--preset--spacing--30);padding-left:var(--wp--preset--spacing--30)\">\n<h3 class=\"wp-block-heading no-underline-for-links-in-heading\"><a href=\"https:\/\/khcn.sci.edu.vn\/\">P.<\/a> KHOA H\u1eccC C\u00d4NG NGH\u1ec6 &amp; QUAN H\u1ec6 \u0110\u1ed0I NGO\u1ea0I<\/h3>\n\n\n\n<p>Tr\u01b0\u1edfng ph\u00f2ng: TS. NGUY\u1ec4N TR\u01af\u1edcNG SINH<\/p>\n\n\n\n<p>Email: sinhnguyen@sci.edu.vn<\/p>\n<\/div>\n\n\n\n<div class=\"wp-block-group has-background has-global-padding is-layout-constrained wp-container-core-group-is-layout-80fb368b wp-block-group-is-layout-constrained\" style=\"border-radius:1rem;background-color:#00aaff57;padding-top:var(--wp--preset--spacing--30);padding-right:var(--wp--preset--spacing--30);padding-bottom:var(--wp--preset--spacing--30);padding-left:var(--wp--preset--spacing--30)\">\n<h3 class=\"wp-block-heading\">T\u1ed4 QU\u1ea2N TR\u1eca THI\u1ebeT B\u1eca V\u00c0 C\u01a0 S\u1ede V\u1eacT CH\u1ea4T<\/h3>\n\n\n\n<p>T\u1ed5 tr\u01b0\u1edfng: \u00d4ng HU\u1ef2NH L\u00ca TH\u1ecaNH \u0110\u1ea0T<\/p>\n\n\n\n<p>Email: dathuynh@sci.edu.vn<\/p>\n<\/div>\n\n\n\n<div class=\"wp-block-group has-background has-global-padding is-layout-constrained wp-container-core-group-is-layout-80fb368b wp-block-group-is-layout-constrained\" style=\"border-radius:1rem;background-color:#00aaff57;padding-top:var(--wp--preset--spacing--30);padding-right:var(--wp--preset--spacing--30);padding-bottom:var(--wp--preset--spacing--30);padding-left:var(--wp--preset--spacing--30)\">\n<h3 class=\"wp-block-heading\">T\u1ed4 TH\u00d4NG TIN TRUY\u1ec0N TH\u00d4NG<\/h3>\n\n\n\n<p>T\u1ed5 tr\u01b0\u1edfng: B\u00e0 \u0110\u1eb6NG B\u00cdCH PH\u01af\u01a0NG<\/p>\n\n\n\n<p>Email: phuongdang@sci.edu.vn<\/p>\n<\/div>\n<\/div>\n<\/div>\n<\/div>\n\n\n\n<p><\/p>\n","protected":false},"excerpt":{"rendered":"<p>\u0110\u01a1n v\u1ecb chuy\u00ean m\u00f4n TRUNG T\u00c2M \u0110\u1ed4I M\u1edaI S\u00c1NG T\u1ea0O V\u00c0 S\u1ea2N XU\u1ea4T TH\u1ef0C NGHI\u1ec6M Tr\u01b0\u1edfng ph\u00f2ng: PGS. TS. V\u0168 B\u00cdCH NG\u1eccC Email: ngocvu@sci.edu.vn TRUNG T\u00c2M \u0110\u00c0O T\u1ea0O V\u00c0 H\u1ed6 TR\u1ee2 NG\u01af\u1edcI H\u1eccC Tr\u01b0\u1edfng ph\u00f2ng: ThS. NGUY\u1ec4N HO\u00c0NG NH\u1eacT TRINH Email: trinhnguyen@sci.edu.vn \u0110\u01a1n v\u1ecb qu\u1ea3n l\u00ed PH\u00d2NG K\u1ebe HO\u1ea0CH T\u1ed4NG H\u1ee2P Tr\u01b0\u1edfng ph\u00f2ng: ThS. TR\u01af\u01a0NG [&hellip;]<\/p>\n","protected":false},"author":1,"featured_media":0,"parent":187,"menu_order":0,"comment_status":"closed","ping_status":"closed","template":"full-width","meta":{"advanced_seo_description":"","jetpack_seo_html_title":"","jetpack_seo_noindex":false,"footnotes":""},"class_list":["post-679","page","type-page","status-publish","hentry"],"jetpack_sharing_enabled":true,"_links":{"self":[{"href":"https:\/\/sci.edu.vn\/home\/wp-json\/wp\/v2\/pages\/679","targetHints":{"allow":["GET"]}}],"collection":[{"href":"https:\/\/sci.edu.vn\/home\/wp-json\/wp\/v2\/pages"}],"about":[{"href":"https:\/\/sci.edu.vn\/home\/wp-json\/wp\/v2\/types\/page"}],"author":[{"embeddable":true,"href":"https:\/\/sci.edu.vn\/home\/wp-json\/wp\/v2\/users\/1"}],"replies":[{"embeddable":true,"href":"https:\/\/sci.edu.vn\/home\/wp-json\/wp\/v2\/comments?post=679"}],"version-history":[{"count":47,"href":"https:\/\/sci.edu.vn\/home\/wp-json\/wp\/v2\/pages\/679\/revisions"}],"predecessor-version":[{"id":5348,"href":"https:\/\/sci.edu.vn\/home\/wp-json\/wp\/v2\/pages\/679\/revisions\/5348"}],"up":[{"embeddable":true,"href":"https:\/\/sci.edu.vn\/home\/wp-json\/wp\/v2\/pages\/187"}],"wp:attachment":[{"href":"https:\/\/sci.edu.vn\/home\/wp-json\/wp\/v2\/media?parent=679"}],"curies":[{"name":"wp","href":"https:\/\/api.w.org\/{rel}","templated":true}]}}