{"id":689,"date":"2020-03-10T02:58:41","date_gmt":"2020-03-10T02:58:41","guid":{"rendered":"http:\/\/new.vientebaogoc.edu.vn\/?page_id=689"},"modified":"2024-11-20T19:28:06","modified_gmt":"2024-11-20T12:28:06","slug":"faq","status":"publish","type":"page","link":"https:\/\/sci.edu.vn\/home\/ve-chung-toi\/faq\/","title":{"rendered":"FAQ"},"content":{"rendered":"\n<div class=\"wp-block-group has-global-padding is-layout-constrained wp-block-group-is-layout-constrained\">\n<div class=\"wp-block-group has-global-padding is-layout-constrained wp-block-group-is-layout-constrained\">\n<h2 class=\"wp-block-heading\">L\u1ea7n \u0111\u1ea7u \u0111\u1ebfn v\u1edbi Vi\u1ec7n T\u1ebf b\u00e0o g\u1ed1c<\/h2>\n\n\n\n<p>Vi\u1ec7n T\u1ebf b\u00e0o g\u1ed1c lu\u00f4n ch\u00e0o \u0111\u00f3n c\u00e1c b\u1ea1n \u0111\u1ebfn tham quan, th\u1ef1c t\u1eadp, v\u00e0 l\u00e0m vi\u1ec7c v\u1edbi Vi\u1ec7n T\u1ebf b\u00e0o g\u1ed1c. Ch\u00fang t\u00f4i cung c\u1ea5p m\u1ed9t s\u1ed1 th\u00f4ng tin \u0111\u1ebfn c\u00e1c b\u1ea1n nh\u01b0 sau:<\/p>\n\n\n\n<details class=\"wp-block-details is-layout-flow wp-block-details-is-layout-flow\"><summary>Nh\u1eefng ho\u1ea1t \u0111\u1ed9ng c\u1ee7a Vi\u1ec7n?<\/summary>\n<p>Vi\u1ec7n T\u1ebf b\u00e0o g\u1ed1c c\u00f3 ph\u1ea1m vi ho\u1ea1t \u0111\u1ed9ng r\u1ed9ng, \u0111a ng\u00e0nh, \u0111a l\u0129nh v\u1ef1c; tuy nhi\u00ean ph\u1ea7n l\u1edbn t\u1eadp trung v\u00e0o khoa h\u1ecdc s\u1ee9c kho\u1ebb, khoa h\u1ecdc y sinh. C\u00e1c l\u0129nh v\u1ef1c ch\u00ednh:<\/p>\n\n\n\n<ul class=\"wp-block-list\">\n<li>T\u1ebf b\u00e0o g\u1ed1c trong \u0111i\u1ec1u tr\u1ecb b\u1ec7nh<\/li>\n\n\n\n<li>T\u1ebf b\u00e0o g\u1ed1c trong m\u0129 ph\u1ea9m, th\u1ea9m m\u0129<\/li>\n\n\n\n<li>T\u1ebf b\u00e0o g\u1ed1c trong th\u1ef1c ph\u1ea9m<\/li>\n\n\n\n<li>T\u1ebf b\u00e0o g\u1ed1c trong chuy\u1ec3n gen \u0111\u1ed9ng v\u1eadt, b\u1ea3o t\u1ed3n<\/li>\n<\/ul>\n<\/details>\n\n\n\n<details class=\"wp-block-details is-layout-flow wp-block-details-is-layout-flow\"><summary>Nh\u1eefng v\u1ecb tr\u00ed vi\u1ec7c l\u00e0m c\u00f3 trong Vi\u1ec7n?<\/summary>\n<p>V\u00ec l\u0129nh v\u1ef1c ho\u1ea1t \u0111\u1ed9ng c\u1ee7a Vi\u1ec7n r\u1ed9ng t\u1eeb nghi\u00ean c\u1ee9u, \u0111\u00e0o t\u1ea1o, s\u1ea3n xu\u1ea5t v\u00e0 d\u1ecbch v\u1ee5 n\u00ean c\u00f3 nhi\u1ec1u v\u1ecb tr\u00ed vi\u1ec7c l\u00e0m:<\/p>\n\n\n\n<ul class=\"wp-block-list\">\n<li>Sinh vi\u00ean c\u00f3 th\u1ec3 ti\u1ebfn h\u00e0nh \u0111\u1ec1 t\u00e0i t\u1ed1t nghi\u1ec7p lu\u1eadn \u00e1n, kho\u00e1 th\u1ef1c t\u1eadp ng\u1eafn internship<\/li>\n\n\n\n<li>H\u1ecdc vi\u00ean c\u00f3 th\u1ec3 ti\u1ebfn h\u00e0nh \u0111\u1ec1 t\u00e0i th\u1ea1c s\u0129, ti\u1ebfn s\u0129<\/li>\n\n\n\n<li>Nghi\u00ean c\u1ee9u vi\u00ean<\/li>\n\n\n\n<li>Chuy\u00ean vi\u00ean h\u00e0nh ch\u00ednh<\/li>\n\n\n\n<li>Nh\u00e2n vi\u00ean b\u00e1n h\u00e0ng, nh\u00e2n vi\u00ean s\u1ea3n xu\u1ea5t<\/li>\n\n\n\n<li>K\u0129 thu\u1eadt vi\u00ean<\/li>\n<\/ul>\n<\/details>\n\n\n\n<details class=\"wp-block-details is-layout-flow wp-block-details-is-layout-flow\"><summary>L\u00e0m sao \u0111\u1ec3 c\u00f3 th\u1ec3 nghi\u00ean c\u1ee9u t\u1ea1i Vi\u1ec7n?<\/summary>\n<p>\u0110\u1ec3 nghi\u00ean c\u1ee9u t\u1ea1i Vi\u1ec7n, b\u1ea1n c\u1ea7n \u0111\u0103ng k\u00ed x\u00e9t tuy\u1ec3n t\u1ea1i m\u1ee5c Work with Us: https:\/\/sci.edu.vn\/home\/work-with-us<\/p>\n\n\n\n<p>Sau khi \u0111\u0103ng k\u00ed, c\u00e1c b\u1ed9 ph\u1eadn li\u00ean quan s\u1ebd li\u00ean h\u1ec7 b\u1ea1n.<\/p>\n\n\n\n<p>B\u1ea1n s\u1ebd c\u00f3 th\u1ec3 ch\u1ecdn v\u00e0o nh\u00f3m nghi\u00ean c\u1ee9u trong qu\u00e1 tr\u00ecnh \u0111\u0103ng k\u00ed.<\/p>\n<\/details>\n\n\n\n<details class=\"wp-block-details is-layout-flow wp-block-details-is-layout-flow\"><summary>Vi\u1ec7n T\u1ebf b\u00e0o g\u1ed1c c\u00f3 \u0111i\u1ec1u tr\u1ecb b\u1ec7nh kh\u00f4ng?<\/summary>\n<p>Vi\u1ec7n T\u1ebf b\u00e0o g\u1ed1c kh\u00f4ng c\u00f3 ch\u1ee9c n\u0103ng kh\u00e1m v\u00e0 tr\u1ecb b\u1ec7nh t\u1ea1i Vi\u1ec7n; tuy nhi\u00ean, Vi\u1ec7n c\u00f3 m\u1ea1ng l\u01b0\u1edbi r\u1ed9ng c\u00e1c \u0111\u01a1n v\u1ecb y t\u1ebf, b\u1ec7nh vi\u1ec7n s\u1eed d\u1ee5ng c\u00e1c c\u00f4ng ngh\u1ec7 c\u1ee7a Vi\u1ec7n. Khi b\u1ea1n li\u00ean h\u1ec7 ch\u00fang t\u00f4i, ch\u00fang t\u00f4i s\u1ebd t\u01b0 v\u1ea5n b\u1ea1n nh\u1eefng c\u01a1 s\u1edf uy t\u00edn \u0111\u1ec3 b\u1ea1n \u0111\u1ebfn kh\u00e1m v\u00e0 \u0111i\u1ec1u tr\u1ecb.<\/p>\n<\/details>\n\n\n\n<details class=\"wp-block-details is-layout-flow wp-block-details-is-layout-flow\"><summary>Vi\u1ec7n T\u1ebf b\u00e0o g\u1ed1c c\u00f3 \u0111\u00e0o t\u1ea1o th\u1ea1c s\u0129 v\u00e0 ti\u1ebfn s\u0129 kh\u00f4ng?<\/summary>\n<p>Vi\u1ec7n T\u1ebf b\u00e0o g\u1ed1c kh\u00f4ng c\u00f3 c\u1ea5p b\u1eb1ng th\u1ea1c s\u0129, ti\u1ebfn s\u0129; song Vi\u1ec7n tham gia v\u00e0o \u0111\u00e0o t\u1ea1o Th\u1ea1c s\u0129, Ti\u1ebfn s\u0129 cho m\u1ed9t s\u1ed1 chuy\u00ean ng\u00e0nh c\u1ee7a Tr\u01b0\u1eddng \u0110H KHTN, \u0110HQG Tp.HCM. B\u1ea1n h\u1ecdc c\u00e1c tr\u01b0\u1eddng kh\u00e1c v\u1eabn c\u00f3 th\u1ec3 \u0111\u0103ng k\u00ed x\u00e9t tuy\u1ec3n \u0111\u1ec3 ti\u1ebfn h\u00e0nh lu\u1eadn v\u0103n th\u1ea1c s\u0129 ti\u1ebfn s\u0129 t\u1ea1i Vi\u1ec7n.<\/p>\n\n\n\n<p>Vi\u1ec7n \u0111ang c\u00f3 k\u1ebf ho\u1ea1ch m\u1edf chuy\u00ean ng\u00e0nh \u0111\u00e0o t\u1ea1o KHOA H\u1eccC Y SINH (BIOMEDICAL SCIENCE) li\u00ean k\u1ebft v\u1edbi Khoa Sinh CNSH, Tr\u01b0\u1eddng \u0110HKHTN, \u0110HQG Tp.HCM v\u00e0o n\u0103m 2019.<\/p>\n<\/details>\n\n\n\n<details class=\"wp-block-details is-layout-flow wp-block-details-is-layout-flow\"><summary>H\u1ecdc ng\u00e0nh n\u00e0o c\u00f3 th\u1ec3 l\u00e0m vi\u1ec7c t\u1ea1i Vi\u1ec7n T\u1ebf b\u00e0o g\u1ed1c?<\/summary>\n<p>C\u00e1c b\u1ea1n t\u1ed1t nghi\u1ec7p t\u1eeb \u0110\u1ea1i h\u1ecdc, Th\u1ea1c s\u0129, Ti\u1ebfn s\u0129 c\u00e1c chuy\u00ean ng\u00e0nh sinh h\u1ecdc t\u1ebf b\u00e0o, sinh h\u1ecdc ph\u00e2n t\u1eed, m\u00f4 ph\u00f4i c\u00f3 th\u1ec3 l\u00e0m nghi\u00ean c\u1ee9u vi\u00ean t\u1ea1i Vi\u1ec7n.<\/p>\n\n\n\n<p>C\u00e1c b\u1ea1n t\u1ed1t nghi\u1ec7p trung c\u1ea5p d\u01b0\u1ee3c tr\u1edf l\u00ean c\u00f3 th\u1ec3 l\u00e0m vi\u1ec7c t\u1ea1i Trung t\u00e2m s\u1ea3n xu\u1ea5t.<\/p>\n\n\n\n<p>C\u00e1c b\u1ea1n t\u1ed1t nghi\u1ec7p trung c\u1ea5p kinh t\u1ebf tr\u1edf l\u00ean c\u00f3 th\u1ec3 l\u00e0m nh\u00e2n vi\u00ean kinh doanh.<\/p>\n<\/details>\n<\/div>\n\n\n\n<div class=\"wp-block-group has-global-padding is-layout-constrained wp-block-group-is-layout-constrained\">\n<h2 class=\"wp-block-heading\">Ngu\u1ed3n l\u1ef1c c\u1ee7a Vi\u1ec7n<\/h2>\n\n\n\n<p>Vi\u1ec7n T\u1ebf b\u00e0o g\u1ed1c \u0111\u01b0\u1ee3c trang b\u1ecb \u0111\u1ea7y \u0111\u1ee7 c\u01a1 s\u1edf h\u1ea1 t\u1ea7ng cho s\u1ef1 ph\u00e1t tri\u1ec3n to\u00e0n di\u1ec7n t\u1eeb nghi\u00ean c\u1ee9u, ph\u00e1t tri\u1ec3n c\u00f4ng ngh\u1ec7, s\u1ea3n xu\u1ea5t v\u00e0 th\u1ef1c hi\u1ec7n d\u1ecbch v\u1ee5.<\/p>\n\n\n\n<details class=\"wp-block-details is-layout-flow wp-block-details-is-layout-flow\"><summary>Nh\u1eefng k\u0129 thu\u1eadt Vi\u1ec7n c\u00f3 th\u1ec3 ti\u1ebfn h\u00e0nh?<\/summary>\n<p>Vi\u1ec7n c\u00f3 th\u1ec3 tri\u1ec3n khai c\u00e1c k\u0129 thu\u1eadt c\u1ee7a y sinh hi\u1ec7n \u0111\u1ea1i t\u1eeb c\u1ea5p \u0111\u1ed9 sinh h\u1ecdc ph\u00e2n t\u1eed, sinh h\u1ecdc t\u1ebf b\u00e0o, m\u00f4 v\u00e0 c\u01a1 th\u1ec3 (in vivo).<\/p>\n<\/details>\n\n\n\n<details class=\"wp-block-details is-layout-flow wp-block-details-is-layout-flow\"><summary>Vi\u1ec7n c\u00f3 PTN \u0111\u1ea1t ti\u00eau chu\u1ea9n ISO 17025?<\/summary>\n<p>Vi\u1ec7n T\u1ebf b\u00e0o g\u1ed1c \u0111\u01b0\u1ee3c h\u1ed7 tr\u1ee3 t\u1eeb Ng\u00e2n h\u00e0ng Th\u1ebf gi\u1edbi th\u00f4ng qua d\u1ef1 \u00e1n FIRST (B\u1ed9 KHCN) x\u00e2y d\u1ef1ng PTN \u0110\u00e1nh gi\u00e1 ho\u1ea1t t\u00ednh sinh h\u1ecdc \u0111\u1ea1t ti\u00eau chu\u1ea9n ISO 17025. \u0110\u00e2y l\u00e0 PTN \u0111\u1ea7u ti\u00ean c\u1ee7a Vi\u1ec7t Nam s\u1eed d\u1ee5ng c\u00e1c k\u0129 thu\u1eadt hi\u1ec7n \u0111\u1ea1i b\u1eadt nh\u1ea5t \u0111\u1ec3 \u0111\u00e1nh gi\u00e1 t\u1ef1 \u0111\u1ed9ng v\u00e0 quy m\u00f4 l\u1edbn ho\u1ea1t t\u00ednh sinh h\u1ecdc c\u1ee7a c\u00e1c ch\u1ea5t.<\/p>\n<\/details>\n\n\n\n<details class=\"wp-block-details is-layout-flow wp-block-details-is-layout-flow\"><summary>Vi\u1ec7n c\u00f3 x\u01b0\u1edfng s\u1ea3n xu\u1ea5t?<\/summary>\n<p>\u0110\u01b0\u1ee3c t\u00e0i tr\u1ee3 c\u1ee7a Ng\u00e2n h\u00e0ng Th\u1ebf gi\u1edbi th\u00f4ng qua d\u1ef1 \u00e1n FIRST (B\u1ed9 KHCN), Vi\u1ec7n T\u1ebf b\u00e0o g\u1ed1c c\u00f3 x\u00e2y d\u1ef1ng x\u01b0\u1edfng s\u1ea3n xu\u1ea5t theo ti\u00eau chu\u1ea9n GMP-WHO cho m\u1ed9t s\u1ed1 d\u00e2y chuy\u1ec1n s\u1ea3n xu\u1ea5t s\u1ea3n ph\u1ea9m do Vi\u1ec7n nghi\u00ean c\u1ee9u, ph\u00e1t tri\u1ec3n.<\/p>\n<\/details>\n\n\n\n<details class=\"wp-block-details is-layout-flow wp-block-details-is-layout-flow\"><summary>Vi\u1ec7n c\u00f3 b\u00e1n s\u1ea3n ph\u1ea9m?<\/summary>\n<p>Vi\u1ec7n T\u1ebf b\u00e0o g\u1ed1c c\u00f3 s\u1ea3n xu\u1ea5t v\u00e0 kinh doanh c\u00e1c s\u1ea3n ph\u1ea9m l\u00e0 k\u1ebft qu\u1ea3 c\u1ee7a c\u00e1c nghi\u00ean c\u1ee9u c\u1ee7a Vi\u1ec7n. Hi\u1ec7n nay Vi\u1ec7n \u0111ang kinh doanh c\u00e1c kit t\u00e1ch t\u1ebf b\u00e0o g\u1ed1c, nu\u00f4i c\u1ea5y t\u1ebf b\u00e0o g\u1ed1c&#8230;<\/p>\n<\/details>\n<\/div>\n<\/div>\n","protected":false},"excerpt":{"rendered":"<p>L\u1ea7n \u0111\u1ea7u \u0111\u1ebfn v\u1edbi Vi\u1ec7n T\u1ebf b\u00e0o g\u1ed1c Vi\u1ec7n T\u1ebf b\u00e0o g\u1ed1c lu\u00f4n ch\u00e0o \u0111\u00f3n c\u00e1c b\u1ea1n \u0111\u1ebfn tham quan, th\u1ef1c t\u1eadp, v\u00e0 l\u00e0m vi\u1ec7c v\u1edbi Vi\u1ec7n T\u1ebf b\u00e0o g\u1ed1c. Ch\u00fang t\u00f4i cung c\u1ea5p m\u1ed9t s\u1ed1 th\u00f4ng tin \u0111\u1ebfn c\u00e1c b\u1ea1n nh\u01b0 sau: Ngu\u1ed3n l\u1ef1c c\u1ee7a Vi\u1ec7n Vi\u1ec7n T\u1ebf b\u00e0o g\u1ed1c \u0111\u01b0\u1ee3c trang b\u1ecb \u0111\u1ea7y [&hellip;]<\/p>\n","protected":false},"author":1,"featured_media":0,"parent":187,"menu_order":0,"comment_status":"closed","ping_status":"closed","template":"page-no-title","meta":{"advanced_seo_description":"","jetpack_seo_html_title":"","jetpack_seo_noindex":false,"footnotes":""},"class_list":["post-689","page","type-page","status-publish","hentry"],"jetpack_sharing_enabled":true,"_links":{"self":[{"href":"https:\/\/sci.edu.vn\/home\/wp-json\/wp\/v2\/pages\/689","targetHints":{"allow":["GET"]}}],"collection":[{"href":"https:\/\/sci.edu.vn\/home\/wp-json\/wp\/v2\/pages"}],"about":[{"href":"https:\/\/sci.edu.vn\/home\/wp-json\/wp\/v2\/types\/page"}],"author":[{"embeddable":true,"href":"https:\/\/sci.edu.vn\/home\/wp-json\/wp\/v2\/users\/1"}],"replies":[{"embeddable":true,"href":"https:\/\/sci.edu.vn\/home\/wp-json\/wp\/v2\/comments?post=689"}],"version-history":[{"count":8,"href":"https:\/\/sci.edu.vn\/home\/wp-json\/wp\/v2\/pages\/689\/revisions"}],"predecessor-version":[{"id":4096,"href":"https:\/\/sci.edu.vn\/home\/wp-json\/wp\/v2\/pages\/689\/revisions\/4096"}],"up":[{"embeddable":true,"href":"https:\/\/sci.edu.vn\/home\/wp-json\/wp\/v2\/pages\/187"}],"wp:attachment":[{"href":"https:\/\/sci.edu.vn\/home\/wp-json\/wp\/v2\/media?parent=689"}],"curies":[{"name":"wp","href":"https:\/\/api.w.org\/{rel}","templated":true}]}}