{"id":701,"date":"2020-03-10T03:02:06","date_gmt":"2020-03-10T03:02:06","guid":{"rendered":"http:\/\/new.vientebaogoc.edu.vn\/?page_id=701"},"modified":"2025-08-12T19:12:36","modified_gmt":"2025-08-12T12:12:36","slug":"journal-club","status":"publish","type":"page","link":"https:\/\/sci.edu.vn\/home\/su-kien\/journal-club\/","title":{"rendered":"Journal Club"},"content":{"rendered":"\n<h2 class=\"wp-block-heading\">Journal Club 2024<\/h2>\n\n\n\n<p><em><strong>Th\u1eddi gian di\u1ec5n ra: t\u1eeb 12h &#8211; 13h th\u1ee9 t\u01b0 c\u1ee7a tu\u1ea7n th\u1ee9 2 v\u00e0 th\u1ee9 4 h\u1eb1ng th\u00e1ng.<\/strong><\/em><\/p>\n\n\n\n<p>Journal Club #1<\/p>\n\n\n\n<h3 class=\"wp-block-heading\">Tr\u1ea7m c\u1ea3m v\u00e0 s\u1ee9c kh\u1ecfe t\u00e2m th\u1ea7n<\/h3>\n\n\n\n<p>B\u00e1o c\u00e1o vi\u00ean: Nguy\u1ec5n Th\u1ecb T\u01b0\u1eddng V\u00e2n<\/p>\n\n\n\n<p>Th\u1eddi gian: 27\/03\/2024<\/p>\n\n\n\n<div class=\"wp-block-buttons is-layout-flex wp-block-buttons-is-layout-flex\">\n<div class=\"wp-block-button\"><a class=\"wp-block-button__link has-background wp-element-button\" href=\"https:\/\/sci.edu.vn\/home\/wp-content\/uploads\/2024\/03\/Depression_VN.pdf\" style=\"border-radius:0.5rem;background-color:#22b14c;padding-top:var(--wp--preset--spacing--20);padding-right:var(--wp--preset--spacing--40);padding-bottom:var(--wp--preset--spacing--20);padding-left:var(--wp--preset--spacing--40)\">Xem b\u00e0i b\u00e1o c\u00e1o<\/a><\/div>\n<\/div>\n\n\n\n<hr class=\"wp-block-separator has-alpha-channel-opacity is-style-default\"\/>\n\n\n\n<p>Journal Club #2<\/p>\n\n\n\n<h3 class=\"wp-block-heading\">Tinh ho\u00e0n nh\u00e2n t\u1ea1o<\/h3>\n\n\n\n<p>B\u00e1o c\u00e1o vi\u00ean: Tr\u1ecbnh Th\u1ecb C\u1ea9m Tr\u00e2n<\/p>\n\n\n\n<p>Th\u1eddi gian: 24\/04\/2024<\/p>\n\n\n\n<div class=\"wp-block-buttons is-layout-flex wp-block-buttons-is-layout-flex\">\n<div class=\"wp-block-button\"><a class=\"wp-block-button__link has-background wp-element-button\" href=\"https:\/\/sci.edu.vn\/home\/wp-content\/uploads\/2024\/05\/No.2-Tinh-hoan-nhan-tao.pdf\" style=\"border-radius:0.5rem;background-color:#22b14c;padding-top:var(--wp--preset--spacing--20);padding-right:var(--wp--preset--spacing--40);padding-bottom:var(--wp--preset--spacing--20);padding-left:var(--wp--preset--spacing--40)\">Xem b\u00e0i b\u00e1o c\u00e1o<\/a><\/div>\n<\/div>\n\n\n\n<hr class=\"wp-block-separator has-alpha-channel-opacity is-style-default\"\/>\n\n\n\n<p>Journal Club #3<\/p>\n\n\n\n<h3 class=\"wp-block-heading\">\u1ee8ng d\u1ee5ng c\u1ee7a Microfluidic trong nghi\u00ean c\u1ee9u t\u1ebf b\u00e0o g\u1ed1c<\/h3>\n\n\n\n<p>B\u00e1o c\u00e1o vi\u00ean: Ti\u1ebfn s\u0129 D\u01b0\u01a1ng Duy D\u01b0\u01a1ng<\/p>\n\n\n\n<p>Th\u1eddi gian: 15\/05\/2024<\/p>\n\n\n\n<div class=\"wp-block-buttons is-layout-flex wp-block-buttons-is-layout-flex\">\n<div class=\"wp-block-button\"><a class=\"wp-block-button__link has-background wp-element-button\" href=\"https:\/\/sci.edu.vn\/home\/wp-content\/uploads\/2024\/05\/Ung-dung-cua-microfluidic-trong-nghien-cuu-te-bao-goc.pdf\" style=\"border-radius:0.5rem;background-color:#22b14c;padding-top:var(--wp--preset--spacing--20);padding-right:var(--wp--preset--spacing--40);padding-bottom:var(--wp--preset--spacing--20);padding-left:var(--wp--preset--spacing--40)\">Xem b\u00e0i b\u00e1o c\u00e1o<\/a><\/div>\n<\/div>\n\n\n\n<hr class=\"wp-block-separator has-alpha-channel-opacity is-style-default\"\/>\n\n\n\n<p>Journal Club #4<\/p>\n\n\n\n<h3 class=\"wp-block-heading\">S\u1ed1ng h\u1ea1nh ph\u00fac<\/h3>\n\n\n\n<p>B\u00e1o c\u00e1o vi\u00ean: C\u1eed nh\u00e2n Ho\u00e0ng Nguy\u1ec5n C\u00f4ng Tr\u00ecnh<\/p>\n\n\n\n<p>Th\u1eddi gian: 29\/05\/2024<\/p>\n\n\n\n<div class=\"wp-block-buttons is-layout-flex wp-block-buttons-is-layout-flex\">\n<div class=\"wp-block-button\"><a class=\"wp-block-button__link has-background wp-element-button\" href=\"https:\/\/sci.edu.vn\/home\/wp-content\/uploads\/2024\/06\/Wellbeing-Trinh.pdf\" style=\"border-radius:0.5rem;background-color:#22b14c;padding-top:var(--wp--preset--spacing--20);padding-right:var(--wp--preset--spacing--40);padding-bottom:var(--wp--preset--spacing--20);padding-left:var(--wp--preset--spacing--40)\">Xem b\u00e0i b\u00e1o c\u00e1o<\/a><\/div>\n<\/div>\n\n\n\n<hr class=\"wp-block-separator has-alpha-channel-opacity is-style-default\"\/>\n\n\n\n<p>Journal Club #5<\/p>\n\n\n\n<h3 class=\"wp-block-heading\">H\u01b0\u1edbng D\u1eabn T\u1ea1o App Android \u0110\u01a1n Gi\u1ea3n (Kh\u00f4ng C\u1ea7n Code) \u0110\u1ec3 N\u00e2ng Cao Hi\u1ec7u Su\u1ea5t C\u00f4ng Vi\u1ec7c<\/h3>\n\n\n\n<p>B\u00e1o c\u00e1o vi\u00ean: C\u1eed nh\u00e2n Phan Tu\u1ea5n Ki\u1ec7t<\/p>\n\n\n\n<p>Th\u1eddi gian: 19\/06\/2024<\/p>\n\n\n\n<div class=\"wp-block-buttons is-layout-flex wp-block-buttons-is-layout-flex\">\n<div class=\"wp-block-button\"><a class=\"wp-block-button__link has-background wp-element-button\" style=\"border-radius:0.5rem;background-color:#22b14c;padding-top:var(--wp--preset--spacing--20);padding-right:var(--wp--preset--spacing--40);padding-bottom:var(--wp--preset--spacing--20);padding-left:var(--wp--preset--spacing--40)\">Xem b\u00e0i b\u00e1o c\u00e1o<\/a><\/div>\n<\/div>\n\n\n\n<hr class=\"wp-block-separator has-alpha-channel-opacity is-style-default\"\/>\n\n\n\n<p>Journal Club #6<\/p>\n\n\n\n<h3 class=\"wp-block-heading\">Stem cells display circadian clocks?<\/h3>\n\n\n\n<p>B\u00e1o c\u00e1o vi\u00ean: Ti\u1ebfn s\u0129 Tr\u1ea7n H\u1ed3ng Thu\u1eadn<\/p>\n\n\n\n<p>Th\u1eddi gian: 26\/06\/2024<\/p>\n\n\n\n<div class=\"wp-block-buttons is-layout-flex wp-block-buttons-is-layout-flex\">\n<div class=\"wp-block-button\"><a class=\"wp-block-button__link has-background wp-element-button\" href=\"https:\/\/sci.edu.vn\/home\/wp-content\/uploads\/2024\/07\/1.Journal-club_26-06-24.pdf\" style=\"border-radius:0.5rem;background-color:#22b14c;padding-top:var(--wp--preset--spacing--20);padding-right:var(--wp--preset--spacing--40);padding-bottom:var(--wp--preset--spacing--20);padding-left:var(--wp--preset--spacing--40)\">Xem b\u00e0i b\u00e1o c\u00e1o<\/a><\/div>\n<\/div>\n\n\n\n<hr class=\"wp-block-separator has-alpha-channel-opacity is-style-default\"\/>\n\n\n\n<p>Journal Club #7<\/p>\n\n\n\n<h3 class=\"wp-block-heading\">Gi\u1edbi thi\u1ec7u c\u00f4ng ngh\u1ec7 Organoid v\u00e0 \u1ee8ng d\u1ee5ng<\/h3>\n\n\n\n<p>B\u00e1o c\u00e1o vi\u00ean: Yoo Jongman<\/p>\n\n\n\n<p>Th\u1eddi gian: 22\/07\/2024<\/p>\n\n\n\n<p>Journal Club #8<\/p>\n\n\n\n<h3 class=\"wp-block-heading\">Circadian clocks in Drosophila models<\/h3>\n\n\n\n<p>B\u00e1o c\u00e1o vi\u00ean: Ti\u1ebfn s\u0129 Tr\u1ea7n H\u1ed3ng Thu\u1eadn<\/p>\n\n\n\n<p>Th\u1eddi gian: 28\/08\/2024<\/p>\n\n\n\n<div class=\"wp-block-buttons is-layout-flex wp-block-buttons-is-layout-flex\">\n<div class=\"wp-block-button\"><a class=\"wp-block-button__link has-background wp-element-button\" href=\"https:\/\/sci.edu.vn\/home\/wp-content\/uploads\/2024\/09\/2.JC_28-08-24.pdf\" style=\"border-radius:0.5rem;background-color:#22b14c;padding-top:var(--wp--preset--spacing--20);padding-right:var(--wp--preset--spacing--40);padding-bottom:var(--wp--preset--spacing--20);padding-left:var(--wp--preset--spacing--40)\">Xem b\u00e0i b\u00e1o c\u00e1o<\/a><\/div>\n<\/div>\n\n\n\n<hr class=\"wp-block-separator has-alpha-channel-opacity is-style-default\"\/>\n\n\n\n<p>Journal Club #9<\/p>\n\n\n\n<h3 class=\"wp-block-heading\">K\u00edch th\u00edch ho\u1ea1t \u0111\u1ed9ng c\u1ee7a t\u1ebf b\u00e0o m\u1ee1 n\u00e2u &#8211; h\u1ed7 tr\u1ee3 c\u1ea3i thi\u1ec7n t\u00ecnh tr\u1ea1ng b\u00e9o ph\u00ec v\u00e0 r\u1ed1i lo\u1ea1n chuy\u1ec3n ho\u00e1<\/h3>\n\n\n\n<p>B\u00e1o c\u00e1o vi\u00ean: Th\u1ea1c s\u0129 Tr\u01b0\u01a1ng Th\u1ecb Thu\u00fd<\/p>\n\n\n\n<p>Th\u1eddi gian: 11\/09\/2024<\/p>\n\n\n\n<div class=\"wp-block-buttons is-layout-flex wp-block-buttons-is-layout-flex\">\n<div class=\"wp-block-button\"><a class=\"wp-block-button__link has-background wp-element-button\" href=\"https:\/\/sci.edu.vn\/home\/wp-content\/uploads\/2024\/09\/journal-club_Kich-hoat-BAT-ho-tro-dieu-tri-beo-phi-va-roi-loan-chuyen-hoa.pdf\" style=\"border-radius:0.5rem;background-color:#22b14c;padding-top:var(--wp--preset--spacing--20);padding-right:var(--wp--preset--spacing--40);padding-bottom:var(--wp--preset--spacing--20);padding-left:var(--wp--preset--spacing--40)\">Xem b\u00e0i b\u00e1o c\u00e1o<\/a><\/div>\n<\/div>\n\n\n\n<hr class=\"wp-block-separator has-alpha-channel-opacity is-style-default\"\/>\n\n\n\n<p>Journal Club #10<\/p>\n\n\n\n<h3 class=\"wp-block-heading\">Senolytics<\/h3>\n\n\n\n<p>B\u00e1o c\u00e1o vi\u00ean: Th\u1ea1c s\u0129 V\u00f5 H\u1ed3ng Ph\u00fac<\/p>\n\n\n\n<p>Th\u1eddi gian: 25\/09\/2024<\/p>\n\n\n\n<div class=\"wp-block-buttons is-layout-flex wp-block-buttons-is-layout-flex\">\n<div class=\"wp-block-button\"><a class=\"wp-block-button__link has-background wp-element-button\" href=\"https:\/\/sci.edu.vn\/home\/wp-content\/uploads\/2024\/09\/Senolytics.pdf\" style=\"border-radius:0.5rem;background-color:#22b14c;padding-top:var(--wp--preset--spacing--20);padding-right:var(--wp--preset--spacing--40);padding-bottom:var(--wp--preset--spacing--20);padding-left:var(--wp--preset--spacing--40)\">Xem b\u00e0i b\u00e1o c\u00e1o<\/a><\/div>\n<\/div>\n\n\n\n<hr class=\"wp-block-separator has-alpha-channel-opacity is-style-default\"\/>\n\n\n\n<p class=\"is-style-default\">Journal Club #11:<\/p>\n\n\n\n<h3 class=\"wp-block-heading\">Ph\u01b0\u01a1ng ph\u00e1p t\u1ed5 ch\u1ee9c th\u00f4ng hi\u1ec7u qu\u1ea3 trong c\u00f4ng vi\u1ec7c v\u00e0 cu\u1ed9c s\u1ed1ng (PARA method)<\/h3>\n\n\n\n<p>B\u00e1o c\u00e1o vi\u00ean: C\u1eed nh\u00e2n Hu\u1ef3nh L\u00ea Th\u1ecbnh \u0110\u1ea1t<\/p>\n\n\n\n<p>Th\u1eddi gian: 16\/10\/2024<\/p>\n\n\n\n<div class=\"wp-block-buttons is-layout-flex wp-block-buttons-is-layout-flex\">\n<div class=\"wp-block-button\"><a class=\"wp-block-button__link has-background wp-element-button\" href=\"https:\/\/sci.edu.vn\/home\/wp-content\/uploads\/2024\/10\/PARA-method.pptx\" style=\"border-radius:0.5rem;background-color:#22b14c;padding-top:var(--wp--preset--spacing--20);padding-right:var(--wp--preset--spacing--40);padding-bottom:var(--wp--preset--spacing--20);padding-left:var(--wp--preset--spacing--40)\">Xem b\u00e0i b\u00e1o c\u00e1o<\/a><\/div>\n<\/div>\n\n\n\n<hr class=\"wp-block-separator has-alpha-channel-opacity is-style-default\"\/>\n","protected":false},"excerpt":{"rendered":"<p>Journal Club 2024 Th\u1eddi gian di\u1ec5n ra: t\u1eeb 12h &#8211; 13h th\u1ee9 t\u01b0 c\u1ee7a tu\u1ea7n th\u1ee9 2 v\u00e0 th\u1ee9 4 h\u1eb1ng th\u00e1ng. Journal Club #1 Tr\u1ea7m c\u1ea3m v\u00e0 s\u1ee9c kh\u1ecfe t\u00e2m th\u1ea7n B\u00e1o c\u00e1o vi\u00ean: Nguy\u1ec5n Th\u1ecb T\u01b0\u1eddng V\u00e2n Th\u1eddi gian: 27\/03\/2024 Journal Club #2 Tinh ho\u00e0n nh\u00e2n t\u1ea1o B\u00e1o c\u00e1o vi\u00ean: Tr\u1ecbnh Th\u1ecb C\u1ea9m [&hellip;]<\/p>\n","protected":false},"author":1,"featured_media":0,"parent":695,"menu_order":0,"comment_status":"closed","ping_status":"closed","template":"","meta":{"advanced_seo_description":"","jetpack_seo_html_title":"","jetpack_seo_noindex":false,"footnotes":""},"class_list":["post-701","page","type-page","status-publish","hentry"],"jetpack_sharing_enabled":true,"_links":{"self":[{"href":"https:\/\/sci.edu.vn\/home\/wp-json\/wp\/v2\/pages\/701","targetHints":{"allow":["GET"]}}],"collection":[{"href":"https:\/\/sci.edu.vn\/home\/wp-json\/wp\/v2\/pages"}],"about":[{"href":"https:\/\/sci.edu.vn\/home\/wp-json\/wp\/v2\/types\/page"}],"author":[{"embeddable":true,"href":"https:\/\/sci.edu.vn\/home\/wp-json\/wp\/v2\/users\/1"}],"replies":[{"embeddable":true,"href":"https:\/\/sci.edu.vn\/home\/wp-json\/wp\/v2\/comments?post=701"}],"version-history":[{"count":33,"href":"https:\/\/sci.edu.vn\/home\/wp-json\/wp\/v2\/pages\/701\/revisions"}],"predecessor-version":[{"id":5181,"href":"https:\/\/sci.edu.vn\/home\/wp-json\/wp\/v2\/pages\/701\/revisions\/5181"}],"up":[{"embeddable":true,"href":"https:\/\/sci.edu.vn\/home\/wp-json\/wp\/v2\/pages\/695"}],"wp:attachment":[{"href":"https:\/\/sci.edu.vn\/home\/wp-json\/wp\/v2\/media?parent=701"}],"curies":[{"name":"wp","href":"https:\/\/api.w.org\/{rel}","templated":true}]}}