{"id":703,"date":"2020-03-10T03:25:26","date_gmt":"2020-03-10T03:25:26","guid":{"rendered":"http:\/\/new.vientebaogoc.edu.vn\/?page_id=703"},"modified":"2024-11-23T16:26:50","modified_gmt":"2024-11-23T09:26:50","slug":"sci-stem-cell-talks","status":"publish","type":"page","link":"https:\/\/sci.edu.vn\/home\/su-kien\/sci-stem-cell-talks\/","title":{"rendered":"SCI Stem Cell Talks"},"content":{"rendered":"\n<div class=\"wp-block-group has-global-padding is-layout-constrained wp-block-group-is-layout-constrained\">\n<div class=\"wp-block-group has-global-padding is-layout-constrained wp-block-group-is-layout-constrained\">\n<h2 class=\"wp-block-heading has-text-align-center\" style=\"line-height:1.7;text-transform:uppercase\"><mark style=\"background-color:rgba(0, 0, 0, 0)\" class=\"has-inline-color has-luminous-vivid-orange-color\">Ch\u01b0\u01a1ng tr\u00ecnh ph\u1ee5c v\u1ee5 C\u1ed9ng \u0111\u1ed3ng c\u1ee7a Vi\u1ec7n T\u1ebf b\u00e0o g\u1ed1c<\/mark><\/h2>\n\n\n\n<figure class=\"wp-block-image aligncenter is-resized\"><img loading=\"lazy\" decoding=\"async\" width=\"1024\" height=\"1024\" src=\"https:\/\/sci.edu.vn\/home\/wp-content\/uploads\/2024\/05\/Artboard-6-1024x1024.png\" alt=\"\" class=\"wp-image-3355\" style=\"width:308px;height:auto\" srcset=\"https:\/\/sci.edu.vn\/home\/wp-content\/uploads\/2024\/05\/Artboard-6-1024x1024.png 1024w, https:\/\/sci.edu.vn\/home\/wp-content\/uploads\/2024\/05\/Artboard-6-300x300.png 300w, https:\/\/sci.edu.vn\/home\/wp-content\/uploads\/2024\/05\/Artboard-6-150x150.png 150w, https:\/\/sci.edu.vn\/home\/wp-content\/uploads\/2024\/05\/Artboard-6-768x768.png 768w, https:\/\/sci.edu.vn\/home\/wp-content\/uploads\/2024\/05\/Artboard-6-1536x1536.png 1536w\" sizes=\"auto, (max-width: 1024px) 100vw, 1024px\" \/><\/figure>\n\n\n\n<p>Ch\u01b0\u01a1ng tr\u00ecnh SCI Stem Cell Talks do Vi\u1ec7n T\u1ebf b\u00e0o g\u1ed1c, Tr\u01b0\u1eddng \u0110\u1ea1i h\u1ecdc Khoa h\u1ecdc t\u1ef1 nhi\u00ean, \u0110HQG-HCM s\u1ea3n xu\u1ea5t v\u1edbi mong mu\u1ed1n cung c\u1ea5p c\u00e1c ki\u1ebfn th\u1ee9c khoa h\u1ecdc, \u0111\u00fang, ch\u00ednh x\u00e1c \u0111\u1ebfn c\u1ed9ng \u0111\u1ed3ng trong l\u0129nh v\u1ef1c nghi\u00ean c\u1ee9u v\u00e0 \u1ee9ng d\u1ee5ng T\u1ebf b\u00e0o g\u1ed1c.<\/p>\n\n\n\n<p>Ch\u01b0\u01a1ng tr\u00ecnh SCI Stem Cell Talks k\u00ec 1 s\u1ebd bao g\u1ed3m c\u00e1c n\u1ed9i dung: <strong><em>(1) c\u00e1c b\u00e0i gi\u1ea3ng v\u1ec1 ki\u1ebfn th\u1ee9c chung v\u1ec1 t\u1ebf b\u00e0o g\u1ed1c, (2) c\u00e1c b\u00e0i c\u1eadp nh\u1eadt v\u1ec1 c\u00f4ng ngh\u1ec7 v\u00e0 \u1ee9ng d\u1ee5ng t\u1ebf b\u00e0o g\u1ed1c (SCI Techtalk) v\u00e0 (3) Ch\u01b0\u01a1ng tr\u00ecnh t\u1ecda \u0111\u00e0m tr\u1ef1c tuy\u1ebfn<\/em><\/strong>. \u0110\u1eb7c bi\u1ec7t, v\u1edbi mong mu\u1ed1n ph\u1ee5c v\u1ee5 c\u1ed9ng \u0111\u1ed3ng trong l\u0129nh v\u1ef1c m\u00e0 Vi\u1ec7n T\u1ebf b\u00e0o g\u1ed1c ho\u1ea1t \u0111\u1ed9ng, vi\u1ec7c \u0111\u0103ng k\u00ed v\u00e0 tham gia ch\u01b0\u01a1ng tr\u00ecnh SCI Stem Cell Talks l\u00e0&nbsp;<em>ho\u00e0n to\u00e0n mi\u1ec5n ph\u00ed.<\/em><\/p>\n\n\n\n<h2 class=\"wp-block-heading\">1. Ch\u01b0\u01a1ng tr\u00ecnh SCI Stem Cell Courses<\/h2>\n\n\n\n<figure class=\"wp-block-image aligncenter size-full is-resized\"><img loading=\"lazy\" decoding=\"async\" width=\"17615\" height=\"4722\" src=\"https:\/\/sci.edu.vn\/home\/wp-content\/uploads\/2024\/05\/Artboard-5.png\" alt=\"\" class=\"wp-image-3349\" style=\"width:330px;height:auto\"\/><\/figure>\n\n\n\n<p>B\u00e0i gi\u1ea3ng v\u1ec1 t\u1ebf b\u00e0o g\u1ed1c&nbsp;<strong>(SCI Stem Cell Courses)<\/strong>: trong k\u00ec 1 n\u00e0y, c\u00e1c b\u1ea1n quan t\u00e2m c\u00f3 th\u1ec3 tham gia l\u1edbp: \u0110\u1ea1i c\u01b0\u01a1ng v\u1ec1 t\u1ebf b\u00e0o g\u1ed1c (30 ti\u1ebft), Huy\u1ebft t\u01b0\u01a1ng gi\u00e0u ti\u1ec3u c\u1ea7u: Khoa h\u1ecdc v\u00e0 C\u00f4ng ngh\u1ec7 (30 ti\u1ebft), \u0110\u1ea1i c\u01b0\u01a1ng v\u1ec1 Li\u1ec7u ph\u00e1p t\u1ebf b\u00e0o mi\u1ec5n d\u1ecbch (30 ti\u1ebft). C\u00e1c b\u1ea1n quan t\u00e2m \u0111\u0103ng k\u00ed tham d\u1ef1 tr\u1ef1c tuy\u1ebfn \u0111\u1ea7y \u0111\u1ee7 c\u00e1c bu\u1ed5i gi\u1ea3ng s\u1ebd \u0111\u01b0\u1ee3c c\u1ea5p Ch\u1ee9ng nh\u1eadn tham gia l\u1edbp gi\u1ea3ng tr\u1ef1c tuy\u1ebfn. C\u00e1c l\u1edbp s\u1ebd \u0111\u01b0\u1ee3c khai gi\u1ea3ng t\u1eeb 01\/4\/2024 v\u00e0o t\u1ed1i th\u1ee9 7 t\u1eeb 20h \u0111\u1ebfn 21h h\u00e0ng tu\u1ea7n.<\/p>\n\n\n\n<h2 class=\"wp-block-heading\">2. Ch\u01b0\u01a1ng tr\u00ecnh SCI Stem Cell Techtalk<\/h2>\n\n\n\n<figure class=\"wp-block-image aligncenter size-full is-resized\"><img loading=\"lazy\" decoding=\"async\" width=\"17615\" height=\"4722\" src=\"https:\/\/sci.edu.vn\/home\/wp-content\/uploads\/2024\/05\/Artboard-8.png\" alt=\"\" class=\"wp-image-3350\" style=\"width:330px\"\/><\/figure>\n\n\n\n<p>C\u00f4ng ngh\u1ec7 t\u1ebf b\u00e0o g\u1ed1c v\u00e0 \u1ee9ng d\u1ee5ng&nbsp;<strong>(SCI Techtalks)<\/strong>: trong k\u00ec 1 n\u00e0y, SCI Techtalks s\u1ebd di\u1ec5n ra h\u00e0ng tu\u1ea7n, m\u1ed7i tu\u1ea7n 1 s\u1ed1, m\u1ed7i s\u1ed1 30-45 ph\u00fat. Ch\u01b0\u01a1ng tr\u00ecnh s\u1ebd b\u1eaft \u0111\u1ea7u t\u1eeb 01\/4\/2024 v\u00e0o 9h00-10h00 s\u00e1ng ch\u1ee7 nh\u1eadt h\u00e0ng tu\u1ea7n<\/p>\n\n\n\n<h2 class=\"wp-block-heading\">3. Ch\u01b0\u01a1ng tr\u00ecnh SCI Stem Cell Forum<\/h2>\n\n\n\n<figure class=\"wp-block-image aligncenter size-full is-resized\"><img loading=\"lazy\" decoding=\"async\" width=\"17614\" height=\"4722\" src=\"https:\/\/sci.edu.vn\/home\/wp-content\/uploads\/2024\/05\/Artboard-9.png\" alt=\"\" class=\"wp-image-3351\" style=\"width:330px\"\/><\/figure>\n\n\n\n<p>T\u1ecda \u0111\u00e0m t\u1ebf b\u00e0o g\u1ed1c&nbsp;<strong>(SCI Stem Cell Forum)<\/strong>: trong k\u00ec 1 n\u00e0y, ch\u01b0\u01a1ng tr\u00ecnh s\u1ebd t\u1ed5 ch\u1ee9c h\u00e0ng qu\u00fd, b\u1eaft \u0111\u1ea7u t\u1eeb qu\u00fd 2, m\u1ed7i qu\u00fd s\u1ebd c\u00f3 1 ch\u1ee7 \u0111\u1ec1. Trong m\u1ed7i ch\u1ee7 \u0111\u1ec1, nhi\u1ec1u v\u1ecb kh\u00e1ch m\u1eddi s\u1ebd \u0111\u01b0\u1ee3c m\u1eddi \u0111\u1ec3 th\u1ea3o lu\u1eadn tr\u1ef1c tuy\u1ebfn v\u00e0 trao \u0111\u1ed5i v\u1edbi ng\u01b0\u1eddi quan t\u00e2m \u0111\u1eb7t c\u00e2u h\u1ecfi qua \u1ee9ng d\u1ee5ng Zoom. Ch\u01b0\u01a1ng tr\u00ecnh s\u1ebd t\u1ed5 ch\u1ee9c t\u1eeb 8h00 \u0111\u1ebfn 10h00 s\u00e1ng v\u00e0o ch\u1ee7 nh\u1eadt cu\u1ed1i c\u00f9ng c\u1ee7a m\u1ed7i qu\u00fd.<\/p>\n\n\n\n<p>Th\u00f4ng qua c\u00e1c ho\u1ea1t \u0111\u1ed9ng tr\u00ean, Vi\u1ec7n T\u1ebf b\u00e0o g\u1ed1c,&nbsp;<a href=\"https:\/\/hcmus.edu.vn\/\" target=\"_blank\" rel=\"noreferrer noopener\">Tr\u01b0\u1eddng \u0110\u1ea1i h\u1ecdc Khoa h\u1ecdc t\u1ef1 nhi\u00ean<\/a>, \u0110HQG Tp.HCM tin t\u01b0\u1edfng r\u1eb1ng s\u1ebd cung c\u1ea5p v\u00e0 lan t\u1ecfa c\u00e1c ki\u1ebfn th\u1ee9c v\u00e0 th\u00f4ng tin h\u1eefu \u00edch cho ng\u01b0\u1eddi quan t\u00e2m \u0111\u1ebfn t\u1ebf b\u00e0o g\u1ed1c.<\/p>\n\n\n\n<div class=\"wp-block-columns is-layout-flex wp-container-core-columns-is-layout-28f84493 wp-block-columns-is-layout-flex\">\n<div class=\"wp-block-column is-layout-flow wp-block-column-is-layout-flow\">\n<figure class=\"wp-block-image size-large\"><img loading=\"lazy\" decoding=\"async\" width=\"1024\" height=\"1024\" src=\"https:\/\/sci.edu.vn\/home\/wp-content\/uploads\/2024\/05\/SCI-Stem-cell-talks-2-1024x1024.png\" alt=\"\" class=\"wp-image-3369\" srcset=\"https:\/\/sci.edu.vn\/home\/wp-content\/uploads\/2024\/05\/SCI-Stem-cell-talks-2-1024x1024.png 1024w, https:\/\/sci.edu.vn\/home\/wp-content\/uploads\/2024\/05\/SCI-Stem-cell-talks-2-300x300.png 300w, https:\/\/sci.edu.vn\/home\/wp-content\/uploads\/2024\/05\/SCI-Stem-cell-talks-2-150x150.png 150w, https:\/\/sci.edu.vn\/home\/wp-content\/uploads\/2024\/05\/SCI-Stem-cell-talks-2-768x768.png 768w, https:\/\/sci.edu.vn\/home\/wp-content\/uploads\/2024\/05\/SCI-Stem-cell-talks-2.png 1080w\" sizes=\"auto, (max-width: 1024px) 100vw, 1024px\" \/><\/figure>\n<\/div>\n\n\n\n<div class=\"wp-block-column is-layout-flow wp-block-column-is-layout-flow\">\n<p class=\"has-text-align-center\"><\/p>\n\n\n\n<h1 class=\"wp-block-heading alignwide has-text-align-center\"><strong><em>NH\u1eacN TH\u00d4NG TIN<\/em><\/strong><\/h1>\n\n\n\n<h1 class=\"wp-block-heading alignwide has-text-align-center\"><strong><em>V\u1ec0 CH\u01af\u01a0NG TR\u00ccNH<\/em><\/strong><\/h1>\n\n\n\n<div class=\"wp-block-buttons alignwide is-content-justification-center is-layout-flex wp-container-core-buttons-is-layout-a89b3969 wp-block-buttons-is-layout-flex\">\n<div class=\"wp-block-button\"><a class=\"wp-block-button__link wp-element-button\" href=\"https:\/\/www.facebook.com\/groups\/7168263486556117\/\" target=\"_blank\" rel=\"noreferrer noopener\"><strong>\u0110\u0102NG K\u00cd NGAY<\/strong><\/a><\/div>\n<\/div>\n<\/div>\n<\/div>\n\n\n\n<p><strong><em>Th\u00f4ng tin v\u1ec1 ch\u01b0\u01a1ng tr\u00ecnh xin vui l\u00f2ng li\u00ean h\u1ec7 email: contact@sci.edu.vn    <\/em><\/strong><\/p>\n<\/div>\n<\/div>\n","protected":false},"excerpt":{"rendered":"<p>Ch\u01b0\u01a1ng tr\u00ecnh ph\u1ee5c v\u1ee5 C\u1ed9ng \u0111\u1ed3ng c\u1ee7a Vi\u1ec7n T\u1ebf b\u00e0o g\u1ed1c Ch\u01b0\u01a1ng tr\u00ecnh SCI Stem Cell Talks do Vi\u1ec7n T\u1ebf b\u00e0o g\u1ed1c, Tr\u01b0\u1eddng \u0110\u1ea1i h\u1ecdc Khoa h\u1ecdc t\u1ef1 nhi\u00ean, \u0110HQG-HCM s\u1ea3n xu\u1ea5t v\u1edbi mong mu\u1ed1n cung c\u1ea5p c\u00e1c ki\u1ebfn th\u1ee9c khoa h\u1ecdc, \u0111\u00fang, ch\u00ednh x\u00e1c \u0111\u1ebfn c\u1ed9ng \u0111\u1ed3ng trong l\u0129nh v\u1ef1c nghi\u00ean c\u1ee9u v\u00e0 \u1ee9ng [&hellip;]<\/p>\n","protected":false},"author":1,"featured_media":0,"parent":695,"menu_order":0,"comment_status":"closed","ping_status":"closed","template":"full-width","meta":{"advanced_seo_description":"","jetpack_seo_html_title":"","jetpack_seo_noindex":false,"footnotes":""},"class_list":["post-703","page","type-page","status-publish","hentry"],"jetpack_sharing_enabled":true,"_links":{"self":[{"href":"https:\/\/sci.edu.vn\/home\/wp-json\/wp\/v2\/pages\/703","targetHints":{"allow":["GET"]}}],"collection":[{"href":"https:\/\/sci.edu.vn\/home\/wp-json\/wp\/v2\/pages"}],"about":[{"href":"https:\/\/sci.edu.vn\/home\/wp-json\/wp\/v2\/types\/page"}],"author":[{"embeddable":true,"href":"https:\/\/sci.edu.vn\/home\/wp-json\/wp\/v2\/users\/1"}],"replies":[{"embeddable":true,"href":"https:\/\/sci.edu.vn\/home\/wp-json\/wp\/v2\/comments?post=703"}],"version-history":[{"count":11,"href":"https:\/\/sci.edu.vn\/home\/wp-json\/wp\/v2\/pages\/703\/revisions"}],"predecessor-version":[{"id":4463,"href":"https:\/\/sci.edu.vn\/home\/wp-json\/wp\/v2\/pages\/703\/revisions\/4463"}],"up":[{"embeddable":true,"href":"https:\/\/sci.edu.vn\/home\/wp-json\/wp\/v2\/pages\/695"}],"wp:attachment":[{"href":"https:\/\/sci.edu.vn\/home\/wp-json\/wp\/v2\/media?parent=703"}],"curies":[{"name":"wp","href":"https:\/\/api.w.org\/{rel}","templated":true}]}}