{"id":713,"date":"2020-03-10T03:31:20","date_gmt":"2020-03-10T03:31:20","guid":{"rendered":"http:\/\/new.vientebaogoc.edu.vn\/?page_id=713"},"modified":"2024-12-19T01:32:46","modified_gmt":"2024-12-18T18:32:46","slug":"chu-de","status":"publish","type":"page","link":"https:\/\/sci.edu.vn\/home\/nghien-cuu\/chu-de\/","title":{"rendered":"Ch\u1ee7 \u0111\u1ec1 nghi\u00ean c\u1ee9u"},"content":{"rendered":"\n<div class=\"wp-block-group alignwide has-global-padding is-layout-constrained wp-block-group-is-layout-constrained\">\n<div class=\"wp-block-group has-background has-global-padding is-layout-constrained wp-container-core-group-is-layout-80fb368b wp-block-group-is-layout-constrained\" style=\"border-radius:1rem;background-color:#00a9ff0f;padding-top:var(--wp--preset--spacing--30);padding-right:var(--wp--preset--spacing--30);padding-bottom:var(--wp--preset--spacing--30);padding-left:var(--wp--preset--spacing--30)\">\n<h2 class=\"wp-block-heading\">T\u1ebf b\u00e0o g\u1ed1c trong \u0111i\u1ec1u tr\u1ecb b\u1ec7nh<\/h2>\n\n\n\n<p>Nghi\u00ean c\u1ee9u, ph\u00e1t tri\u1ec3n c\u00e1c s\u1ea3n ph\u1ea9m \u1ee9ng d\u1ee5ng \u0111i\u1ec1u tr\u1ecb v\u00e0 h\u1ed7 tr\u1ee3 \u0111i\u1ec1u tr\u1ecb. Vi\u1ec7n t\u1eadp trung v\u00e0o 02 nh\u00f3m:<\/p>\n\n\n\n<ul class=\"wp-block-list\">\n<li>Li\u1ec7u ph\u00e1p t\u1ebf b\u00e0o g\u1ed1c: c\u00e1c s\u1ea3n ph\u1ea9m s\u1eed d\u1ee5ng t\u00e1ch chi\u1ebft, l\u00e0m gi\u00e0u, nu\u00f4i c\u1ea5y t\u1ebf b\u00e0o g\u1ed1c<\/li>\n\n\n\n<li>C\u00e1c s\u1ea3n ph\u1ea9m off-the-shelf s\u1eed d\u1ee5ng trong \u0111i\u1ec1u tr\u1ecb b\u1ec7nh<\/li>\n<\/ul>\n<\/div>\n\n\n\n<div class=\"wp-block-group has-background has-global-padding is-layout-constrained wp-container-core-group-is-layout-80fb368b wp-block-group-is-layout-constrained\" style=\"border-radius:1rem;background-color:#f25e300f;padding-top:var(--wp--preset--spacing--30);padding-right:var(--wp--preset--spacing--30);padding-bottom:var(--wp--preset--spacing--30);padding-left:var(--wp--preset--spacing--30)\">\n<h2 class=\"wp-block-heading\">T\u1ebf b\u00e0o g\u1ed1c trong m\u0129 ph\u1ea9m, th\u1ea9m m\u0129<\/h2>\n\n\n\n<p>Nghi\u00ean c\u1ee9u ph\u00e1t tri\u1ec3n c\u00e1c s\u1ea3n ph\u1ea9m l\u00e0m \u0111\u1eb9p, th\u1ea9m m\u0129.<\/p>\n<\/div>\n\n\n\n<div class=\"wp-block-group has-background has-global-padding is-layout-constrained wp-container-core-group-is-layout-80fb368b wp-block-group-is-layout-constrained\" style=\"border-radius:1rem;background-color:#00a9ff0f;padding-top:var(--wp--preset--spacing--30);padding-right:var(--wp--preset--spacing--30);padding-bottom:var(--wp--preset--spacing--30);padding-left:var(--wp--preset--spacing--30)\">\n<h2 class=\"wp-block-heading\">T\u1ebf b\u00e0o g\u1ed1c trong ph\u00e1t tri\u1ec3n thu\u1ed1c<\/h2>\n\n\n\n<p>Nghi\u00ean c\u1ee9u, s\u1eed d\u1ee5ng t\u1ebf b\u00e0o g\u1ed1c, t\u1ebf b\u00e0o g\u1ed1c ung th\u01b0 l\u00e0m \u0111\u1ed1i t\u01b0\u1ee3ng s\u00e0ng l\u1ecdc thu\u1ed1c.<\/p>\n<\/div>\n\n\n\n<div class=\"wp-block-group has-background has-global-padding is-layout-constrained wp-container-core-group-is-layout-80fb368b wp-block-group-is-layout-constrained\" style=\"border-radius:1rem;background-color:#f25e300f;padding-top:var(--wp--preset--spacing--30);padding-right:var(--wp--preset--spacing--30);padding-bottom:var(--wp--preset--spacing--30);padding-left:var(--wp--preset--spacing--30)\">\n<h2 class=\"wp-block-heading\">T\u1ebf b\u00e0o g\u1ed1c trong th\u1ef1c ph\u1ea9m<\/h2>\n\n\n\n<p>Nghi\u00ean c\u1ee9u ph\u00e1t tri\u1ec3n c\u00e1c s\u1ea3n ph\u1ea9m th\u1ef1c ph\u1ea9m, th\u1ef1c ph\u1ea9m ch\u1ee9c n\u0103ng t\u1eeb t\u1ebf b\u00e0o g\u1ed1c.<\/p>\n<\/div>\n\n\n\n<div class=\"wp-block-group has-background has-global-padding is-layout-constrained wp-container-core-group-is-layout-80fb368b wp-block-group-is-layout-constrained\" style=\"border-radius:1rem;background-color:#00a9ff0f;padding-top:var(--wp--preset--spacing--30);padding-right:var(--wp--preset--spacing--30);padding-bottom:var(--wp--preset--spacing--30);padding-left:var(--wp--preset--spacing--30)\">\n<h2 class=\"wp-block-heading\">T\u1ebf b\u00e0o g\u1ed1c trong \u0111\u1ed9ng v\u1eadt chuy\u1ec3n gen v\u00e0 b\u1ea3o t\u1ed3n<\/h2>\n\n\n\n<p>Nghi\u00ean c\u1ee9u ph\u00e1t tri\u1ec3n c\u00e1c \u0111\u1ed9ng v\u1eadt bi\u1ebfn \u0111\u1ed5i gen ph\u1ee5c v\u1ee5 nghi\u00ean c\u1ee9u, ch\u0103n nu\u00f4i.<\/p>\n<\/div>\n<\/div>\n","protected":false},"excerpt":{"rendered":"<p>T\u1ebf b\u00e0o g\u1ed1c trong \u0111i\u1ec1u tr\u1ecb b\u1ec7nh Nghi\u00ean c\u1ee9u, ph\u00e1t tri\u1ec3n c\u00e1c s\u1ea3n ph\u1ea9m \u1ee9ng d\u1ee5ng \u0111i\u1ec1u tr\u1ecb v\u00e0 h\u1ed7 tr\u1ee3 \u0111i\u1ec1u tr\u1ecb. Vi\u1ec7n t\u1eadp trung v\u00e0o 02 nh\u00f3m: T\u1ebf b\u00e0o g\u1ed1c trong m\u0129 ph\u1ea9m, th\u1ea9m m\u0129 Nghi\u00ean c\u1ee9u ph\u00e1t tri\u1ec3n c\u00e1c s\u1ea3n ph\u1ea9m l\u00e0m \u0111\u1eb9p, th\u1ea9m m\u0129. T\u1ebf b\u00e0o g\u1ed1c trong ph\u00e1t tri\u1ec3n thu\u1ed1c [&hellip;]<\/p>\n","protected":false},"author":1,"featured_media":0,"parent":4137,"menu_order":0,"comment_status":"closed","ping_status":"closed","template":"full-width","meta":{"advanced_seo_description":"","jetpack_seo_html_title":"","jetpack_seo_noindex":false,"footnotes":""},"class_list":["post-713","page","type-page","status-publish","hentry"],"jetpack_sharing_enabled":true,"_links":{"self":[{"href":"https:\/\/sci.edu.vn\/home\/wp-json\/wp\/v2\/pages\/713","targetHints":{"allow":["GET"]}}],"collection":[{"href":"https:\/\/sci.edu.vn\/home\/wp-json\/wp\/v2\/pages"}],"about":[{"href":"https:\/\/sci.edu.vn\/home\/wp-json\/wp\/v2\/types\/page"}],"author":[{"embeddable":true,"href":"https:\/\/sci.edu.vn\/home\/wp-json\/wp\/v2\/users\/1"}],"replies":[{"embeddable":true,"href":"https:\/\/sci.edu.vn\/home\/wp-json\/wp\/v2\/comments?post=713"}],"version-history":[{"count":7,"href":"https:\/\/sci.edu.vn\/home\/wp-json\/wp\/v2\/pages\/713\/revisions"}],"predecessor-version":[{"id":4804,"href":"https:\/\/sci.edu.vn\/home\/wp-json\/wp\/v2\/pages\/713\/revisions\/4804"}],"up":[{"embeddable":true,"href":"https:\/\/sci.edu.vn\/home\/wp-json\/wp\/v2\/pages\/4137"}],"wp:attachment":[{"href":"https:\/\/sci.edu.vn\/home\/wp-json\/wp\/v2\/media?parent=713"}],"curies":[{"name":"wp","href":"https:\/\/api.w.org\/{rel}","templated":true}]}}