{"id":715,"date":"2020-03-10T03:31:32","date_gmt":"2020-03-10T03:31:32","guid":{"rendered":"http:\/\/new.vientebaogoc.edu.vn\/?page_id=715"},"modified":"2024-12-19T01:27:34","modified_gmt":"2024-12-18T18:27:34","slug":"cac-nhom-nghien-cuu","status":"publish","type":"page","link":"https:\/\/sci.edu.vn\/home\/nghien-cuu\/cac-nhom-nghien-cuu\/","title":{"rendered":"C\u00e1c nh\u00f3m nghi\u00ean c\u1ee9u"},"content":{"rendered":"\n<div class=\"wp-block-group alignwide has-global-padding is-layout-constrained wp-block-group-is-layout-constrained\">\n<div class=\"wp-block-group alignwide is-layout-grid wp-container-core-group-is-layout-510ef126 wp-block-group-is-layout-grid\">\n<div class=\"wp-block-group has-background is-vertical is-content-justification-center is-layout-flex wp-container-core-group-is-layout-408ba839 wp-block-group-is-layout-flex\" style=\"border-radius:1rem;background-color:#f25e300f;min-height:256px;padding-top:var(--wp--preset--spacing--30);padding-right:var(--wp--preset--spacing--30);padding-bottom:var(--wp--preset--spacing--30);padding-left:var(--wp--preset--spacing--30)\">\n<h2 class=\"wp-block-heading has-text-align-center\">Sinh h\u1ecdc T\u1ebf b\u00e0o g\u1ed1c<\/h2>\n\n\n\n<h3 class=\"wp-block-heading has-text-align-center\">Stem Cell Biology (SCB)<\/h3>\n\n\n\n<div class=\"wp-block-buttons is-content-justification-center is-layout-flex wp-container-core-buttons-is-layout-a89b3969 wp-block-buttons-is-layout-flex\">\n<div class=\"wp-block-button is-style-fill\"><a class=\"wp-block-button__link has-background wp-element-button\" href=\"https:\/\/sci.edu.vn\/home\/nghien-cuu\/cac-nhom-nghien-cuu\/scb\/\" style=\"border-radius:1rem;background-color:#5cba3c;padding-top:var(--wp--preset--spacing--20);padding-right:var(--wp--preset--spacing--30);padding-bottom:var(--wp--preset--spacing--20);padding-left:var(--wp--preset--spacing--30)\">Chi ti\u1ebft &#8230;<\/a><\/div>\n<\/div>\n<\/div>\n\n\n\n<div class=\"wp-block-group has-background is-vertical is-content-justification-center is-layout-flex wp-container-core-group-is-layout-408ba839 wp-block-group-is-layout-flex\" style=\"border-radius:1rem;background-color:#00a9ff0f;min-height:256px;padding-top:var(--wp--preset--spacing--30);padding-right:var(--wp--preset--spacing--30);padding-bottom:var(--wp--preset--spacing--30);padding-left:var(--wp--preset--spacing--30)\">\n<h2 class=\"wp-block-heading has-text-align-center\">Y h\u1ecdc t\u00e1i t\u1ea1o v\u00e0 ph\u1ee5c h\u1ed3i<\/h2>\n\n\n\n<h3 class=\"wp-block-heading has-text-align-center\">Regeneration and Restorative Medicine (RRM)<\/h3>\n\n\n\n<div class=\"wp-block-buttons is-content-justification-center is-layout-flex wp-container-core-buttons-is-layout-a89b3969 wp-block-buttons-is-layout-flex\">\n<div class=\"wp-block-button is-style-fill\"><a class=\"wp-block-button__link has-background wp-element-button\" href=\"https:\/\/sci.edu.vn\/home\/nghien-cuu\/cac-nhom-nghien-cuu\/rrm\/\" style=\"border-radius:1rem;background-color:#5cba3c;padding-top:var(--wp--preset--spacing--20);padding-right:var(--wp--preset--spacing--30);padding-bottom:var(--wp--preset--spacing--20);padding-left:var(--wp--preset--spacing--30)\">Chi ti\u1ebft &#8230;<\/a><\/div>\n<\/div>\n<\/div>\n\n\n\n<div class=\"wp-block-group has-background is-vertical is-content-justification-center is-layout-flex wp-container-core-group-is-layout-408ba839 wp-block-group-is-layout-flex\" style=\"border-radius:1rem;background-color:#f25e300f;min-height:256px;padding-top:var(--wp--preset--spacing--30);padding-right:var(--wp--preset--spacing--30);padding-bottom:var(--wp--preset--spacing--30);padding-left:var(--wp--preset--spacing--30)\">\n<h2 class=\"wp-block-heading has-text-align-center\">Sinh h\u1ecdc Ung th\u01b0<\/h2>\n\n\n\n<h3 class=\"wp-block-heading has-text-align-center\">Cancer Biology (CB)<\/h3>\n\n\n\n<div class=\"wp-block-buttons is-content-justification-center is-layout-flex wp-container-core-buttons-is-layout-a89b3969 wp-block-buttons-is-layout-flex\">\n<div class=\"wp-block-button is-style-fill\"><a class=\"wp-block-button__link has-background wp-element-button\" href=\"https:\/\/sci.edu.vn\/home\/nghien-cuu\/cac-nhom-nghien-cuu\/cb\/\" style=\"border-radius:1rem;background-color:#5cba3c;padding-top:var(--wp--preset--spacing--20);padding-right:var(--wp--preset--spacing--30);padding-bottom:var(--wp--preset--spacing--20);padding-left:var(--wp--preset--spacing--30)\">Chi ti\u1ebft &#8230;<\/a><\/div>\n<\/div>\n<\/div>\n\n\n\n<div class=\"wp-block-group has-background is-vertical is-content-justification-center is-layout-flex wp-container-core-group-is-layout-408ba839 wp-block-group-is-layout-flex\" style=\"border-radius:1rem;background-color:#00a9ff0f;min-height:256px;padding-top:var(--wp--preset--spacing--30);padding-right:var(--wp--preset--spacing--30);padding-bottom:var(--wp--preset--spacing--30);padding-left:var(--wp--preset--spacing--30)\">\n<h2 class=\"wp-block-heading has-text-align-center\">Nghi\u00ean c\u1ee9u ch\u1ea9n \u0111o\u00e1n v\u00e0 \u0111i\u1ec1u tr\u1ecb<\/h2>\n\n\n\n<h3 class=\"wp-block-heading has-text-align-center\">Diagnostic and Therapeutic Research and Development (DTREAD)<\/h3>\n\n\n\n<div class=\"wp-block-buttons is-content-justification-center is-layout-flex wp-container-core-buttons-is-layout-a89b3969 wp-block-buttons-is-layout-flex\">\n<div class=\"wp-block-button is-style-fill\"><a class=\"wp-block-button__link has-background wp-element-button\" href=\"https:\/\/sci.edu.vn\/home\/nghien-cuu\/cac-nhom-nghien-cuu\/dtread\/\" style=\"border-radius:1rem;background-color:#5cba3c;padding-top:var(--wp--preset--spacing--20);padding-right:var(--wp--preset--spacing--30);padding-bottom:var(--wp--preset--spacing--20);padding-left:var(--wp--preset--spacing--30)\">Chi ti\u1ebft &#8230;<\/a><\/div>\n<\/div>\n<\/div>\n\n\n\n<div class=\"wp-block-group has-background is-vertical is-content-justification-center is-layout-flex wp-container-core-group-is-layout-408ba839 wp-block-group-is-layout-flex\" style=\"border-radius:1rem;background-color:#f25e300f;min-height:256px;padding-top:var(--wp--preset--spacing--30);padding-right:var(--wp--preset--spacing--30);padding-bottom:var(--wp--preset--spacing--30);padding-left:var(--wp--preset--spacing--30)\">\n<h2 class=\"wp-block-heading has-text-align-center\">Khoa h\u1ecdc l\u00e3o h\u00f3a<\/h2>\n\n\n\n<h3 class=\"wp-block-heading has-text-align-center\">Aging Science (AS)<\/h3>\n\n\n\n<div class=\"wp-block-buttons is-content-justification-center is-layout-flex wp-container-core-buttons-is-layout-a89b3969 wp-block-buttons-is-layout-flex\">\n<div class=\"wp-block-button is-style-fill\"><a class=\"wp-block-button__link has-background wp-element-button\" href=\"https:\/\/sci.edu.vn\/home\/nghien-cuu\/cac-nhom-nghien-cuu\/as\/\" style=\"border-radius:1rem;background-color:#5cba3c;padding-top:var(--wp--preset--spacing--20);padding-right:var(--wp--preset--spacing--30);padding-bottom:var(--wp--preset--spacing--20);padding-left:var(--wp--preset--spacing--30)\">Chi ti\u1ebft &#8230;<\/a><\/div>\n<\/div>\n<\/div>\n\n\n\n<div class=\"wp-block-group has-background is-vertical is-content-justification-center is-layout-flex wp-container-core-group-is-layout-408ba839 wp-block-group-is-layout-flex\" style=\"border-radius:1rem;background-color:#00a9ff0f;min-height:256px;padding-top:var(--wp--preset--spacing--30);padding-right:var(--wp--preset--spacing--30);padding-bottom:var(--wp--preset--spacing--30);padding-left:var(--wp--preset--spacing--30)\">\n<h2 class=\"wp-block-heading has-text-align-center\">Chip sinh h\u1ecdc<\/h2>\n\n\n\n<h3 class=\"wp-block-heading has-text-align-center\">BioChip (BC)<\/h3>\n\n\n\n<div class=\"wp-block-buttons is-content-justification-center is-layout-flex wp-container-core-buttons-is-layout-a89b3969 wp-block-buttons-is-layout-flex\">\n<div class=\"wp-block-button is-style-fill\"><a class=\"wp-block-button__link has-background wp-element-button\" href=\"https:\/\/sci.edu.vn\/home\/nghien-cuu\/cac-nhom-nghien-cuu\/bc\/\" style=\"border-radius:1rem;background-color:#5cba3c;padding-top:var(--wp--preset--spacing--20);padding-right:var(--wp--preset--spacing--30);padding-bottom:var(--wp--preset--spacing--20);padding-left:var(--wp--preset--spacing--30)\">Chi ti\u1ebft &#8230;<\/a><\/div>\n<\/div>\n<\/div>\n\n\n\n<div class=\"wp-block-group has-background is-vertical is-content-justification-center is-layout-flex wp-container-core-group-is-layout-408ba839 wp-block-group-is-layout-flex\" style=\"border-radius:1rem;background-color:#f25e300f;min-height:256px;padding-top:var(--wp--preset--spacing--30);padding-right:var(--wp--preset--spacing--30);padding-bottom:var(--wp--preset--spacing--30);padding-left:var(--wp--preset--spacing--30)\">\n<h2 class=\"wp-block-heading has-text-align-center\">Y h\u1ecdc t\u00e1i t\u1ea1o th\u1ea7n kinh<\/h2>\n\n\n\n<h3 class=\"wp-block-heading has-text-align-center\">Neural Regenerative Medicine (NRM)<\/h3>\n\n\n\n<div class=\"wp-block-buttons is-content-justification-center is-layout-flex wp-container-core-buttons-is-layout-a89b3969 wp-block-buttons-is-layout-flex\">\n<div class=\"wp-block-button is-style-fill\"><a class=\"wp-block-button__link has-background wp-element-button\" href=\"https:\/\/sci.edu.vn\/home\/nghien-cuu\/cac-nhom-nghien-cuu\/nrm\/\" style=\"border-radius:1rem;background-color:#5cba3c;padding-top:var(--wp--preset--spacing--20);padding-right:var(--wp--preset--spacing--30);padding-bottom:var(--wp--preset--spacing--20);padding-left:var(--wp--preset--spacing--30)\">Chi ti\u1ebft &#8230;<\/a><\/div>\n<\/div>\n<\/div>\n<\/div>\n<\/div>\n","protected":false},"excerpt":{"rendered":"<p>Sinh h\u1ecdc T\u1ebf b\u00e0o g\u1ed1c Stem Cell Biology (SCB) Y h\u1ecdc t\u00e1i t\u1ea1o v\u00e0 ph\u1ee5c h\u1ed3i Regeneration and Restorative Medicine (RRM) Sinh h\u1ecdc Ung th\u01b0 Cancer Biology (CB) Nghi\u00ean c\u1ee9u ch\u1ea9n \u0111o\u00e1n v\u00e0 \u0111i\u1ec1u tr\u1ecb Diagnostic and Therapeutic Research and Development (DTREAD) Khoa h\u1ecdc l\u00e3o h\u00f3a Aging Science (AS) Chip sinh h\u1ecdc BioChip (BC) Y [&hellip;]<\/p>\n","protected":false},"author":1,"featured_media":0,"parent":4137,"menu_order":0,"comment_status":"closed","ping_status":"closed","template":"full-width","meta":{"advanced_seo_description":"","jetpack_seo_html_title":"","jetpack_seo_noindex":false,"footnotes":""},"class_list":["post-715","page","type-page","status-publish","hentry"],"jetpack_sharing_enabled":true,"_links":{"self":[{"href":"https:\/\/sci.edu.vn\/home\/wp-json\/wp\/v2\/pages\/715","targetHints":{"allow":["GET"]}}],"collection":[{"href":"https:\/\/sci.edu.vn\/home\/wp-json\/wp\/v2\/pages"}],"about":[{"href":"https:\/\/sci.edu.vn\/home\/wp-json\/wp\/v2\/types\/page"}],"author":[{"embeddable":true,"href":"https:\/\/sci.edu.vn\/home\/wp-json\/wp\/v2\/users\/1"}],"replies":[{"embeddable":true,"href":"https:\/\/sci.edu.vn\/home\/wp-json\/wp\/v2\/comments?post=715"}],"version-history":[{"count":14,"href":"https:\/\/sci.edu.vn\/home\/wp-json\/wp\/v2\/pages\/715\/revisions"}],"predecessor-version":[{"id":4793,"href":"https:\/\/sci.edu.vn\/home\/wp-json\/wp\/v2\/pages\/715\/revisions\/4793"}],"up":[{"embeddable":true,"href":"https:\/\/sci.edu.vn\/home\/wp-json\/wp\/v2\/pages\/4137"}],"wp:attachment":[{"href":"https:\/\/sci.edu.vn\/home\/wp-json\/wp\/v2\/media?parent=715"}],"curies":[{"name":"wp","href":"https:\/\/api.w.org\/{rel}","templated":true}]}}