{"id":718,"date":"2020-03-10T03:31:59","date_gmt":"2020-03-10T03:31:59","guid":{"rendered":"http:\/\/new.vientebaogoc.edu.vn\/?page_id=718"},"modified":"2024-11-21T09:50:22","modified_gmt":"2024-11-21T02:50:22","slug":"cong-bo","status":"publish","type":"page","link":"https:\/\/sci.edu.vn\/home\/nghien-cuu\/cong-bo\/","title":{"rendered":"C\u00f4ng b\u1ed1"},"content":{"rendered":"\n<div class=\"wp-block-group has-global-padding is-layout-constrained wp-block-group-is-layout-constrained\">\n<div class=\"wp-block-group alignwide has-global-padding is-layout-constrained wp-block-group-is-layout-constrained\">\n<figure class=\"wp-block-image aligncenter size-full has-custom-border is-style-default\"><img loading=\"lazy\" decoding=\"async\" width=\"1024\" height=\"321\" src=\"https:\/\/sci.edu.vn\/home\/wp-content\/uploads\/2020\/08\/publications.jpg\" alt=\"\" class=\"wp-image-1455\" style=\"border-radius:1rem\" srcset=\"https:\/\/sci.edu.vn\/home\/wp-content\/uploads\/2020\/08\/publications.jpg 1024w, https:\/\/sci.edu.vn\/home\/wp-content\/uploads\/2020\/08\/publications-300x94.jpg 300w, https:\/\/sci.edu.vn\/home\/wp-content\/uploads\/2020\/08\/publications-768x241.jpg 768w\" sizes=\"auto, (max-width: 1024px) 100vw, 1024px\" \/><\/figure>\n\n\n\n<h2 class=\"wp-block-heading has-text-align-center\"><strong>D\u01b0\u1edbi \u0111\u00e2y l\u00e0 c\u00e1c c\u00f4ng b\u1ed1 ch\u1ecdn l\u1ecdc c\u1ee7a Vi\u1ec7n T\u1ebf b\u00e0o g\u1ed1c t\u1eeb n\u0103m 2011<\/strong><\/h2>\n\n\n\n<details class=\"wp-block-details is-layout-flow wp-block-details-is-layout-flow\"><summary>2011<\/summary>\n<ul class=\"wp-block-list\">\n<li>Pham PV; Phan NL; Nguyen NT; Truong NH; Duong TT; Le DV; Truong KD; Phan NK, 2011. Differentiation of breast cancer stem cells by knockdown of CD44: promising differentiation therapy. &nbsp;J Transl Med 9:209<\/li>\n\n\n\n<li>Van Phuc P; Nhan PL; Nhung TH; Tam NT; Hoang NM; Tue VG; Thuy DT; Ngoc PK, 2011. Downregulation of CD44 reduces doxorubicin resistance of CD44CD24 breast cancer cells. &nbsp;Onco Targets Ther 4:71-8<\/li>\n\n\n\n<li>Ngoc PK; Phuc PV; Nhung TH; Thuy DT; Nguyet NT, 2011. Improving the efficacy of type 1 diabetes therapy by transplantation of immunoisolated insulin-producing cells. &nbsp;Hum Cell 24(2):86-95<\/li>\n\n\n\n<li>Phuc PV; Lam DH; Ngoc VB; Thu DT; Nguyet NT; Ngoc PK, 2011. Production of functional dendritic cells from menstrual blood&#8211;a new dendritic cell source for immune therapy. &nbsp;In Vitro Cell Dev Biol Anim 47(5-6):368-75<\/li>\n\n\n\n<li>Phuc PV; Nhung TH; Loan DT; Chung DC; Ngoc PK, 2011. Differentiating of banked human umbilical cord blood-derived mesenchymal stem cells into insulin-secreting cells. &nbsp;In Vitro Cell Dev Biol Anim 47(1):54-63<\/li>\n<\/ul>\n<\/details>\n\n\n\n<details class=\"wp-block-details is-layout-flow wp-block-details-is-layout-flow\"><summary>2012<\/summary>\n<ul class=\"wp-block-list\">\n<li>Van Pham P; Vu NB; Duong TT; Nguyen TT; Truong NH; Phan NL; Vuong TG; Pham VQ; Nguyen HM; Nguyen KT; Nguyen NT; Nguyen KG; Khat LT; Van Le D; Truong KD; Phan NK, 2012. Suppression of human breast tumors in NOD\/SCID mice by CD44 shRNA gene therapy combined with doxorubicin treatment. &nbsp;Onco Targets Ther 5:77-84<\/li>\n\n\n\n<li>Phuc PV; Ngoc VB; Lam DH; Tam NT; Viet PQ; Ngoc PK, 2012. Isolation of three important types of stem cells from the same samples of banked umbilical cord blood. &nbsp;Cell Tissue Bank 13(2):341-51<\/li>\n<\/ul>\n<\/details>\n\n\n\n<details class=\"wp-block-details is-layout-flow wp-block-details-is-layout-flow\"><summary>2013<\/summary>\n<ul class=\"wp-block-list\">\n<li>Van Pham P; Hong-Thien Bui K; Quoc Ngo D; Tan Khuat L; Kim Phan N, 2013. Transplantation of Nonexpanded Adipose Stromal Vascular Fraction and Platelet-Rich Plasma for Articular Cartilage Injury Treatment in Mice Model. &nbsp;J Med Eng 2013:832396<\/li>\n\n\n\n<li>Vu NB; Nguyen TT; Tran LC; Do CD; Nguyen BH; Phan NK; Pham PV, 2013. Doxorubicin and 5-fluorouracil resistant hepatic cancer cells demonstrate stem-like properties. &nbsp;Cytotechnology 65(4):491-503<\/li>\n<\/ul>\n<\/details>\n\n\n\n<details class=\"wp-block-details is-layout-flow wp-block-details-is-layout-flow\"><summary>2014<\/summary>\n<ul class=\"wp-block-list\">\n<li>Van Pham P; Thi-My Nguyen P; Thai-Quynh Nguyen A; Minh Pham V; Nguyen-Tu Bui A; Thi-Tung Dang L; Gia Nguyen K; Kim Phan N, 2014. Improved differentiation of umbilical cord blood-derived mesenchymal stem cells into insulin-producing cells by PDX-1 mRNA transfection. &nbsp;Differentiation 87(5):200-8<\/li>\n\n\n\n<li>Pham PV; Nguyen NT; Nguyen HM; Khuat LT; Le PM; Pham VQ; Nguyen ST; Phan NK, 2014. A simple in vitro method for evaluating dendritic cell-based vaccinations. &nbsp;Onco Targets Ther 7:1455-64<\/li>\n\n\n\n<li>Pham PV; Vu NB; Pham VM; Truong NH; Pham TL; Dang LT; Nguyen TT; Bui AN; Phan NK, 2014. Good manufacturing practice-compliant isolation and culture of human umbilical cord blood-derived mesenchymal stem cells. &nbsp;J Transl Med 12:56<\/li>\n\n\n\n<li>Van Pham P; Dang LT; Dinh UT; Truong HT; Huynh BN; Van Le D; Phan NK, 2014. In vitro evaluation of the effects of human umbilical cord extracts on human fibroblasts, keratinocytes, and melanocytes. &nbsp;In Vitro Cell Dev Biol Anim 50(4):321-30<\/li>\n<\/ul>\n<\/details>\n\n\n\n<details class=\"wp-block-details is-layout-flow wp-block-details-is-layout-flow\"><summary>2015<\/summary>\n<ul class=\"wp-block-list\">\n<li>Nhung TH; Nam NH; Nguyen NT; Nghia H; Van Thanh N; Ngoc PK; Van Pham P, 2015. A comparison of the chemical and liver extract-induced hepatic differentiation of adipose derived stem cells. &nbsp;In Vitro Cell Dev Biol Anim 51(10):1085-92<\/li>\n\n\n\n<li>Nguyen ST; Nguyen HL; Pham VQ; Nguyen GT; Tran CD; Phan NK; Pham PV, 2015. Targeting specificity of dendritic cells on breast cancer stem cells: in vitro and in vivo evaluations. &nbsp;Onco Targets Ther 8:323-34<\/li>\n\n\n\n<li>Van Pham P; Phan NK, 2015. Production of good manufacturing practice-grade human umbilical cord blood-derived mesenchymal stem cells for therapeutic use. &nbsp;Methods Mol Biol 1283:73-85<\/li>\n<\/ul>\n<\/details>\n\n\n\n<details class=\"wp-block-details is-layout-flow wp-block-details-is-layout-flow\"><summary>2016<\/summary>\n<ul class=\"wp-block-list\">\n<li>Pham TL; Nguyen TT; Van Bui A; Nguyen MT; Van Pham P, 2016. Fetal heart extract facilitates the differentiation of human umbilical cord blood-derived mesenchymal stem cells into heart muscle precursor cells. &nbsp;Cytotechnology 68(4):645-58<\/li>\n\n\n\n<li>Van Pham P; Truong NC; Le PT; Tran TD; Vu NB; Bui KH; Phan NK, 2016. Isolation and proliferation of umbilical cord tissue derived mesenchymal stem cells for clinical applications. &nbsp;Cell Tissue Bank 17(2):289-302<\/li>\n\n\n\n<li>Phan NL; Trinh NV; Pham PV, 2016. Low concentrations of 5-aza-2&#8242;-deoxycytidine induce breast cancer stem cell differentiation by triggering tumor suppressor gene expression. &nbsp;Onco Targets Ther 9:49-59<\/li>\n\n\n\n<li>Truong NH; Nguyen NH; Le TV; Vu NB; Huynh N; Nguyen TV; Le HM; Phan NK; Pham PV, 2016. Comparison of the Treatment Efficiency of Bone Marrow-Derived Mesenchymal Stem Cell Transplantation via Tail and Portal Veins in CCl4-Induced Mouse Liver Fibrosis. &nbsp;Stem Cells Int 2016:5720413<\/li>\n\n\n\n<li>Pham PV; Le HT; Vu BT; Pham VQ; Le PM; Phan NL; Trinh NV; Nguyen HT; Nguyen ST; Nguyen TL; Phan NK, 2016. Targeting breast cancer stem cells by dendritic cell vaccination in humanized mice with breast tumor: preliminary results. &nbsp;Onco Targets Ther 9:4441-51<\/li>\n<\/ul>\n<\/details>\n\n\n\n<details class=\"wp-block-details is-layout-flow wp-block-details-is-layout-flow\"><summary>2017<\/summary>\n<ul class=\"wp-block-list\">\n<li>Nguyen PD; Tran TD; Nguyen HT; Vu HT; Le PT; Phan NL; Vu NB; Phan NK; Van Pham P, 2017. Comparative Clinical Observation of Arthroscopic Microfracture in the Presence and Absence of a Stromal Vascular Fraction Injection for Osteoarthritis. &nbsp;Stem Cells Transl Med 6(1):187-195<\/li>\n\n\n\n<li>Van Pham P; Vu NB; Dao TT; Le HT; Phi LT; Phan NK, 2017. Production of endothelial progenitor cells from skin fibroblasts by direct reprogramming for clinical usages. &nbsp;In Vitro Cell Dev Biol Anim 53(3):207-216<\/li>\n\n\n\n<li>Ballini A; Boccaccio A; Saini R; Van Pham P; Tatullo M, 2017. Dental-Derived Stem Cells and Their Secretome and Interactions with Bioscaffolds\/Biomaterials in Regenerative Medicine: From the In Vitro Research to Translational Applications. &nbsp;Stem Cells Int 2017:6975251<\/li>\n\n\n\n<li>Van Pham P; Vu NB; Nguyen HT; Dao TT; Le HT; Phi LT; Nguyen OT; Phan NK, 2017. ETV-2 activated proliferation of endothelial cells and attenuated acute hindlimb ischemia in mice. &nbsp;In Vitro Cell Dev Biol Anim 53(7):616-625<\/li>\n\n\n\n<li>Van Pham P; Vu NB; Dao TT; Le HT; Phi LT; Huynh OT; Truong MT; Nguyen OT; Phan NK, 2017. Extracellular vesicles of ETV2 transfected fibroblasts stimulate endothelial cells and improve neovascularization in a murine model of hindlimb ischemia. &nbsp;Cytotechnology 69(5):801-814<\/li>\n<\/ul>\n<\/details>\n\n\n\n<details class=\"wp-block-details is-layout-flow wp-block-details-is-layout-flow\"><summary>2018<\/summary>\n<ul class=\"wp-block-list\">\n<li>Nguyen-Thi LH; Nguyen ST; Tran TP; Phan-Lu CN; The Van T; Van Pham P, 2018. Anti-cancer Effect of Xao Tam Phan Paramignya trimera Methanol Root Extract on Human Breast Cancer Cell Line MCF-7 in 3D Model. &nbsp;Adv Exp Med Biol.<\/li>\n\n\n\n<li>Dang LT; Bui AN; Le-Thanh Nguyen C; Truong NC; Bui AT; Kim NP; Truong KD; Van Pham P, 2018. Intravenous Infusion of Human Adipose Tissue-Derived Mesenchymal Stem Cells to Treat Type 1 Diabetic Mellitus in Mice: An Evaluation of Grafted Cell Doses. &nbsp;Adv Exp Med Biol 1083:145-156<\/li>\n\n\n\n<li>Vu NB; Le HT; Dao TT; Phi LT; Phan NK; Ta VT, 2018. Allogeneic Adipose-Derived Mesenchymal Stem Cell Transplantation Enhances the Expression of Angiogenic Factors in a Mouse Acute Hindlimb Ischemic Model. &nbsp;Adv Exp Med Biol 1083:1-17<\/li>\n<\/ul>\n<\/details>\n\n\n\n<details class=\"wp-block-details is-layout-flow wp-block-details-is-layout-flow\"><summary>2019<\/summary>\n<ul class=\"wp-block-list\">\n<li>Dao TT; Nguyen CT; Vu NB; Le HT; Nguyen PD; Van Pham P, 2019. Evaluation of Proliferation and Osteogenic Differentiation of Human Umbilical Cord-Derived Mesenchymal Stem Cells in Porous Scaffolds. &nbsp;Adv Exp Med Biol 1084:207-220<\/li>\n\n\n\n<li>Phan N; Hong JJ; Tofig B; Mapua M; Elashoff D; Moatamed NA; Huang J; Memarzadeh S; Damoiseaux R; Soragni A, 2019. A simple high-throughput approach identifies actionable drug sensitivities in patient-derived tumor organoids. &nbsp;Commun Biol 2:78<\/li>\n\n\n\n<li>Truong NC; Bui KH; Van Pham P, 2019. Characterization of Senescence of Human Adipose-Derived Stem Cells After Long-Term Expansion. &nbsp;Adv Exp Med Biol 1084:109-128<\/li>\n\n\n\n<li>Dao TT; Vu NB; Pham LH; Van Gia L; Le HT; Phi LT; Bui KH; Le PT; Van Pham P, 2019. In Vitro Production of Cartilage Tissue from Rabbit Bone Marrow-Derived Mesenchymal Stem Cells and Polycaprolactone Scaffold. &nbsp;Adv Exp Med Biol 1084:45-60<\/li>\n<\/ul>\n<\/details>\n\n\n\n<details class=\"wp-block-details is-layout-flow wp-block-details-is-layout-flow\"><summary>2020<\/summary>\n<ul class=\"wp-block-list\">\n<li>Pham PV; Nguyen ST; Phan NL; Do NM; Vo PH, 2020. Adipose-Derived Stem Cells Can Replace Fibroblasts as Cell Control for Anti-Tumor Screening Assay. &nbsp;Onco Targets Ther 13:6417-6423<\/li>\n\n\n\n<li>Van Nguyen TT; Vu VV; Pham PV, 2020. Transcriptional Factors of Thermogenic Adipocyte Development and Generation of Brown and Beige Adipocytes From Stem Cells. &nbsp;Stem Cell Rev Rep.<\/li>\n\n\n\n<li>Phan NL; Pham KD; Le Minh P; Nguyen MT; Kim NP; Truong KD; Van Pham P, 2020. Hopea odorata Extract Can Efficiently Kill Breast Cancer Cells and Cancer Stem-Like Cells in Three-Dimensional Culture More Than in Monolayer Cell Culture. &nbsp;Adv Exp Med Biol.<\/li>\n\n\n\n<li>Le Thi Bich P; Nguyen Thi H; Dang Ngo Chau H; Phan Van T; Do Q; Dong Khac H; Le Van D; Nguyen Huy L; Mai Cong K; Ta Ba T; Do Minh T; Vu Bich N; Truong Chau N; Van Pham P, 2020. Allogeneic umbilical cord-derived mesenchymal stem cell transplantation for treating chronic obstructive pulmonary disease: a pilot clinical study. &nbsp;Stem Cell Res Ther 11(1):60<\/li>\n\n\n\n<li>Do HQ; Luong AB; Bonazza D; Bottin C; Doan TP; Tran LD; Truong NH; Tell G; Pham HL; Tiribelli C; Sukowati CH, 2020. Differential capacity of CD90+ cells in autophagy activation following chemotherapy in hepatocellular carcinoma. &nbsp;Ann Hepatol.<\/li>\n<\/ul>\n<\/details>\n\n\n\n<p>\u0110\u1ec3 xem t\u1ea5t c\u1ea3 c\u00e1c c\u00f4ng b\u1ed1 c\u1ee7a Vi\u1ec7n, xin vui l\u00f2ng truy c\u1eadp v\u00e0o Science Gate t\u1ea1i \u0111\u00e2y: <a href=\"https:\/\/sciencegate.sci.edu.vn\/\">https:\/\/sciencegate.sci.edu.vn\/<\/a><\/p>\n\n\n\n<figure class=\"wp-block-image size-full has-custom-border\"><a href=\"http:\/\/sciencegate.sci.edu.vn\/\"><img loading=\"lazy\" decoding=\"async\" width=\"1510\" height=\"195\" src=\"https:\/\/sci.edu.vn\/home\/wp-content\/uploads\/2020\/08\/sciencegate.png\" alt=\"\" class=\"wp-image-1458\" style=\"border-radius:1rem\" srcset=\"https:\/\/sci.edu.vn\/home\/wp-content\/uploads\/2020\/08\/sciencegate.png 1510w, https:\/\/sci.edu.vn\/home\/wp-content\/uploads\/2020\/08\/sciencegate-300x39.png 300w, https:\/\/sci.edu.vn\/home\/wp-content\/uploads\/2020\/08\/sciencegate-1024x132.png 1024w, https:\/\/sci.edu.vn\/home\/wp-content\/uploads\/2020\/08\/sciencegate-768x99.png 768w\" sizes=\"auto, (max-width: 1510px) 100vw, 1510px\" \/><\/a><\/figure>\n<\/div>\n<\/div>\n","protected":false},"excerpt":{"rendered":"<p>D\u01b0\u1edbi \u0111\u00e2y l\u00e0 c\u00e1c c\u00f4ng b\u1ed1 ch\u1ecdn l\u1ecdc c\u1ee7a Vi\u1ec7n T\u1ebf b\u00e0o g\u1ed1c t\u1eeb n\u0103m 2011 \u0110\u1ec3 xem t\u1ea5t c\u1ea3 c\u00e1c c\u00f4ng b\u1ed1 c\u1ee7a Vi\u1ec7n, xin vui l\u00f2ng truy c\u1eadp v\u00e0o Science Gate t\u1ea1i \u0111\u00e2y: https:\/\/sciencegate.sci.edu.vn\/<\/p>\n","protected":false},"author":1,"featured_media":0,"parent":4137,"menu_order":0,"comment_status":"closed","ping_status":"closed","template":"full-width","meta":{"advanced_seo_description":"","jetpack_seo_html_title":"","jetpack_seo_noindex":false,"footnotes":""},"class_list":["post-718","page","type-page","status-publish","hentry"],"jetpack_sharing_enabled":true,"_links":{"self":[{"href":"https:\/\/sci.edu.vn\/home\/wp-json\/wp\/v2\/pages\/718","targetHints":{"allow":["GET"]}}],"collection":[{"href":"https:\/\/sci.edu.vn\/home\/wp-json\/wp\/v2\/pages"}],"about":[{"href":"https:\/\/sci.edu.vn\/home\/wp-json\/wp\/v2\/types\/page"}],"author":[{"embeddable":true,"href":"https:\/\/sci.edu.vn\/home\/wp-json\/wp\/v2\/users\/1"}],"replies":[{"embeddable":true,"href":"https:\/\/sci.edu.vn\/home\/wp-json\/wp\/v2\/comments?post=718"}],"version-history":[{"count":10,"href":"https:\/\/sci.edu.vn\/home\/wp-json\/wp\/v2\/pages\/718\/revisions"}],"predecessor-version":[{"id":4171,"href":"https:\/\/sci.edu.vn\/home\/wp-json\/wp\/v2\/pages\/718\/revisions\/4171"}],"up":[{"embeddable":true,"href":"https:\/\/sci.edu.vn\/home\/wp-json\/wp\/v2\/pages\/4137"}],"wp:attachment":[{"href":"https:\/\/sci.edu.vn\/home\/wp-json\/wp\/v2\/media?parent=718"}],"curies":[{"name":"wp","href":"https:\/\/api.w.org\/{rel}","templated":true}]}}