{"id":736,"date":"2020-03-10T03:39:39","date_gmt":"2020-03-10T03:39:39","guid":{"rendered":"http:\/\/new.vientebaogoc.edu.vn\/?page_id=736"},"modified":"2024-12-19T01:24:27","modified_gmt":"2024-12-18T18:24:27","slug":"brochure-san-pham","status":"publish","type":"page","link":"https:\/\/sci.edu.vn\/home\/san-pham\/brochure-san-pham\/","title":{"rendered":"Brochure s\u1ea3n ph\u1ea9m"},"content":{"rendered":"\n<div class=\"wp-block-group alignwide has-global-padding is-layout-constrained wp-block-group-is-layout-constrained\">\n<div class=\"wp-block-group alignwide is-layout-grid wp-container-core-group-is-layout-6056aaf6 wp-block-group-is-layout-grid\">\n<div class=\"wp-block-group has-background has-global-padding is-layout-constrained wp-container-core-group-is-layout-a35945ca wp-block-group-is-layout-constrained\" style=\"border-radius:1rem;background-color:#00a9ff0f;padding-top:var(--wp--preset--spacing--30);padding-right:var(--wp--preset--spacing--30);padding-bottom:var(--wp--preset--spacing--30);padding-left:var(--wp--preset--spacing--30)\">\n<h2 class=\"wp-block-heading has-text-align-center\">5PRP<\/h2>\n\n\n\n<figure class=\"wp-block-image aligncenter size-large is-resized\"><a href=\"https:\/\/sci.edu.vn\/home\/wp-content\/uploads\/2020\/09\/5PRP-update-26.02.20.pdf\" target=\"_blank\" rel=\"noopener noreferrer\"><img loading=\"lazy\" decoding=\"async\" width=\"2592\" height=\"2560\" src=\"https:\/\/sci.edu.vn\/home\/wp-content\/uploads\/2023\/05\/prp-tube.png\" alt=\"\" class=\"wp-image-2719\" style=\"width:256px\"\/><\/a><\/figure>\n<\/div>\n\n\n\n<div class=\"wp-block-group has-background has-global-padding is-layout-constrained wp-container-core-group-is-layout-a35945ca wp-block-group-is-layout-constrained\" style=\"border-radius:1rem;background-color:#00a9ff0f;padding-top:var(--wp--preset--spacing--30);padding-right:var(--wp--preset--spacing--30);padding-bottom:var(--wp--preset--spacing--30);padding-left:var(--wp--preset--spacing--30)\">\n<h2 class=\"wp-block-heading has-text-align-center\">S\u1ea3n xu\u1ea5t t\u1ebf b\u00e0o g\u1ed1c trung m\u00f4<\/h2>\n\n\n\n<figure class=\"wp-block-image aligncenter size-full is-resized\"><a href=\"https:\/\/sci.edu.vn\/home\/wp-content\/uploads\/2023\/07\/Catalog-MSC.pdf\" target=\"_blank\" rel=\"noopener noreferrer\"><img loading=\"lazy\" decoding=\"async\" width=\"795\" height=\"662\" src=\"https:\/\/sci.edu.vn\/home\/wp-content\/uploads\/2023\/07\/image-10.png\" alt=\"\" class=\"wp-image-2859\" style=\"width:256px\" srcset=\"https:\/\/sci.edu.vn\/home\/wp-content\/uploads\/2023\/07\/image-10.png 795w, https:\/\/sci.edu.vn\/home\/wp-content\/uploads\/2023\/07\/image-10-300x250.png 300w, https:\/\/sci.edu.vn\/home\/wp-content\/uploads\/2023\/07\/image-10-768x640.png 768w\" sizes=\"auto, (max-width: 795px) 100vw, 795px\" \/><\/a><\/figure>\n<\/div>\n\n\n\n<div class=\"wp-block-group has-background has-global-padding is-layout-constrained wp-container-core-group-is-layout-a35945ca wp-block-group-is-layout-constrained\" style=\"border-radius:1rem;background-color:#00a9ff0f;padding-top:var(--wp--preset--spacing--30);padding-right:var(--wp--preset--spacing--30);padding-bottom:var(--wp--preset--spacing--30);padding-left:var(--wp--preset--spacing--30)\">\n<h2 class=\"wp-block-heading has-text-align-center\">Huy\u1ebft t\u01b0\u01a1ng gi\u00e0u ti\u1ec3u c\u1ea7u<\/h2>\n\n\n\n<figure class=\"wp-block-image aligncenter size-full is-resized\"><a href=\"https:\/\/sci.edu.vn\/home\/wp-content\/uploads\/2023\/07\/Catalog-PRP.pdf\" target=\"_blank\" rel=\"noopener noreferrer\"><img loading=\"lazy\" decoding=\"async\" width=\"800\" height=\"813\" src=\"https:\/\/sci.edu.vn\/home\/wp-content\/uploads\/2023\/07\/image-11.png\" alt=\"\" class=\"wp-image-2860\" style=\"width:256px\" srcset=\"https:\/\/sci.edu.vn\/home\/wp-content\/uploads\/2023\/07\/image-11.png 800w, https:\/\/sci.edu.vn\/home\/wp-content\/uploads\/2023\/07\/image-11-295x300.png 295w, https:\/\/sci.edu.vn\/home\/wp-content\/uploads\/2023\/07\/image-11-768x780.png 768w\" sizes=\"auto, (max-width: 800px) 100vw, 800px\" \/><\/a><\/figure>\n<\/div>\n\n\n\n<div class=\"wp-block-group has-background has-global-padding is-layout-constrained wp-container-core-group-is-layout-a35945ca wp-block-group-is-layout-constrained\" style=\"border-radius:1rem;background-color:#00a9ff0f;padding-top:var(--wp--preset--spacing--30);padding-right:var(--wp--preset--spacing--30);padding-bottom:var(--wp--preset--spacing--30);padding-left:var(--wp--preset--spacing--30)\">\n<h2 class=\"wp-block-heading has-text-align-center\">C\u00f4ng ngh\u1ec7 s\u1ea3n xu\u1ea5t Exosome<\/h2>\n\n\n\n<figure class=\"wp-block-image aligncenter size-full is-resized\"><a href=\"https:\/\/sci.edu.vn\/home\/wp-content\/uploads\/2023\/07\/Exo-sci-catalog-VI.pdf\" target=\"_blank\" rel=\"noopener noreferrer\"><img loading=\"lazy\" decoding=\"async\" width=\"789\" height=\"472\" src=\"https:\/\/sci.edu.vn\/home\/wp-content\/uploads\/2023\/07\/image-12.png\" alt=\"\" class=\"wp-image-2861\" style=\"width:256px\" srcset=\"https:\/\/sci.edu.vn\/home\/wp-content\/uploads\/2023\/07\/image-12.png 789w, https:\/\/sci.edu.vn\/home\/wp-content\/uploads\/2023\/07\/image-12-300x179.png 300w, https:\/\/sci.edu.vn\/home\/wp-content\/uploads\/2023\/07\/image-12-768x459.png 768w\" sizes=\"auto, (max-width: 789px) 100vw, 789px\" \/><\/a><\/figure>\n<\/div>\n\n\n\n<div class=\"wp-block-group has-background has-global-padding is-layout-constrained wp-container-core-group-is-layout-a35945ca wp-block-group-is-layout-constrained\" style=\"border-radius:1rem;background-color:#00a9ff0f;padding-top:var(--wp--preset--spacing--30);padding-right:var(--wp--preset--spacing--30);padding-bottom:var(--wp--preset--spacing--30);padding-left:var(--wp--preset--spacing--30)\">\n<h2 class=\"wp-block-heading has-text-align-center\">C\u00f4ng ngh\u1ec7 s\u1ea3n xu\u1ea5t t\u1ebf b\u00e0o mi\u1ec5n d\u1ecbch<\/h2>\n\n\n\n<figure class=\"wp-block-image aligncenter size-full is-resized\"><a href=\"https:\/\/sci.edu.vn\/home\/wp-content\/uploads\/2023\/07\/CNSX-T\u1ebf-b\u00e0o-mi\u1ec5n-d\u1ecbch-VI.pdf\" target=\"_blank\" rel=\"noopener noreferrer\"><img loading=\"lazy\" decoding=\"async\" width=\"640\" height=\"773\" src=\"https:\/\/sci.edu.vn\/home\/wp-content\/uploads\/2023\/07\/image-13.png\" alt=\"\" class=\"wp-image-2862\" style=\"width:256px\" srcset=\"https:\/\/sci.edu.vn\/home\/wp-content\/uploads\/2023\/07\/image-13.png 640w, https:\/\/sci.edu.vn\/home\/wp-content\/uploads\/2023\/07\/image-13-248x300.png 248w\" sizes=\"auto, (max-width: 640px) 100vw, 640px\" \/><\/a><\/figure>\n<\/div>\n\n\n\n<div class=\"wp-block-group has-background has-global-padding is-layout-constrained wp-container-core-group-is-layout-a35945ca wp-block-group-is-layout-constrained\" style=\"border-radius:1rem;background-color:#00a9ff0f;padding-top:var(--wp--preset--spacing--30);padding-right:var(--wp--preset--spacing--30);padding-bottom:var(--wp--preset--spacing--30);padding-left:var(--wp--preset--spacing--30)\">\n<h2 class=\"wp-block-heading has-text-align-center\">Kh\u00f3a \u0111\u00e0o t\u1ea1o FCM<\/h2>\n\n\n\n<figure class=\"wp-block-image aligncenter size-full is-resized\"><a href=\"https:\/\/sci.edu.vn\/home\/wp-content\/uploads\/2021\/11\/FCM-English.pdf\" target=\"_blank\" rel=\"noopener noreferrer\"><img loading=\"lazy\" decoding=\"async\" width=\"653\" height=\"809\" src=\"https:\/\/sci.edu.vn\/home\/wp-content\/uploads\/2022\/12\/FCM.png\" alt=\"\" class=\"wp-image-2480\" style=\"width:256px\" srcset=\"https:\/\/sci.edu.vn\/home\/wp-content\/uploads\/2022\/12\/FCM.png 653w, https:\/\/sci.edu.vn\/home\/wp-content\/uploads\/2022\/12\/FCM-242x300.png 242w\" sizes=\"auto, (max-width: 653px) 100vw, 653px\" \/><\/a><\/figure>\n<\/div>\n<\/div>\n\n\n\n<div class=\"wp-block-group has-global-padding is-layout-constrained wp-block-group-is-layout-constrained\">\n<div class=\"wp-block-buttons is-content-justification-center is-layout-flex wp-container-core-buttons-is-layout-a89b3969 wp-block-buttons-is-layout-flex\">\n<div class=\"wp-block-button\"><a class=\"wp-block-button__link wp-element-button\" href=\"https:\/\/biomedmart.com.vn\/\" target=\"_blank\" rel=\"noreferrer noopener\">C\u1ed5ng th\u00f4ng tin s\u1ea3n ph\u1ea9m<\/a><\/div>\n<\/div>\n<\/div>\n<\/div>\n","protected":false},"excerpt":{"rendered":"<p>5PRP S\u1ea3n xu\u1ea5t t\u1ebf b\u00e0o g\u1ed1c trung m\u00f4 Huy\u1ebft t\u01b0\u01a1ng gi\u00e0u ti\u1ec3u c\u1ea7u C\u00f4ng ngh\u1ec7 s\u1ea3n xu\u1ea5t Exosome C\u00f4ng ngh\u1ec7 s\u1ea3n xu\u1ea5t t\u1ebf b\u00e0o mi\u1ec5n d\u1ecbch Kh\u00f3a \u0111\u00e0o t\u1ea1o FCM<\/p>\n","protected":false},"author":1,"featured_media":0,"parent":732,"menu_order":0,"comment_status":"closed","ping_status":"closed","template":"full-width","meta":{"advanced_seo_description":"","jetpack_seo_html_title":"","jetpack_seo_noindex":false,"footnotes":""},"class_list":["post-736","page","type-page","status-publish","hentry"],"jetpack_sharing_enabled":true,"_links":{"self":[{"href":"https:\/\/sci.edu.vn\/home\/wp-json\/wp\/v2\/pages\/736","targetHints":{"allow":["GET"]}}],"collection":[{"href":"https:\/\/sci.edu.vn\/home\/wp-json\/wp\/v2\/pages"}],"about":[{"href":"https:\/\/sci.edu.vn\/home\/wp-json\/wp\/v2\/types\/page"}],"author":[{"embeddable":true,"href":"https:\/\/sci.edu.vn\/home\/wp-json\/wp\/v2\/users\/1"}],"replies":[{"embeddable":true,"href":"https:\/\/sci.edu.vn\/home\/wp-json\/wp\/v2\/comments?post=736"}],"version-history":[{"count":24,"href":"https:\/\/sci.edu.vn\/home\/wp-json\/wp\/v2\/pages\/736\/revisions"}],"predecessor-version":[{"id":4788,"href":"https:\/\/sci.edu.vn\/home\/wp-json\/wp\/v2\/pages\/736\/revisions\/4788"}],"up":[{"embeddable":true,"href":"https:\/\/sci.edu.vn\/home\/wp-json\/wp\/v2\/pages\/732"}],"wp:attachment":[{"href":"https:\/\/sci.edu.vn\/home\/wp-json\/wp\/v2\/media?parent=736"}],"curies":[{"name":"wp","href":"https:\/\/api.w.org\/{rel}","templated":true}]}}