{"id":742,"date":"2020-03-10T03:40:46","date_gmt":"2020-03-10T03:40:46","guid":{"rendered":"http:\/\/new.vientebaogoc.edu.vn\/?page_id=742"},"modified":"2025-03-08T07:13:20","modified_gmt":"2025-03-08T00:13:20","slug":"thong-bao-cho-sinh-vien-hoc-vien","status":"publish","type":"page","link":"https:\/\/sci.edu.vn\/home\/dao-tao\/thong-bao-cho-sinh-vien-hoc-vien\/","title":{"rendered":"Th\u00f4ng b\u00e1o cho Sinh vi\u00ean \/ H\u1ecdc vi\u00ean"},"content":{"rendered":"\n<div class=\"wp-block-group alignwide has-global-padding is-layout-constrained wp-block-group-is-layout-constrained\">\n<div class=\"wp-block-group alignwide has-global-padding is-layout-constrained wp-block-group-is-layout-constrained\">\n<div class=\"wp-block-query alignwide is-layout-flow wp-block-query-is-layout-flow\"><ul class=\"wp-block-post-template is-layout-flow wp-block-post-template-is-layout-flow\"><li class=\"wp-block-post post-5182 post type-post status-publish format-standard has-post-thumbnail hentry category-thong-bao-sv-hv\">\n\n<div class=\"wp-block-columns alignwide is-layout-flex wp-container-core-columns-is-layout-28f84493 wp-block-columns-is-layout-flex\">\n<div class=\"wp-block-column is-style-default is-layout-flow wp-block-column-is-layout-flow\" style=\"flex-basis:40%\"><figure style=\"aspect-ratio:auto;\" class=\"wp-block-post-featured-image\"><a href=\"https:\/\/sci.edu.vn\/home\/blog\/2025\/08\/15\/thong-bao-v-v-tuyen-sinh-thuc-hien-khoa-luan-cu-nhan-luan-van-thac-si-dot-3-nam-2025\/\" target=\"_self\"  ><img loading=\"lazy\" decoding=\"async\" width=\"5556\" height=\"2779\" src=\"https:\/\/sci.edu.vn\/home\/wp-content\/uploads\/2022\/08\/tin-tuc.png\" class=\"attachment-post-thumbnail size-post-thumbnail wp-post-image\" alt=\"Th\u00f4ng b\u00e1o V\/v tuy\u1ec3n sinh th\u1ef1c hi\u1ec7n Kho\u00e1 lu\u1eadn C\u1eed nh\u00e2n, Lu\u1eadn v\u0103n Th\u1ea1c s\u0129 \u0111\u1ee3t 3 n\u0103m 2025\" style=\"border-radius:1rem;width:100%;height:100%;object-fit:contain;\" srcset=\"https:\/\/sci.edu.vn\/home\/wp-content\/uploads\/2022\/08\/tin-tuc.png 5556w, https:\/\/sci.edu.vn\/home\/wp-content\/uploads\/2022\/08\/tin-tuc-300x150.png 300w, https:\/\/sci.edu.vn\/home\/wp-content\/uploads\/2022\/08\/tin-tuc-1024x512.png 1024w, https:\/\/sci.edu.vn\/home\/wp-content\/uploads\/2022\/08\/tin-tuc-768x384.png 768w, https:\/\/sci.edu.vn\/home\/wp-content\/uploads\/2022\/08\/tin-tuc-1536x768.png 1536w, https:\/\/sci.edu.vn\/home\/wp-content\/uploads\/2022\/08\/tin-tuc-2048x1024.png 2048w\" sizes=\"auto, (max-width: 5556px) 100vw, 5556px\" \/><\/a><\/figure><\/div>\n\n\n\n<div class=\"wp-block-column is-layout-flow wp-block-column-is-layout-flow\"><h2 class=\"wp-block-post-title has-large-font-size\"><a href=\"https:\/\/sci.edu.vn\/home\/blog\/2025\/08\/15\/thong-bao-v-v-tuyen-sinh-thuc-hien-khoa-luan-cu-nhan-luan-van-thac-si-dot-3-nam-2025\/\" target=\"_self\" >Th\u00f4ng b\u00e1o V\/v tuy\u1ec3n sinh th\u1ef1c hi\u1ec7n Kho\u00e1 lu\u1eadn C\u1eed nh\u00e2n, Lu\u1eadn v\u0103n Th\u1ea1c s\u0129 \u0111\u1ee3t 3 n\u0103m 2025<\/a><\/h2>\n\n<div class=\"wp-block-post-excerpt has-medium-font-size\"><p class=\"wp-block-post-excerpt__excerpt\">Th\u1ef1c hi\u1ec7n k\u1ebf ho\u1ea1ch nghi\u00ean c\u1ee9u v\u00e0 \u0111\u00e0o t\u1ea1o c\u1ee7a Vi\u1ec7n T\u1ebf b\u00e0o g\u1ed1c n\u0103m h\u1ecdc 2025, c\u00e1c nh\u00f3m nghi\u00ean c\u1ee9u thu\u1ed9c Vi\u1ec7n T\u1ebf b\u00e0o g\u1ed1c, Tr\u01b0\u1eddng \u0110\u1ea1i h\u1ecdc Khoa h\u1ecdc t\u1ef1 nhi\u00ean, \u0110HQG-HCM t\u1ed5 ch\u1ee9c tuy\u1ec3n sinh c\u1eed nh\u00e2n, h\u1ecdc vi\u00ean cao h\u1ecdc tham gia c\u00e1c \u0111\u1ec1 t\u00e0i d\u1ef1 \u00e1n do Vi\u1ec7n T\u1ebf b\u00e0o&hellip; <\/p><\/div><\/div>\n<\/div>\n\n<\/li><li class=\"wp-block-post post-5089 post type-post status-publish format-standard has-post-thumbnail hentry category-thong-bao-sv-hv\">\n\n<div class=\"wp-block-columns alignwide is-layout-flex wp-container-core-columns-is-layout-28f84493 wp-block-columns-is-layout-flex\">\n<div class=\"wp-block-column is-style-default is-layout-flow wp-block-column-is-layout-flow\" style=\"flex-basis:40%\"><figure style=\"aspect-ratio:auto;\" class=\"wp-block-post-featured-image\"><a href=\"https:\/\/sci.edu.vn\/home\/blog\/2025\/06\/21\/thong-bao-tuyen-sinh-thuc-hien-khoa-luan-cu-nhan-dot-2-nam-2025\/\" target=\"_self\"  ><img loading=\"lazy\" decoding=\"async\" width=\"5556\" height=\"2779\" src=\"https:\/\/sci.edu.vn\/home\/wp-content\/uploads\/2022\/08\/tin-tuc.png\" class=\"attachment-post-thumbnail size-post-thumbnail wp-post-image\" alt=\"Th\u00f4ng b\u00e1o tuy\u1ec3n sinh th\u1ef1c hi\u1ec7n Kh\u00f3a lu\u1eadn C\u1eed nh\u00e2n \u0111\u1ee3t 2 n\u0103m 2025\" style=\"border-radius:1rem;width:100%;height:100%;object-fit:contain;\" srcset=\"https:\/\/sci.edu.vn\/home\/wp-content\/uploads\/2022\/08\/tin-tuc.png 5556w, https:\/\/sci.edu.vn\/home\/wp-content\/uploads\/2022\/08\/tin-tuc-300x150.png 300w, https:\/\/sci.edu.vn\/home\/wp-content\/uploads\/2022\/08\/tin-tuc-1024x512.png 1024w, https:\/\/sci.edu.vn\/home\/wp-content\/uploads\/2022\/08\/tin-tuc-768x384.png 768w, https:\/\/sci.edu.vn\/home\/wp-content\/uploads\/2022\/08\/tin-tuc-1536x768.png 1536w, https:\/\/sci.edu.vn\/home\/wp-content\/uploads\/2022\/08\/tin-tuc-2048x1024.png 2048w\" sizes=\"auto, (max-width: 5556px) 100vw, 5556px\" \/><\/a><\/figure><\/div>\n\n\n\n<div class=\"wp-block-column is-layout-flow wp-block-column-is-layout-flow\"><h2 class=\"wp-block-post-title has-large-font-size\"><a href=\"https:\/\/sci.edu.vn\/home\/blog\/2025\/06\/21\/thong-bao-tuyen-sinh-thuc-hien-khoa-luan-cu-nhan-dot-2-nam-2025\/\" target=\"_self\" >Th\u00f4ng b\u00e1o tuy\u1ec3n sinh th\u1ef1c hi\u1ec7n Kh\u00f3a lu\u1eadn C\u1eed nh\u00e2n \u0111\u1ee3t 2 n\u0103m 2025<\/a><\/h2>\n\n<div class=\"wp-block-post-excerpt has-medium-font-size\"><p class=\"wp-block-post-excerpt__excerpt\">Th\u1ef1c hi\u1ec7n k\u1ebf ho\u1ea1ch nghi\u00ean c\u1ee9u v\u00e0 \u0111\u00e0o t\u1ea1o n\u0103m h\u1ecdc 2025, Vi\u1ec7n T\u1ebf b\u00e0o g\u1ed1c t\u1ed5 ch\u1ee9c tuy\u1ec3n sinh nh\u00e2n s\u1ef1 tham gia c\u00e1c \u0111\u1ec1 t\u00e0i, d\u1ef1 \u00e1n thu\u1ed9c c\u00e1c nh\u00f3m nghi\u00ean c\u1ee9u do Vi\u1ec7n T\u1ebf b\u00e0o g\u1ed1c ch\u1ee7 tr\u00ec v\u1edbi n\u1ed9i dung c\u1ee5 th\u1ec3 nh\u01b0 sau: 1. \u0110\u1ed1i t\u01b0\u1ee3ng tuy\u1ec3n sinh Sinh vi\u00ean,&hellip; <\/p><\/div><\/div>\n<\/div>\n\n<\/li><li class=\"wp-block-post post-4994 post type-post status-publish format-standard has-post-thumbnail hentry category-ban-tin category-thong-bao-sv-hv\">\n\n<div class=\"wp-block-columns alignwide is-layout-flex wp-container-core-columns-is-layout-28f84493 wp-block-columns-is-layout-flex\">\n<div class=\"wp-block-column is-style-default is-layout-flow wp-block-column-is-layout-flow\" style=\"flex-basis:40%\"><figure style=\"aspect-ratio:auto;\" class=\"wp-block-post-featured-image\"><a href=\"https:\/\/sci.edu.vn\/home\/blog\/2025\/03\/05\/thong-bao-tuyen-sinh-thuc-hien-khoa-luan-cu-nhan-luan-van-thac-si-dot-1-nam-2025\/\" target=\"_self\"  ><img loading=\"lazy\" decoding=\"async\" width=\"6912\" height=\"9216\" src=\"https:\/\/sci.edu.vn\/home\/wp-content\/uploads\/2025\/03\/tuyen-sinh-01.2025.png\" class=\"attachment-post-thumbnail size-post-thumbnail wp-post-image\" alt=\"TH\u00d4NG B\u00c1O TUY\u1ec2N SINH TH\u1ef0C HI\u1ec6N KHO\u00c1 LU\u1eacN C\u1eec NH\u00c2N, LU\u1eacN V\u0102N TH\u1ea0C S\u0128 \u0110\u1ee2T 1 N\u0102M 2025\" style=\"border-radius:1rem;width:100%;height:100%;object-fit:contain;\" srcset=\"https:\/\/sci.edu.vn\/home\/wp-content\/uploads\/2025\/03\/tuyen-sinh-01.2025.png 6912w, https:\/\/sci.edu.vn\/home\/wp-content\/uploads\/2025\/03\/tuyen-sinh-01.2025-225x300.png 225w, https:\/\/sci.edu.vn\/home\/wp-content\/uploads\/2025\/03\/tuyen-sinh-01.2025-768x1024.png 768w, https:\/\/sci.edu.vn\/home\/wp-content\/uploads\/2025\/03\/tuyen-sinh-01.2025-1152x1536.png 1152w, https:\/\/sci.edu.vn\/home\/wp-content\/uploads\/2025\/03\/tuyen-sinh-01.2025-1536x2048.png 1536w\" sizes=\"auto, (max-width: 6912px) 100vw, 6912px\" \/><\/a><\/figure><\/div>\n\n\n\n<div class=\"wp-block-column is-layout-flow wp-block-column-is-layout-flow\"><h2 class=\"wp-block-post-title has-large-font-size\"><a href=\"https:\/\/sci.edu.vn\/home\/blog\/2025\/03\/05\/thong-bao-tuyen-sinh-thuc-hien-khoa-luan-cu-nhan-luan-van-thac-si-dot-1-nam-2025\/\" target=\"_self\" >TH\u00d4NG B\u00c1O TUY\u1ec2N SINH TH\u1ef0C HI\u1ec6N KHO\u00c1 LU\u1eacN C\u1eec NH\u00c2N, LU\u1eacN V\u0102N TH\u1ea0C S\u0128 \u0110\u1ee2T 1 N\u0102M 2025<\/a><\/h2>\n\n<div class=\"wp-block-post-excerpt has-medium-font-size\"><p class=\"wp-block-post-excerpt__excerpt\">Th\u1ef1c hi\u1ec7n k\u1ebf ho\u1ea1ch nghi\u00ean c\u1ee9u v\u00e0 \u0111\u00e0o t\u1ea1o c\u1ee7a Vi\u1ec7n T\u1ebf b\u00e0o g\u1ed1c n\u0103m h\u1ecdc 2025, c\u00e1c nh\u00f3m nghi\u00ean c\u1ee9u thu\u1ed9c Vi\u1ec7n T\u1ebf b\u00e0o g\u1ed1c, Tr\u01b0\u1eddng \u0110\u1ea1i h\u1ecdc Khoa h\u1ecdc t\u1ef1 nhi\u00ean, \u0110HQG-HCM t\u1ed5 ch\u1ee9c tuy\u1ec3n sinh c\u1eed nh\u00e2n, h\u1ecdc vi\u00ean cao h\u1ecdc tham gia c\u00e1c \u0111\u1ec1 t\u00e0i d\u1ef1 \u00e1n do Vi\u1ec7n T\u1ebf b\u00e0o&hellip; <\/p><\/div><\/div>\n<\/div>\n\n<\/li><\/ul>\n\n<\/div>\n<\/div>\n<\/div>\n","protected":false},"excerpt":{"rendered":"","protected":false},"author":1,"featured_media":0,"parent":4224,"menu_order":0,"comment_status":"closed","ping_status":"closed","template":"full-width","meta":{"advanced_seo_description":"","jetpack_seo_html_title":"","jetpack_seo_noindex":false,"footnotes":""},"class_list":["post-742","page","type-page","status-publish","hentry"],"jetpack_sharing_enabled":true,"_links":{"self":[{"href":"https:\/\/sci.edu.vn\/home\/wp-json\/wp\/v2\/pages\/742","targetHints":{"allow":["GET"]}}],"collection":[{"href":"https:\/\/sci.edu.vn\/home\/wp-json\/wp\/v2\/pages"}],"about":[{"href":"https:\/\/sci.edu.vn\/home\/wp-json\/wp\/v2\/types\/page"}],"author":[{"embeddable":true,"href":"https:\/\/sci.edu.vn\/home\/wp-json\/wp\/v2\/users\/1"}],"replies":[{"embeddable":true,"href":"https:\/\/sci.edu.vn\/home\/wp-json\/wp\/v2\/comments?post=742"}],"version-history":[{"count":18,"href":"https:\/\/sci.edu.vn\/home\/wp-json\/wp\/v2\/pages\/742\/revisions"}],"predecessor-version":[{"id":5079,"href":"https:\/\/sci.edu.vn\/home\/wp-json\/wp\/v2\/pages\/742\/revisions\/5079"}],"up":[{"embeddable":true,"href":"https:\/\/sci.edu.vn\/home\/wp-json\/wp\/v2\/pages\/4224"}],"wp:attachment":[{"href":"https:\/\/sci.edu.vn\/home\/wp-json\/wp\/v2\/media?parent=742"}],"curies":[{"name":"wp","href":"https:\/\/api.w.org\/{rel}","templated":true}]}}